{"id":824,"date":"2019-01-04T10:38:42","date_gmt":"2019-01-04T09:38:42","guid":{"rendered":"https:\/\/falsterbobirdshow.com\/?page_id=824"},"modified":"2019-02-18T12:56:26","modified_gmt":"2019-02-18T11:56:26","slug":"batumi-raptor-count","status":"publish","type":"page","link":"https:\/\/falsterbobirdshow.com\/en\/fagelskydd\/batumi-raptor-count\/","title":{"rendered":"Batumi Raptor Count"},"content":{"rendered":"\t\t<div data-elementor-type=\"wp-post\" data-elementor-id=\"824\" class=\"elementor elementor-824 elementor-bc-flex-widget\" data-elementor-post-type=\"page\">\n\t\t\t\t\t\t<section data-particle_enable=\"false\" data-particle-mobile-disabled=\"false\" class=\"elementor-section elementor-top-section elementor-element elementor-element-5c3e25a elementor-section-boxed elementor-section-height-default elementor-section-height-default\" data-id=\"5c3e25a\" data-element_type=\"section\" data-e-type=\"section\" data-settings=\"{&quot;jet_parallax_layout_list&quot;:[{&quot;jet_parallax_layout_image&quot;:{&quot;url&quot;:&quot;&quot;,&quot;id&quot;:&quot;&quot;,&quot;size&quot;:&quot;&quot;},&quot;_id&quot;:&quot;b2ba304&quot;,&quot;jet_parallax_layout_speed&quot;:{&quot;unit&quot;:&quot;%&quot;,&quot;size&quot;:50,&quot;sizes&quot;:[]},&quot;jet_parallax_layout_type&quot;:&quot;scroll&quot;,&quot;jet_parallax_layout_z_index&quot;:&quot;&quot;,&quot;jet_parallax_layout_bg_x&quot;:50,&quot;jet_parallax_layout_bg_y&quot;:50,&quot;jet_parallax_layout_bg_size&quot;:&quot;auto&quot;,&quot;jet_parallax_layout_animation_prop&quot;:&quot;transform&quot;,&quot;jet_parallax_layout_on&quot;:[&quot;desktop&quot;,&quot;tablet&quot;],&quot;jet_parallax_layout_image_tablet&quot;:{&quot;url&quot;:&quot;&quot;,&quot;id&quot;:&quot;&quot;,&quot;size&quot;:&quot;&quot;},&quot;jet_parallax_layout_image_mobile&quot;:{&quot;url&quot;:&quot;&quot;,&quot;id&quot;:&quot;&quot;,&quot;size&quot;:&quot;&quot;},&quot;jet_parallax_layout_direction&quot;:&quot;1&quot;,&quot;jet_parallax_layout_fx_direction&quot;:null,&quot;jet_parallax_layout_bg_x_tablet&quot;:&quot;&quot;,&quot;jet_parallax_layout_bg_x_mobile&quot;:&quot;&quot;,&quot;jet_parallax_layout_bg_y_tablet&quot;:&quot;&quot;,&quot;jet_parallax_layout_bg_y_mobile&quot;:&quot;&quot;,&quot;jet_parallax_layout_bg_size_tablet&quot;:&quot;&quot;,&quot;jet_parallax_layout_bg_size_mobile&quot;:&quot;&quot;}]}\">\n\t\t\t\t\t\t<div class=\"elementor-container elementor-column-gap-default\">\n\t\t\t\t\t<div class=\"elementor-column elementor-col-100 elementor-top-column elementor-element elementor-element-344d89b\" data-id=\"344d89b\" data-element_type=\"column\" data-e-type=\"column\">\n\t\t\t<div class=\"elementor-widget-wrap elementor-element-populated\">\n\t\t\t\t\t\t<div class=\"elementor-element elementor-element-2638434 elementor-widget elementor-widget-image\" data-id=\"2638434\" data-element_type=\"widget\" data-e-type=\"widget\" data-widget_type=\"image.default\">\n\t\t\t\t<div class=\"elementor-widget-container\">\n\t\t\t\t\t\t\t\t\t\t\t\t\t\t\t\t<a href=\"https:\/\/www.batumiraptorcount.org\/\">\n\t\t\t\t\t\t\t<img fetchpriority=\"high\" decoding=\"async\" width=\"1024\" height=\"768\" src=\"https:\/\/falsterbobirdshow.com\/wp-content\/uploads\/sites\/42\/2019\/02\/batumi-1024x768.jpg\" class=\"attachment-large size-large wp-image-956\" alt=\"\" srcset=\"https:\/\/falsterbobirdshow.com\/wp-content\/uploads\/sites\/42\/2019\/02\/batumi-1024x768.jpg 1024w, https:\/\/falsterbobirdshow.com\/wp-content\/uploads\/sites\/42\/2019\/02\/batumi-300x225.jpg 300w, https:\/\/falsterbobirdshow.com\/wp-content\/uploads\/sites\/42\/2019\/02\/batumi-768x576.jpg 768w, https:\/\/falsterbobirdshow.com\/wp-content\/uploads\/sites\/42\/2019\/02\/batumi.jpg 1500w\" sizes=\"(max-width: 1024px) 100vw, 1024px\" \/>\t\t\t\t\t\t\t\t<\/a>\n\t\t\t\t\t\t\t\t\t\t\t\t\t\t\t<\/div>\n\t\t\t\t<\/div>\n\t\t\t\t\t<\/div>\n\t\t<\/div>\n\t\t\t\t\t<\/div>\n\t\t<\/section>\n\t\t\t\t<section data-particle_enable=\"false\" data-particle-mobile-disabled=\"false\" class=\"elementor-section elementor-top-section elementor-element elementor-element-dbe9415 elementor-section-boxed elementor-section-height-default elementor-section-height-default\" data-id=\"dbe9415\" data-element_type=\"section\" data-e-type=\"section\" data-settings=\"{&quot;jet_parallax_layout_list&quot;:[{&quot;jet_parallax_layout_image&quot;:{&quot;url&quot;:&quot;&quot;,&quot;id&quot;:&quot;&quot;,&quot;size&quot;:&quot;&quot;},&quot;_id&quot;:&quot;e2dcb4d&quot;,&quot;jet_parallax_layout_speed&quot;:{&quot;unit&quot;:&quot;%&quot;,&quot;size&quot;:50,&quot;sizes&quot;:[]},&quot;jet_parallax_layout_type&quot;:&quot;scroll&quot;,&quot;jet_parallax_layout_z_index&quot;:&quot;&quot;,&quot;jet_parallax_layout_bg_x&quot;:50,&quot;jet_parallax_layout_bg_y&quot;:50,&quot;jet_parallax_layout_bg_size&quot;:&quot;auto&quot;,&quot;jet_parallax_layout_animation_prop&quot;:&quot;transform&quot;,&quot;jet_parallax_layout_on&quot;:[&quot;desktop&quot;,&quot;tablet&quot;],&quot;jet_parallax_layout_image_tablet&quot;:{&quot;url&quot;:&quot;&quot;,&quot;id&quot;:&quot;&quot;,&quot;size&quot;:&quot;&quot;},&quot;jet_parallax_layout_image_mobile&quot;:{&quot;url&quot;:&quot;&quot;,&quot;id&quot;:&quot;&quot;,&quot;size&quot;:&quot;&quot;},&quot;jet_parallax_layout_direction&quot;:&quot;1&quot;,&quot;jet_parallax_layout_fx_direction&quot;:null,&quot;jet_parallax_layout_bg_x_tablet&quot;:&quot;&quot;,&quot;jet_parallax_layout_bg_x_mobile&quot;:&quot;&quot;,&quot;jet_parallax_layout_bg_y_tablet&quot;:&quot;&quot;,&quot;jet_parallax_layout_bg_y_mobile&quot;:&quot;&quot;,&quot;jet_parallax_layout_bg_size_tablet&quot;:&quot;&quot;,&quot;jet_parallax_layout_bg_size_mobile&quot;:&quot;&quot;}]}\">\n\t\t\t\t\t\t<div class=\"elementor-container elementor-column-gap-default\">\n\t\t\t\t\t<div class=\"elementor-column elementor-col-100 elementor-top-column elementor-element elementor-element-3e30bc0\" data-id=\"3e30bc0\" data-element_type=\"column\" data-e-type=\"column\">\n\t\t\t<div class=\"elementor-widget-wrap elementor-element-populated\">\n\t\t\t\t\t\t<div class=\"elementor-element elementor-element-005855b elementor-widget elementor-widget-text-editor\" data-id=\"005855b\" data-element_type=\"widget\" data-e-type=\"widget\" data-widget_type=\"text-editor.default\">\n\t\t\t\t<div class=\"elementor-widget-container\">\n\t\t\t\t\t\t\t\t\t<p>F\u00f6r att l\u00e4sa om Batumi Raptor Count och deras arbete, bes\u00f6k deras hemsida:<\/p><p>\u00a0<\/p><p><a href=\"https:\/\/www.batumiraptorcount.org\/\">www.batumiraptorcount.org<\/a><\/p>\t\t\t\t\t\t\t\t<\/div>\n\t\t\t\t<\/div>\n\t\t\t\t\t<\/div>\n\t\t<\/div>\n\t\t\t\t\t<\/div>\n\t\t<\/section>\n\t\t\t\t<\/div>\n\t\t","protected":false},"excerpt":{"rendered":"<p>F\u00f6r att l\u00e4sa om Batumi Raptor Count och deras arbete, bes\u00f6k deras hemsida: \u00a0 www.batumiraptorcount.org<\/p>","protected":false},"author":21,"featured_media":0,"parent":754,"menu_order":0,"comment_status":"closed","ping_status":"closed","template":"templates\/page-right.php","meta":{"_acf_changed":false,"inline_featured_image":false,"footnotes":""},"class_list":["post-824","page","type-page","status-publish","hentry"],"acf":[],"yoast_head":"<!-- This site is optimized with the Yoast SEO plugin v27.4 - https:\/\/yoast.com\/product\/yoast-seo-wordpress\/ -->\n<title>Batumi Raptor Count - Falsterbo Bird Show<\/title>\n<meta name=\"robots\" content=\"index, follow, max-snippet:-1, max-image-preview:large, max-video-preview:-1\" \/>\n<link rel=\"canonical\" href=\"https:\/\/falsterbobirdshow.com\/en\/fagelskydd\/batumi-raptor-count\/\" \/>\n<meta property=\"og:locale\" content=\"en_GB\" \/>\n<meta property=\"og:type\" content=\"article\" \/>\n<meta property=\"og:title\" content=\"Batumi Raptor Count - Falsterbo Bird Show\" \/>\n<meta property=\"og:description\" content=\"F\u00f6r att l\u00e4sa om Batumi Raptor Count och deras arbete, bes\u00f6k deras hemsida: \u00a0 www.batumiraptorcount.org\" \/>\n<meta property=\"og:url\" content=\"https:\/\/falsterbobirdshow.com\/en\/fagelskydd\/batumi-raptor-count\/\" \/>\n<meta property=\"og:site_name\" content=\"Falsterbo Bird Show\" \/>\n<meta property=\"article:modified_time\" content=\"2019-02-18T11:56:26+00:00\" \/>\n<meta property=\"og:image\" content=\"https:\/\/falsterbobirdshow.com\/wp-content\/uploads\/sites\/42\/2019\/02\/batumi-1024x768.jpg\" \/>\n<meta name=\"twitter:card\" content=\"summary_large_image\" \/>\n<script type=\"application\/ld+json\" class=\"yoast-schema-graph\">{\"@context\":\"https:\\\/\\\/schema.org\",\"@graph\":[{\"@type\":\"WebPage\",\"@id\":\"https:\\\/\\\/falsterbobirdshow.com\\\/fagelskydd\\\/batumi-raptor-count\\\/\",\"url\":\"https:\\\/\\\/falsterbobirdshow.com\\\/fagelskydd\\\/batumi-raptor-count\\\/\",\"name\":\"Batumi Raptor Count - Falsterbo Bird Show\",\"isPartOf\":{\"@id\":\"https:\\\/\\\/falsterbobirdshow.com\\\/#website\"},\"primaryImageOfPage\":{\"@id\":\"https:\\\/\\\/falsterbobirdshow.com\\\/fagelskydd\\\/batumi-raptor-count\\\/#primaryimage\"},\"image\":{\"@id\":\"https:\\\/\\\/falsterbobirdshow.com\\\/fagelskydd\\\/batumi-raptor-count\\\/#primaryimage\"},\"thumbnailUrl\":\"https:\\\/\\\/falsterbobirdshow.com\\\/wp-content\\\/uploads\\\/sites\\\/42\\\/2019\\\/02\\\/batumi-1024x768.jpg\",\"datePublished\":\"2019-01-04T09:38:42+00:00\",\"dateModified\":\"2019-02-18T11:56:26+00:00\",\"breadcrumb\":{\"@id\":\"https:\\\/\\\/falsterbobirdshow.com\\\/fagelskydd\\\/batumi-raptor-count\\\/#breadcrumb\"},\"inLanguage\":\"en-GB\",\"potentialAction\":[{\"@type\":\"ReadAction\",\"target\":[\"https:\\\/\\\/falsterbobirdshow.com\\\/fagelskydd\\\/batumi-raptor-count\\\/\"]}]},{\"@type\":\"ImageObject\",\"inLanguage\":\"en-GB\",\"@id\":\"https:\\\/\\\/falsterbobirdshow.com\\\/fagelskydd\\\/batumi-raptor-count\\\/#primaryimage\",\"url\":\"https:\\\/\\\/falsterbobirdshow.com\\\/wp-content\\\/uploads\\\/sites\\\/42\\\/2019\\\/02\\\/batumi-1024x768.jpg\",\"contentUrl\":\"https:\\\/\\\/falsterbobirdshow.com\\\/wp-content\\\/uploads\\\/sites\\\/42\\\/2019\\\/02\\\/batumi-1024x768.jpg\"},{\"@type\":\"BreadcrumbList\",\"@id\":\"https:\\\/\\\/falsterbobirdshow.com\\\/fagelskydd\\\/batumi-raptor-count\\\/#breadcrumb\",\"itemListElement\":[{\"@type\":\"ListItem\",\"position\":1,\"name\":\"Home\",\"item\":\"https:\\\/\\\/falsterbobirdshow.com\\\/\"},{\"@type\":\"ListItem\",\"position\":2,\"name\":\"F\u00e5gelskydd\",\"item\":\"https:\\\/\\\/falsterbobirdshow.com\\\/fagelskydd\\\/\"},{\"@type\":\"ListItem\",\"position\":3,\"name\":\"Batumi Raptor Count\"}]},{\"@type\":\"WebSite\",\"@id\":\"https:\\\/\\\/falsterbobirdshow.com\\\/#website\",\"url\":\"https:\\\/\\\/falsterbobirdshow.com\\\/\",\"name\":\"Falsterbo Bird Show\",\"description\":\"Falsterbo Bird Show 30 aug \u2013 1 Sep\",\"publisher\":{\"@id\":\"https:\\\/\\\/falsterbobirdshow.com\\\/#organization\"},\"potentialAction\":[{\"@type\":\"SearchAction\",\"target\":{\"@type\":\"EntryPoint\",\"urlTemplate\":\"https:\\\/\\\/falsterbobirdshow.com\\\/?s={search_term_string}\"},\"query-input\":{\"@type\":\"PropertyValueSpecification\",\"valueRequired\":true,\"valueName\":\"search_term_string\"}}],\"inLanguage\":\"en-GB\"},{\"@type\":\"Organization\",\"@id\":\"https:\\\/\\\/falsterbobirdshow.com\\\/#organization\",\"name\":\"Falsterbo Bird Show\",\"url\":\"https:\\\/\\\/falsterbobirdshow.com\\\/\",\"logo\":{\"@type\":\"ImageObject\",\"inLanguage\":\"en-GB\",\"@id\":\"https:\\\/\\\/falsterbobirdshow.com\\\/#\\\/schema\\\/logo\\\/image\\\/\",\"url\":\"https:\\\/\\\/cdn.birdlife.se\\\/wp-content\\\/uploads\\\/sites\\\/42\\\/2024\\\/02\\\/FBS-logo-rund-bla.png\",\"contentUrl\":\"https:\\\/\\\/cdn.birdlife.se\\\/wp-content\\\/uploads\\\/sites\\\/42\\\/2024\\\/02\\\/FBS-logo-rund-bla.png\",\"width\":1160,\"height\":1160,\"caption\":\"Falsterbo Bird Show\"},\"image\":{\"@id\":\"https:\\\/\\\/falsterbobirdshow.com\\\/#\\\/schema\\\/logo\\\/image\\\/\"}}]}<\/script>\n<!-- \/ Yoast SEO plugin. -->","yoast_head_json":{"title":"Batumi Raptor Count - Falsterbo Bird Show","robots":{"index":"index","follow":"follow","max-snippet":"max-snippet:-1","max-image-preview":"max-image-preview:large","max-video-preview":"max-video-preview:-1"},"canonical":"https:\/\/falsterbobirdshow.com\/en\/fagelskydd\/batumi-raptor-count\/","og_locale":"en_GB","og_type":"article","og_title":"Batumi Raptor Count - Falsterbo Bird Show","og_description":"F\u00f6r att l\u00e4sa om Batumi Raptor Count och deras arbete, bes\u00f6k deras hemsida: \u00a0 www.batumiraptorcount.org","og_url":"https:\/\/falsterbobirdshow.com\/en\/fagelskydd\/batumi-raptor-count\/","og_site_name":"Falsterbo Bird Show","article_modified_time":"2019-02-18T11:56:26+00:00","og_image":[{"url":"https:\/\/falsterbobirdshow.com\/wp-content\/uploads\/sites\/42\/2019\/02\/batumi-1024x768.jpg","type":"","width":"","height":""}],"twitter_card":"summary_large_image","schema":{"@context":"https:\/\/schema.org","@graph":[{"@type":"WebPage","@id":"https:\/\/falsterbobirdshow.com\/fagelskydd\/batumi-raptor-count\/","url":"https:\/\/falsterbobirdshow.com\/fagelskydd\/batumi-raptor-count\/","name":"Batumi Raptor Count - Falsterbo Bird Show","isPartOf":{"@id":"https:\/\/falsterbobirdshow.com\/#website"},"primaryImageOfPage":{"@id":"https:\/\/falsterbobirdshow.com\/fagelskydd\/batumi-raptor-count\/#primaryimage"},"image":{"@id":"https:\/\/falsterbobirdshow.com\/fagelskydd\/batumi-raptor-count\/#primaryimage"},"thumbnailUrl":"https:\/\/falsterbobirdshow.com\/wp-content\/uploads\/sites\/42\/2019\/02\/batumi-1024x768.jpg","datePublished":"2019-01-04T09:38:42+00:00","dateModified":"2019-02-18T11:56:26+00:00","breadcrumb":{"@id":"https:\/\/falsterbobirdshow.com\/fagelskydd\/batumi-raptor-count\/#breadcrumb"},"inLanguage":"en-GB","potentialAction":[{"@type":"ReadAction","target":["https:\/\/falsterbobirdshow.com\/fagelskydd\/batumi-raptor-count\/"]}]},{"@type":"ImageObject","inLanguage":"en-GB","@id":"https:\/\/falsterbobirdshow.com\/fagelskydd\/batumi-raptor-count\/#primaryimage","url":"https:\/\/falsterbobirdshow.com\/wp-content\/uploads\/sites\/42\/2019\/02\/batumi-1024x768.jpg","contentUrl":"https:\/\/falsterbobirdshow.com\/wp-content\/uploads\/sites\/42\/2019\/02\/batumi-1024x768.jpg"},{"@type":"BreadcrumbList","@id":"https:\/\/falsterbobirdshow.com\/fagelskydd\/batumi-raptor-count\/#breadcrumb","itemListElement":[{"@type":"ListItem","position":1,"name":"Home","item":"https:\/\/falsterbobirdshow.com\/"},{"@type":"ListItem","position":2,"name":"F\u00e5gelskydd","item":"https:\/\/falsterbobirdshow.com\/fagelskydd\/"},{"@type":"ListItem","position":3,"name":"Batumi Raptor Count"}]},{"@type":"WebSite","@id":"https:\/\/falsterbobirdshow.com\/#website","url":"https:\/\/falsterbobirdshow.com\/","name":"Falsterbo Bird Show","description":"Falsterbo Bird Show 30 aug \u2013 1 Sep","publisher":{"@id":"https:\/\/falsterbobirdshow.com\/#organization"},"potentialAction":[{"@type":"SearchAction","target":{"@type":"EntryPoint","urlTemplate":"https:\/\/falsterbobirdshow.com\/?s={search_term_string}"},"query-input":{"@type":"PropertyValueSpecification","valueRequired":true,"valueName":"search_term_string"}}],"inLanguage":"en-GB"},{"@type":"Organization","@id":"https:\/\/falsterbobirdshow.com\/#organization","name":"Falsterbo Bird Show","url":"https:\/\/falsterbobirdshow.com\/","logo":{"@type":"ImageObject","inLanguage":"en-GB","@id":"https:\/\/falsterbobirdshow.com\/#\/schema\/logo\/image\/","url":"https:\/\/cdn.birdlife.se\/wp-content\/uploads\/sites\/42\/2024\/02\/FBS-logo-rund-bla.png","contentUrl":"https:\/\/cdn.birdlife.se\/wp-content\/uploads\/sites\/42\/2024\/02\/FBS-logo-rund-bla.png","width":1160,"height":1160,"caption":"Falsterbo Bird Show"},"image":{"@id":"https:\/\/falsterbobirdshow.com\/#\/schema\/logo\/image\/"}}]}},"_links":{"self":[{"href":"https:\/\/falsterbobirdshow.com\/en\/wp-json\/wp\/v2\/pages\/824","targetHints":{"allow":["GET"]}}],"collection":[{"href":"https:\/\/falsterbobirdshow.com\/en\/wp-json\/wp\/v2\/pages"}],"about":[{"href":"https:\/\/falsterbobirdshow.com\/en\/wp-json\/wp\/v2\/types\/page"}],"author":[{"embeddable":true,"href":"https:\/\/falsterbobirdshow.com\/en\/wp-json\/wp\/v2\/users\/21"}],"replies":[{"embeddable":true,"href":"https:\/\/falsterbobirdshow.com\/en\/wp-json\/wp\/v2\/comments?post=824"}],"version-history":[{"count":3,"href":"https:\/\/falsterbobirdshow.com\/en\/wp-json\/wp\/v2\/pages\/824\/revisions"}],"predecessor-version":[{"id":957,"href":"https:\/\/falsterbobirdshow.com\/en\/wp-json\/wp\/v2\/pages\/824\/revisions\/957"}],"up":[{"embeddable":true,"href":"https:\/\/falsterbobirdshow.com\/en\/wp-json\/wp\/v2\/pages\/754"}],"wp:attachment":[{"href":"https:\/\/falsterbobirdshow.com\/en\/wp-json\/wp\/v2\/media?parent=824"}],"curies":[{"name":"wp","href":"https:\/\/api.w.org\/{rel}","templated":true}]}}