{"id":752,"date":"2019-01-03T14:49:51","date_gmt":"2019-01-03T13:49:51","guid":{"rendered":"https:\/\/falsterbobirdshow.com\/?page_id=752"},"modified":"2025-05-05T13:29:46","modified_gmt":"2025-05-05T11:29:46","slug":"inbjudan","status":"publish","type":"page","link":"https:\/\/falsterbobirdshow.com\/en\/naturpedagogik\/inbjudan\/","title":{"rendered":"Invitation"},"content":{"rendered":"\t\t<div data-elementor-type=\"wp-post\" data-elementor-id=\"752\" class=\"elementor elementor-752\" data-elementor-post-type=\"page\">\n\t\t\t\t\t\t<section data-particle_enable=\"false\" data-particle-mobile-disabled=\"false\" class=\"elementor-section elementor-top-section elementor-element elementor-element-a401973 elementor-section-boxed elementor-section-height-default elementor-section-height-default\" data-id=\"a401973\" data-element_type=\"section\" data-e-type=\"section\" data-settings=\"{&quot;jet_parallax_layout_list&quot;:[{&quot;jet_parallax_layout_image&quot;:{&quot;url&quot;:&quot;&quot;,&quot;id&quot;:&quot;&quot;,&quot;size&quot;:&quot;&quot;},&quot;_id&quot;:&quot;8b42db9&quot;,&quot;jet_parallax_layout_speed&quot;:{&quot;unit&quot;:&quot;%&quot;,&quot;size&quot;:&quot;50&quot;,&quot;sizes&quot;:[]},&quot;jet_parallax_layout_image_tablet&quot;:{&quot;url&quot;:&quot;&quot;,&quot;id&quot;:&quot;&quot;,&quot;size&quot;:&quot;&quot;},&quot;jet_parallax_layout_image_mobile&quot;:{&quot;url&quot;:&quot;&quot;,&quot;id&quot;:&quot;&quot;,&quot;size&quot;:&quot;&quot;},&quot;jet_parallax_layout_type&quot;:&quot;scroll&quot;,&quot;jet_parallax_layout_direction&quot;:&quot;1&quot;,&quot;jet_parallax_layout_fx_direction&quot;:null,&quot;jet_parallax_layout_z_index&quot;:&quot;&quot;,&quot;jet_parallax_layout_bg_x&quot;:50,&quot;jet_parallax_layout_bg_x_tablet&quot;:&quot;&quot;,&quot;jet_parallax_layout_bg_x_mobile&quot;:&quot;&quot;,&quot;jet_parallax_layout_bg_y&quot;:50,&quot;jet_parallax_layout_bg_y_tablet&quot;:&quot;&quot;,&quot;jet_parallax_layout_bg_y_mobile&quot;:&quot;&quot;,&quot;jet_parallax_layout_bg_size&quot;:&quot;auto&quot;,&quot;jet_parallax_layout_bg_size_tablet&quot;:&quot;&quot;,&quot;jet_parallax_layout_bg_size_mobile&quot;:&quot;&quot;,&quot;jet_parallax_layout_animation_prop&quot;:&quot;transform&quot;,&quot;jet_parallax_layout_on&quot;:[&quot;desktop&quot;,&quot;tablet&quot;]}]}\">\n\t\t\t\t\t\t<div class=\"elementor-container elementor-column-gap-default\">\n\t\t\t\t\t<div class=\"elementor-column elementor-col-100 elementor-top-column elementor-element elementor-element-1f973a6\" data-id=\"1f973a6\" data-element_type=\"column\" data-e-type=\"column\">\n\t\t\t<div class=\"elementor-widget-wrap elementor-element-populated\">\n\t\t\t\t\t\t<div class=\"elementor-element elementor-element-4c6591b elementor-widget elementor-widget-heading\" data-id=\"4c6591b\" data-element_type=\"widget\" data-e-type=\"widget\" data-widget_type=\"heading.default\">\n\t\t\t\t<div class=\"elementor-widget-container\">\n\t\t\t\t\t<h2 class=\"elementor-heading-title elementor-size-default\">Inbjudan till Falsterbo Bird Shows naturpedagogiska dagar, m\u00e5ndagen 1\/9 \u2013 torsdagen 4\/9 2025 kl. 9.30\u201313.00<\/h2>\t\t\t\t<\/div>\n\t\t\t\t<\/div>\n\t\t\t\t\t<\/div>\n\t\t<\/div>\n\t\t\t\t\t<\/div>\n\t\t<\/section>\n\t\t\t\t<section data-particle_enable=\"false\" data-particle-mobile-disabled=\"false\" class=\"elementor-section elementor-top-section elementor-element elementor-element-3a3b4b8 elementor-section-boxed elementor-section-height-default elementor-section-height-default\" data-id=\"3a3b4b8\" data-element_type=\"section\" data-e-type=\"section\" data-settings=\"{&quot;jet_parallax_layout_list&quot;:[{&quot;jet_parallax_layout_image&quot;:{&quot;url&quot;:&quot;&quot;,&quot;id&quot;:&quot;&quot;,&quot;size&quot;:&quot;&quot;},&quot;_id&quot;:&quot;d267e0b&quot;,&quot;jet_parallax_layout_speed&quot;:{&quot;unit&quot;:&quot;%&quot;,&quot;size&quot;:&quot;50&quot;,&quot;sizes&quot;:[]},&quot;jet_parallax_layout_image_tablet&quot;:{&quot;url&quot;:&quot;&quot;,&quot;id&quot;:&quot;&quot;,&quot;size&quot;:&quot;&quot;},&quot;jet_parallax_layout_image_mobile&quot;:{&quot;url&quot;:&quot;&quot;,&quot;id&quot;:&quot;&quot;,&quot;size&quot;:&quot;&quot;},&quot;jet_parallax_layout_type&quot;:&quot;scroll&quot;,&quot;jet_parallax_layout_direction&quot;:&quot;1&quot;,&quot;jet_parallax_layout_fx_direction&quot;:null,&quot;jet_parallax_layout_z_index&quot;:&quot;&quot;,&quot;jet_parallax_layout_bg_x&quot;:50,&quot;jet_parallax_layout_bg_x_tablet&quot;:&quot;&quot;,&quot;jet_parallax_layout_bg_x_mobile&quot;:&quot;&quot;,&quot;jet_parallax_layout_bg_y&quot;:50,&quot;jet_parallax_layout_bg_y_tablet&quot;:&quot;&quot;,&quot;jet_parallax_layout_bg_y_mobile&quot;:&quot;&quot;,&quot;jet_parallax_layout_bg_size&quot;:&quot;auto&quot;,&quot;jet_parallax_layout_bg_size_tablet&quot;:&quot;&quot;,&quot;jet_parallax_layout_bg_size_mobile&quot;:&quot;&quot;,&quot;jet_parallax_layout_animation_prop&quot;:&quot;transform&quot;,&quot;jet_parallax_layout_on&quot;:[&quot;desktop&quot;,&quot;tablet&quot;]}]}\">\n\t\t\t\t\t\t<div class=\"elementor-container elementor-column-gap-default\">\n\t\t\t\t\t<div class=\"elementor-column elementor-col-50 elementor-top-column elementor-element elementor-element-a8f6a08\" data-id=\"a8f6a08\" data-element_type=\"column\" data-e-type=\"column\">\n\t\t\t<div class=\"elementor-widget-wrap elementor-element-populated\">\n\t\t\t\t\t\t<div class=\"elementor-element elementor-element-915049d elementor-widget elementor-widget-text-editor\" data-id=\"915049d\" data-element_type=\"widget\" data-e-type=\"widget\" data-widget_type=\"text-editor.default\">\n\t\t\t\t<div class=\"elementor-widget-container\">\n\t\t\t\t\t\t\t\t\t<p>V\u00e4lkomna <strong>att anm\u00e4la er till de kostnadsfria Naturpedagogiska dagarna som anordnas av Birdlife Sverige, Sk\u00e5nes ornitologiska f\u00f6rening, Vellinge kommun samt Svenskt Friluftsliv.<\/strong><\/p><p>\u00a0<\/p><p><strong>N\u00e4r:<\/strong> m\u00e5ndag 1\/9 till torsdagen 4\/9 2025 kl 9:30-13:00<\/p><p>\u00a0<\/p><p><strong>Var:<\/strong> tidigare Naturum Falsterbo, strandbadsv\u00e4gen 30<\/p><p>\u00a0<\/p><p><strong>Anm\u00e4lan:<\/strong> skola@falsterbobirdshow.com, ange antal barn, \u00e5lder<\/p><p>och \u00f6nskad veckodag. Om m\u00f6jligt planerar vi in er den dag ni \u00f6nskar.<\/p><p>\u00a0<\/p><p><strong>Restips:<\/strong> v\u00e4lj Sk\u00e5ne trafikens busslinje 300 mot Falsterbo och \u00e5k<\/p><p>till \u00e4ndh\u00e5llplatsen Falsterbo strandbad.<\/p><p>Dessa kostnadsfria naturpedagogiska dagar anordnas av Naturl\u00e4nken \u2013 BirdLife Sverige, Sk\u00e5nes Ornitologiska F\u00f6rening samt Vellinge kommun.Skolklasser fr\u00e5n grundskola och fritidhem inbjuds att delta i naturpedagogiska aktiviteter. Det inneb\u00e4r tv\u00e5 aktiviteter p\u00e5 f\u00f6rmiddagen, ett lunchuppeh\u00e5ll och d\u00e4refter tv\u00e5 efter lunch. Er skola bes\u00f6ker oss under EN av dagarna.<\/p><p>\u00a0<\/p><p><strong>OBS! Begr\u00e4nsat antal platser! F\u00f6rst till kvarn g\u00e4ller.<\/strong><\/p><p>\u00a0<\/p><p>Ett axplock ur det prelimin\u00e4ra programmet f\u00f6r Falsterbo Bird Shows Barn naturpedagogiska dagar 2025:<\/p><ul><li>Ringm\u00e4rkningsvisning<\/li><li>Kikarskola<\/li><li>F\u00e5gelbingo<\/li><li>Fr\u00f6n och fr\u00f6spridning<\/li><li>H\u00e5vning i havet<\/li><li>Sm\u00e5kryp i naturen<\/li><li>Naturtipsrunda<\/li><li>L\u00e4r dig f\u00e5gell\u00e4ten<\/li><li>Bli en djursp\u00e5rsdetektiv<\/li><li>Springmemory<\/li><\/ul><p>V\u00e4lkomna!<\/p><p>\u00a0<\/p><p>H\u00e4lsar Anette Barr<br \/>ansvarig f\u00f6r de naturpedagogiska aktiviteterna vid Falsterbo Bird Show och projektledare f\u00f6r Naturl\u00e4nken<\/p><p>\u00a0<\/p><p>Bes\u00f6k g\u00e4rna v\u00e5r nya hemsida!<\/p><p><a href=\"http:\/\/naturlanken.birdlife.se\">naturlanken.birdlife.se<\/a><\/p>\t\t\t\t\t\t\t\t<\/div>\n\t\t\t\t<\/div>\n\t\t\t\t\t<\/div>\n\t\t<\/div>\n\t\t\t\t<div class=\"elementor-column elementor-col-50 elementor-top-column elementor-element elementor-element-8ff955b\" data-id=\"8ff955b\" data-element_type=\"column\" data-e-type=\"column\">\n\t\t\t<div class=\"elementor-widget-wrap elementor-element-populated\">\n\t\t\t\t\t\t<div class=\"elementor-element elementor-element-92ad5fd elementor-widget elementor-widget-image\" data-id=\"92ad5fd\" data-element_type=\"widget\" data-e-type=\"widget\" data-widget_type=\"image.default\">\n\t\t\t\t<div class=\"elementor-widget-container\">\n\t\t\t\t\t\t\t\t\t\t\t\t\t\t\t<img fetchpriority=\"high\" decoding=\"async\" width=\"1024\" height=\"683\" src=\"https:\/\/falsterbobirdshow.com\/wp-content\/uploads\/sites\/42\/2018\/10\/fbs-2018-13-1024x683.jpg\" class=\"attachment-large size-large wp-image-708\" alt=\"\" srcset=\"https:\/\/falsterbobirdshow.com\/wp-content\/uploads\/sites\/42\/2018\/10\/fbs-2018-13.jpg 1024w, https:\/\/falsterbobirdshow.com\/wp-content\/uploads\/sites\/42\/2018\/10\/fbs-2018-13-300x200.jpg 300w, https:\/\/falsterbobirdshow.com\/wp-content\/uploads\/sites\/42\/2018\/10\/fbs-2018-13-768x512.jpg 768w, https:\/\/falsterbobirdshow.com\/wp-content\/uploads\/sites\/42\/2018\/10\/fbs-2018-13-645x430.jpg 645w\" sizes=\"(max-width: 1024px) 100vw, 1024px\" \/>\t\t\t\t\t\t\t\t\t\t\t\t\t\t\t<\/div>\n\t\t\t\t<\/div>\n\t\t\t\t<div class=\"elementor-element elementor-element-fc6a4de elementor-widget elementor-widget-image\" data-id=\"fc6a4de\" data-element_type=\"widget\" data-e-type=\"widget\" data-widget_type=\"image.default\">\n\t\t\t\t<div class=\"elementor-widget-container\">\n\t\t\t\t\t\t\t\t\t\t\t\t\t\t\t<img decoding=\"async\" width=\"900\" height=\"600\" src=\"https:\/\/falsterbobirdshow.com\/wp-content\/uploads\/sites\/42\/2019\/02\/Fbs-2018-3-900.jpg\" class=\"attachment-large size-large wp-image-927\" alt=\"\" srcset=\"https:\/\/falsterbobirdshow.com\/wp-content\/uploads\/sites\/42\/2019\/02\/Fbs-2018-3-900.jpg 900w, https:\/\/falsterbobirdshow.com\/wp-content\/uploads\/sites\/42\/2019\/02\/Fbs-2018-3-900-300x200.jpg 300w, https:\/\/falsterbobirdshow.com\/wp-content\/uploads\/sites\/42\/2019\/02\/Fbs-2018-3-900-768x512.jpg 768w, https:\/\/falsterbobirdshow.com\/wp-content\/uploads\/sites\/42\/2019\/02\/Fbs-2018-3-900-645x430.jpg 645w\" sizes=\"(max-width: 900px) 100vw, 900px\" \/>\t\t\t\t\t\t\t\t\t\t\t\t\t\t\t<\/div>\n\t\t\t\t<\/div>\n\t\t\t\t\t<\/div>\n\t\t<\/div>\n\t\t\t\t\t<\/div>\n\t\t<\/section>\n\t\t\t\t<\/div>\n\t\t","protected":false},"excerpt":{"rendered":"<p>Inbjudan till Falsterbo Bird Shows naturpedagogiska dagar, m\u00e5ndagen 1\/9 \u2013 torsdagen 4\/9 2025 kl. 9.30\u201313.00 V\u00e4lkomna att anm\u00e4la er till de kostnadsfria Naturpedagogiska dagarna som anordnas av Birdlife Sverige, Sk\u00e5nes [&hellip;]<\/p>\n","protected":false},"author":21,"featured_media":0,"parent":750,"menu_order":0,"comment_status":"closed","ping_status":"closed","template":"elementor_header_footer","meta":{"_acf_changed":false,"inline_featured_image":false,"footnotes":""},"class_list":["post-752","page","type-page","status-publish","hentry"],"acf":[],"yoast_head":"<!-- This site is optimized with the Yoast SEO plugin v27.2 - https:\/\/yoast.com\/product\/yoast-seo-wordpress\/ -->\n<title>Inbjudan - Falsterbo Bird Show<\/title>\n<meta name=\"robots\" content=\"index, follow, max-snippet:-1, max-image-preview:large, max-video-preview:-1\" \/>\n<link rel=\"canonical\" href=\"https:\/\/falsterbobirdshow.com\/en\/naturpedagogik\/inbjudan\/\" \/>\n<meta property=\"og:locale\" content=\"en_GB\" \/>\n<meta property=\"og:type\" content=\"article\" \/>\n<meta property=\"og:title\" content=\"Inbjudan - Falsterbo Bird Show\" \/>\n<meta property=\"og:description\" content=\"Inbjudan till Falsterbo Bird Shows naturpedagogiska dagar, m\u00e5ndagen 1\/9 \u2013 torsdagen 4\/9 2025 kl. 9.30\u201313.00 V\u00e4lkomna att anm\u00e4la er till de kostnadsfria Naturpedagogiska dagarna som anordnas av Birdlife Sverige, Sk\u00e5nes [&hellip;]\" \/>\n<meta property=\"og:url\" content=\"https:\/\/falsterbobirdshow.com\/en\/naturpedagogik\/inbjudan\/\" \/>\n<meta property=\"og:site_name\" content=\"Falsterbo Bird Show\" \/>\n<meta property=\"article:modified_time\" content=\"2025-05-05T11:29:46+00:00\" \/>\n<meta property=\"og:image\" content=\"https:\/\/falsterbobirdshow.com\/wp-content\/uploads\/sites\/42\/2018\/10\/fbs-2018-13.jpg\" \/>\n\t<meta property=\"og:image:width\" content=\"1024\" \/>\n\t<meta property=\"og:image:height\" content=\"683\" \/>\n\t<meta property=\"og:image:type\" content=\"image\/jpeg\" \/>\n<meta name=\"twitter:card\" content=\"summary_large_image\" \/>\n<meta name=\"twitter:label1\" content=\"Est. reading time\" \/>\n\t<meta name=\"twitter:data1\" content=\"2 minutes\" \/>\n<script type=\"application\/ld+json\" class=\"yoast-schema-graph\">{\"@context\":\"https:\/\/schema.org\",\"@graph\":[{\"@type\":\"WebPage\",\"@id\":\"https:\/\/falsterbobirdshow.com\/naturpedagogik\/inbjudan\/\",\"url\":\"https:\/\/falsterbobirdshow.com\/naturpedagogik\/inbjudan\/\",\"name\":\"Inbjudan - Falsterbo Bird Show\",\"isPartOf\":{\"@id\":\"https:\/\/falsterbobirdshow.com\/#website\"},\"primaryImageOfPage\":{\"@id\":\"https:\/\/falsterbobirdshow.com\/naturpedagogik\/inbjudan\/#primaryimage\"},\"image\":{\"@id\":\"https:\/\/falsterbobirdshow.com\/naturpedagogik\/inbjudan\/#primaryimage\"},\"thumbnailUrl\":\"https:\/\/falsterbobirdshow.com\/wp-content\/uploads\/sites\/42\/2018\/10\/fbs-2018-13-1024x683.jpg\",\"datePublished\":\"2019-01-03T13:49:51+00:00\",\"dateModified\":\"2025-05-05T11:29:46+00:00\",\"breadcrumb\":{\"@id\":\"https:\/\/falsterbobirdshow.com\/naturpedagogik\/inbjudan\/#breadcrumb\"},\"inLanguage\":\"en-GB\",\"potentialAction\":[{\"@type\":\"ReadAction\",\"target\":[\"https:\/\/falsterbobirdshow.com\/naturpedagogik\/inbjudan\/\"]}]},{\"@type\":\"ImageObject\",\"inLanguage\":\"en-GB\",\"@id\":\"https:\/\/falsterbobirdshow.com\/naturpedagogik\/inbjudan\/#primaryimage\",\"url\":\"https:\/\/falsterbobirdshow.com\/wp-content\/uploads\/sites\/42\/2018\/10\/fbs-2018-13-1024x683.jpg\",\"contentUrl\":\"https:\/\/falsterbobirdshow.com\/wp-content\/uploads\/sites\/42\/2018\/10\/fbs-2018-13-1024x683.jpg\"},{\"@type\":\"BreadcrumbList\",\"@id\":\"https:\/\/falsterbobirdshow.com\/naturpedagogik\/inbjudan\/#breadcrumb\",\"itemListElement\":[{\"@type\":\"ListItem\",\"position\":1,\"name\":\"Home\",\"item\":\"https:\/\/falsterbobirdshow.com\/\"},{\"@type\":\"ListItem\",\"position\":2,\"name\":\"Naturpedagogik\",\"item\":\"https:\/\/falsterbobirdshow.com\/naturpedagogik\/\"},{\"@type\":\"ListItem\",\"position\":3,\"name\":\"Inbjudan\"}]},{\"@type\":\"WebSite\",\"@id\":\"https:\/\/falsterbobirdshow.com\/#website\",\"url\":\"https:\/\/falsterbobirdshow.com\/\",\"name\":\"Falsterbo Bird Show\",\"description\":\"Falsterbo Bird Show 30 aug \u2013 1 Sep\",\"publisher\":{\"@id\":\"https:\/\/falsterbobirdshow.com\/#organization\"},\"potentialAction\":[{\"@type\":\"SearchAction\",\"target\":{\"@type\":\"EntryPoint\",\"urlTemplate\":\"https:\/\/falsterbobirdshow.com\/?s={search_term_string}\"},\"query-input\":{\"@type\":\"PropertyValueSpecification\",\"valueRequired\":true,\"valueName\":\"search_term_string\"}}],\"inLanguage\":\"en-GB\"},{\"@type\":\"Organization\",\"@id\":\"https:\/\/falsterbobirdshow.com\/#organization\",\"name\":\"Falsterbo Bird Show\",\"url\":\"https:\/\/falsterbobirdshow.com\/\",\"logo\":{\"@type\":\"ImageObject\",\"inLanguage\":\"en-GB\",\"@id\":\"https:\/\/falsterbobirdshow.com\/#\/schema\/logo\/image\/\",\"url\":\"https:\/\/cdn.birdlife.se\/wp-content\/uploads\/sites\/42\/2024\/02\/FBS-logo-rund-bla.png\",\"contentUrl\":\"https:\/\/cdn.birdlife.se\/wp-content\/uploads\/sites\/42\/2024\/02\/FBS-logo-rund-bla.png\",\"width\":1160,\"height\":1160,\"caption\":\"Falsterbo Bird Show\"},\"image\":{\"@id\":\"https:\/\/falsterbobirdshow.com\/#\/schema\/logo\/image\/\"}}]}<\/script>\n<!-- \/ Yoast SEO plugin. -->","yoast_head_json":{"title":"Inbjudan - Falsterbo Bird Show","robots":{"index":"index","follow":"follow","max-snippet":"max-snippet:-1","max-image-preview":"max-image-preview:large","max-video-preview":"max-video-preview:-1"},"canonical":"https:\/\/falsterbobirdshow.com\/en\/naturpedagogik\/inbjudan\/","og_locale":"en_GB","og_type":"article","og_title":"Inbjudan - Falsterbo Bird Show","og_description":"Inbjudan till Falsterbo Bird Shows naturpedagogiska dagar, m\u00e5ndagen 1\/9 \u2013 torsdagen 4\/9 2025 kl. 9.30\u201313.00 V\u00e4lkomna att anm\u00e4la er till de kostnadsfria Naturpedagogiska dagarna som anordnas av Birdlife Sverige, Sk\u00e5nes [&hellip;]","og_url":"https:\/\/falsterbobirdshow.com\/en\/naturpedagogik\/inbjudan\/","og_site_name":"Falsterbo Bird Show","article_modified_time":"2025-05-05T11:29:46+00:00","og_image":[{"width":1024,"height":683,"url":"https:\/\/falsterbobirdshow.com\/wp-content\/uploads\/sites\/42\/2018\/10\/fbs-2018-13.jpg","type":"image\/jpeg"}],"twitter_card":"summary_large_image","twitter_misc":{"Est. reading time":"2 minutes"},"schema":{"@context":"https:\/\/schema.org","@graph":[{"@type":"WebPage","@id":"https:\/\/falsterbobirdshow.com\/naturpedagogik\/inbjudan\/","url":"https:\/\/falsterbobirdshow.com\/naturpedagogik\/inbjudan\/","name":"Inbjudan - Falsterbo Bird Show","isPartOf":{"@id":"https:\/\/falsterbobirdshow.com\/#website"},"primaryImageOfPage":{"@id":"https:\/\/falsterbobirdshow.com\/naturpedagogik\/inbjudan\/#primaryimage"},"image":{"@id":"https:\/\/falsterbobirdshow.com\/naturpedagogik\/inbjudan\/#primaryimage"},"thumbnailUrl":"https:\/\/falsterbobirdshow.com\/wp-content\/uploads\/sites\/42\/2018\/10\/fbs-2018-13-1024x683.jpg","datePublished":"2019-01-03T13:49:51+00:00","dateModified":"2025-05-05T11:29:46+00:00","breadcrumb":{"@id":"https:\/\/falsterbobirdshow.com\/naturpedagogik\/inbjudan\/#breadcrumb"},"inLanguage":"en-GB","potentialAction":[{"@type":"ReadAction","target":["https:\/\/falsterbobirdshow.com\/naturpedagogik\/inbjudan\/"]}]},{"@type":"ImageObject","inLanguage":"en-GB","@id":"https:\/\/falsterbobirdshow.com\/naturpedagogik\/inbjudan\/#primaryimage","url":"https:\/\/falsterbobirdshow.com\/wp-content\/uploads\/sites\/42\/2018\/10\/fbs-2018-13-1024x683.jpg","contentUrl":"https:\/\/falsterbobirdshow.com\/wp-content\/uploads\/sites\/42\/2018\/10\/fbs-2018-13-1024x683.jpg"},{"@type":"BreadcrumbList","@id":"https:\/\/falsterbobirdshow.com\/naturpedagogik\/inbjudan\/#breadcrumb","itemListElement":[{"@type":"ListItem","position":1,"name":"Home","item":"https:\/\/falsterbobirdshow.com\/"},{"@type":"ListItem","position":2,"name":"Naturpedagogik","item":"https:\/\/falsterbobirdshow.com\/naturpedagogik\/"},{"@type":"ListItem","position":3,"name":"Inbjudan"}]},{"@type":"WebSite","@id":"https:\/\/falsterbobirdshow.com\/#website","url":"https:\/\/falsterbobirdshow.com\/","name":"Falsterbo Bird Show","description":"Falsterbo Bird Show 30 aug \u2013 1 Sep","publisher":{"@id":"https:\/\/falsterbobirdshow.com\/#organization"},"potentialAction":[{"@type":"SearchAction","target":{"@type":"EntryPoint","urlTemplate":"https:\/\/falsterbobirdshow.com\/?s={search_term_string}"},"query-input":{"@type":"PropertyValueSpecification","valueRequired":true,"valueName":"search_term_string"}}],"inLanguage":"en-GB"},{"@type":"Organization","@id":"https:\/\/falsterbobirdshow.com\/#organization","name":"Falsterbo Bird Show","url":"https:\/\/falsterbobirdshow.com\/","logo":{"@type":"ImageObject","inLanguage":"en-GB","@id":"https:\/\/falsterbobirdshow.com\/#\/schema\/logo\/image\/","url":"https:\/\/cdn.birdlife.se\/wp-content\/uploads\/sites\/42\/2024\/02\/FBS-logo-rund-bla.png","contentUrl":"https:\/\/cdn.birdlife.se\/wp-content\/uploads\/sites\/42\/2024\/02\/FBS-logo-rund-bla.png","width":1160,"height":1160,"caption":"Falsterbo Bird Show"},"image":{"@id":"https:\/\/falsterbobirdshow.com\/#\/schema\/logo\/image\/"}}]}},"_links":{"self":[{"href":"https:\/\/falsterbobirdshow.com\/en\/wp-json\/wp\/v2\/pages\/752","targetHints":{"allow":["GET"]}}],"collection":[{"href":"https:\/\/falsterbobirdshow.com\/en\/wp-json\/wp\/v2\/pages"}],"about":[{"href":"https:\/\/falsterbobirdshow.com\/en\/wp-json\/wp\/v2\/types\/page"}],"author":[{"embeddable":true,"href":"https:\/\/falsterbobirdshow.com\/en\/wp-json\/wp\/v2\/users\/21"}],"replies":[{"embeddable":true,"href":"https:\/\/falsterbobirdshow.com\/en\/wp-json\/wp\/v2\/comments?post=752"}],"version-history":[{"count":37,"href":"https:\/\/falsterbobirdshow.com\/en\/wp-json\/wp\/v2\/pages\/752\/revisions"}],"predecessor-version":[{"id":8423,"href":"https:\/\/falsterbobirdshow.com\/en\/wp-json\/wp\/v2\/pages\/752\/revisions\/8423"}],"up":[{"embeddable":true,"href":"https:\/\/falsterbobirdshow.com\/en\/wp-json\/wp\/v2\/pages\/750"}],"wp:attachment":[{"href":"https:\/\/falsterbobirdshow.com\/en\/wp-json\/wp\/v2\/media?parent=752"}],"curies":[{"name":"wp","href":"https:\/\/api.w.org\/{rel}","templated":true}]}}