{"id":746,"date":"2019-01-03T14:48:44","date_gmt":"2019-01-03T13:48:44","guid":{"rendered":"https:\/\/falsterbobirdshow.com\/?page_id=746"},"modified":"2026-01-20T09:43:50","modified_gmt":"2026-01-20T08:43:50","slug":"volontar","status":"publish","type":"page","link":"https:\/\/falsterbobirdshow.com\/en\/volontar\/","title":{"rendered":"Volont\u00e4r"},"content":{"rendered":"\t\t<div data-elementor-type=\"wp-post\" data-elementor-id=\"746\" class=\"elementor elementor-746\" data-elementor-post-type=\"page\">\n\t\t\t\t\t\t<section data-particle_enable=\"false\" data-particle-mobile-disabled=\"false\" class=\"elementor-section elementor-top-section elementor-element elementor-element-839ae5f elementor-section-boxed elementor-section-height-default elementor-section-height-default\" data-id=\"839ae5f\" data-element_type=\"section\" data-e-type=\"section\" data-settings=\"{&quot;jet_parallax_layout_list&quot;:[{&quot;jet_parallax_layout_image&quot;:{&quot;url&quot;:&quot;&quot;,&quot;id&quot;:&quot;&quot;,&quot;size&quot;:&quot;&quot;},&quot;_id&quot;:&quot;f5034a2&quot;,&quot;jet_parallax_layout_speed&quot;:{&quot;unit&quot;:&quot;%&quot;,&quot;size&quot;:&quot;50&quot;,&quot;sizes&quot;:[]},&quot;jet_parallax_layout_image_tablet&quot;:{&quot;url&quot;:&quot;&quot;,&quot;id&quot;:&quot;&quot;,&quot;size&quot;:&quot;&quot;},&quot;jet_parallax_layout_image_mobile&quot;:{&quot;url&quot;:&quot;&quot;,&quot;id&quot;:&quot;&quot;,&quot;size&quot;:&quot;&quot;},&quot;jet_parallax_layout_type&quot;:&quot;scroll&quot;,&quot;jet_parallax_layout_direction&quot;:&quot;1&quot;,&quot;jet_parallax_layout_fx_direction&quot;:null,&quot;jet_parallax_layout_z_index&quot;:&quot;&quot;,&quot;jet_parallax_layout_bg_x&quot;:50,&quot;jet_parallax_layout_bg_x_tablet&quot;:&quot;&quot;,&quot;jet_parallax_layout_bg_x_mobile&quot;:&quot;&quot;,&quot;jet_parallax_layout_bg_y&quot;:50,&quot;jet_parallax_layout_bg_y_tablet&quot;:&quot;&quot;,&quot;jet_parallax_layout_bg_y_mobile&quot;:&quot;&quot;,&quot;jet_parallax_layout_bg_size&quot;:&quot;auto&quot;,&quot;jet_parallax_layout_bg_size_tablet&quot;:&quot;&quot;,&quot;jet_parallax_layout_bg_size_mobile&quot;:&quot;&quot;,&quot;jet_parallax_layout_animation_prop&quot;:&quot;transform&quot;,&quot;jet_parallax_layout_on&quot;:[&quot;desktop&quot;,&quot;tablet&quot;]}]}\">\n\t\t\t\t\t\t<div class=\"elementor-container elementor-column-gap-default\">\n\t\t\t\t\t<div class=\"elementor-column elementor-col-100 elementor-top-column elementor-element elementor-element-f34d190\" data-id=\"f34d190\" data-element_type=\"column\" data-e-type=\"column\">\n\t\t\t<div class=\"elementor-widget-wrap elementor-element-populated\">\n\t\t\t\t\t\t<div class=\"elementor-element elementor-element-9ecf753 elementor-widget elementor-widget-heading\" data-id=\"9ecf753\" data-element_type=\"widget\" data-e-type=\"widget\" data-widget_type=\"heading.default\">\n\t\t\t\t<div class=\"elementor-widget-container\">\n\t\t\t\t\t<h2 class=\"elementor-heading-title elementor-size-default\">Vi s\u00f6ker volont\u00e4rer!<\/h2>\t\t\t\t<\/div>\n\t\t\t\t<\/div>\n\t\t\t\t\t<\/div>\n\t\t<\/div>\n\t\t\t\t\t<\/div>\n\t\t<\/section>\n\t\t\t\t<section data-particle_enable=\"false\" data-particle-mobile-disabled=\"false\" class=\"elementor-section elementor-top-section elementor-element elementor-element-214d5c7 elementor-section-boxed elementor-section-height-default elementor-section-height-default\" data-id=\"214d5c7\" data-element_type=\"section\" data-e-type=\"section\" data-settings=\"{&quot;jet_parallax_layout_list&quot;:[{&quot;jet_parallax_layout_image&quot;:{&quot;url&quot;:&quot;&quot;,&quot;id&quot;:&quot;&quot;,&quot;size&quot;:&quot;&quot;},&quot;_id&quot;:&quot;0120a54&quot;,&quot;jet_parallax_layout_speed&quot;:{&quot;unit&quot;:&quot;%&quot;,&quot;size&quot;:&quot;50&quot;,&quot;sizes&quot;:[]},&quot;jet_parallax_layout_image_tablet&quot;:{&quot;url&quot;:&quot;&quot;,&quot;id&quot;:&quot;&quot;,&quot;size&quot;:&quot;&quot;},&quot;jet_parallax_layout_image_mobile&quot;:{&quot;url&quot;:&quot;&quot;,&quot;id&quot;:&quot;&quot;,&quot;size&quot;:&quot;&quot;},&quot;jet_parallax_layout_type&quot;:&quot;scroll&quot;,&quot;jet_parallax_layout_direction&quot;:&quot;1&quot;,&quot;jet_parallax_layout_fx_direction&quot;:null,&quot;jet_parallax_layout_z_index&quot;:&quot;&quot;,&quot;jet_parallax_layout_bg_x&quot;:50,&quot;jet_parallax_layout_bg_x_tablet&quot;:&quot;&quot;,&quot;jet_parallax_layout_bg_x_mobile&quot;:&quot;&quot;,&quot;jet_parallax_layout_bg_y&quot;:50,&quot;jet_parallax_layout_bg_y_tablet&quot;:&quot;&quot;,&quot;jet_parallax_layout_bg_y_mobile&quot;:&quot;&quot;,&quot;jet_parallax_layout_bg_size&quot;:&quot;auto&quot;,&quot;jet_parallax_layout_bg_size_tablet&quot;:&quot;&quot;,&quot;jet_parallax_layout_bg_size_mobile&quot;:&quot;&quot;,&quot;jet_parallax_layout_animation_prop&quot;:&quot;transform&quot;,&quot;jet_parallax_layout_on&quot;:[&quot;desktop&quot;,&quot;tablet&quot;]}]}\">\n\t\t\t\t\t\t<div class=\"elementor-container elementor-column-gap-default\">\n\t\t\t\t\t<div class=\"elementor-column elementor-col-50 elementor-top-column elementor-element elementor-element-1642706\" data-id=\"1642706\" data-element_type=\"column\" data-e-type=\"column\">\n\t\t\t<div class=\"elementor-widget-wrap elementor-element-populated\">\n\t\t\t\t\t\t<div class=\"elementor-element elementor-element-c5752da elementor-widget__width-initial elementor-widget elementor-widget-text-editor\" data-id=\"c5752da\" data-element_type=\"widget\" data-e-type=\"widget\" data-widget_type=\"text-editor.default\">\n\t\t\t\t<div class=\"elementor-widget-container\">\n\t\t\t\t\t\t\t\t\t<h4><strong>Brinner du f\u00f6r natur?<\/strong><br \/><strong>Tycker du om att l\u00e4ra ut?<\/strong><br \/><strong>Vill du tr\u00e4ffa andra med naturintresse?<\/strong><\/h4><h5><strong>-D\u00e5 kan du vara den vi s\u00f6ker.<\/strong><\/h5><p><strong>Vi s\u00f6ker volont\u00e4rer till s\u00f6dra Sveriges st\u00f6rsta f\u00e5gel- och naturm\u00e4ssa, Falsterbo Bird Show 2026.<\/strong><\/p><p>Falsterbo Bird Show arrangeras av BirdLife Sverige, Sk\u00e5nes Ornitologiska f\u00f6rening (med Falsterbo F\u00e5gelstation) och Vellinge kommun. Syftet \u00e4r att \u00f6ka allm\u00e4nhetens intresse f\u00f6r natur och f\u00e5glar samt att generera ett \u00f6verskott till f\u00e5gelskyddet och naturskydd.<\/p><p>Den 31 augusti &#8211; 3 september inleds m\u00e4ssan med ett naturpedagogiskt barn- och ungdomsprogram, varje dag mellan kl. 8-14. Fler \u00e4n 1 000 barn kommer d\u00e5 p\u00e5 bes\u00f6k och f\u00e5r prova p\u00e5 allehanda aktiviteter s\u00e5som kikarskola, samla sm\u00e5kryp, h\u00e5va, f\u00e5gelbingo med mera.<\/p><p>Som volont\u00e4r hj\u00e4lper du till att bemanna de olika stationerna. Du beh\u00f6ver inte vara naturproffs eller f\u00e5gelkunnig, det finns tydliga instruktioner till alla stationer och erfarna kollegor till hj\u00e4lp.<\/p><p><strong>Naturpedagogiska dagarna 2026:<\/strong><br \/>M\u00e5ndag 31\/8 ca 8-14<br \/>Tisdag 1\/9 ca 8-14<br \/>Onsdag 2\/9 ca 8-14<br \/>Torsdag 3\/9 ca 8-14<\/p><h5>M\u00e4ssan fredag-s\u00f6ndag<\/h5><p>Vi beh\u00f6ver ocks\u00e5 frivilliga som kan hj\u00e4lpa till under sj\u00e4lva m\u00e4ssdagarna 4 september till 6 september. Som volont\u00e4r hj\u00e4lper du till med praktiska saker som att ta emot i entr\u00e9n, vara kontaktperson inom m\u00e4ssomr\u00e5det, hj\u00e4lpa till med parkeringen, bevaka samlingsplats f\u00f6r exkursioner och mycket annat. Du kommer att ing\u00e5 i ett h\u00e4rligt g\u00e4ng som ser till att m\u00e4ssan \u00e4ven i \u00e5r blir en succ\u00e9.<\/p><p><strong>M\u00e4ssdagarna<\/strong>:<br \/>Fredag 4\/9 ca 11-18<br \/>L\u00f6rdag 5\/9 ca 9-18<br \/>S\u00f6ndag 6\/9 ca 9-17<\/p><p>\u00a0<\/p><h5>Vill du vara med? Vi bjuder p\u00e5 lunch och fika som tack.<\/h5><p>Skicka in en <a href=\"https:\/\/forms.office.com\/e\/fD6JVFn9tN\">intresseanm\u00e4lan<\/a> till oss!<\/p>\t\t\t\t\t\t\t\t<\/div>\n\t\t\t\t<\/div>\n\t\t\t\t\t<\/div>\n\t\t<\/div>\n\t\t\t\t<div class=\"elementor-column elementor-col-50 elementor-top-column elementor-element elementor-element-9d56e2a\" data-id=\"9d56e2a\" data-element_type=\"column\" data-e-type=\"column\">\n\t\t\t<div class=\"elementor-widget-wrap elementor-element-populated\">\n\t\t\t\t\t\t<div class=\"elementor-element elementor-element-8e5a26a elementor-widget elementor-widget-button\" data-id=\"8e5a26a\" data-element_type=\"widget\" data-e-type=\"widget\" data-widget_type=\"button.default\">\n\t\t\t\t<div class=\"elementor-widget-container\">\n\t\t\t\t\t\t\t\t\t<div class=\"elementor-button-wrapper\">\n\t\t\t\t\t<a class=\"elementor-button elementor-button-link elementor-size-md\" href=\"https:\/\/falsterbobirdshow.com\/volontar\/bilder\/\">\n\t\t\t\t\t\t<span class=\"elementor-button-content-wrapper\">\n\t\t\t\t\t\t\t\t\t<span class=\"elementor-button-text\">Se lite bilder h\u00e4r<\/span>\n\t\t\t\t\t<\/span>\n\t\t\t\t\t<\/a>\n\t\t\t\t<\/div>\n\t\t\t\t\t\t\t\t<\/div>\n\t\t\t\t<\/div>\n\t\t\t\t<div class=\"elementor-element elementor-element-72f3a54 elementor-widget elementor-widget-image\" data-id=\"72f3a54\" data-element_type=\"widget\" data-e-type=\"widget\" data-widget_type=\"image.default\">\n\t\t\t\t<div class=\"elementor-widget-container\">\n\t\t\t\t\t\t\t\t\t\t\t\t\t\t\t<img fetchpriority=\"high\" decoding=\"async\" width=\"687\" height=\"1024\" src=\"https:\/\/falsterbobirdshow.com\/wp-content\/uploads\/sites\/42\/2019\/02\/volont\u00e4rer2-900-687x1024.jpg\" class=\"attachment-large size-large wp-image-1017\" alt=\"\" srcset=\"https:\/\/falsterbobirdshow.com\/wp-content\/uploads\/sites\/42\/2019\/02\/volont\u00e4rer2-900-687x1024.jpg 687w, https:\/\/falsterbobirdshow.com\/wp-content\/uploads\/sites\/42\/2019\/02\/volont\u00e4rer2-900-201x300.jpg 201w, https:\/\/falsterbobirdshow.com\/wp-content\/uploads\/sites\/42\/2019\/02\/volont\u00e4rer2-900-768x1145.jpg 768w, https:\/\/falsterbobirdshow.com\/wp-content\/uploads\/sites\/42\/2019\/02\/volont\u00e4rer2-900.jpg 800w\" sizes=\"(max-width: 687px) 100vw, 687px\" \/>\t\t\t\t\t\t\t\t\t\t\t\t\t\t\t<\/div>\n\t\t\t\t<\/div>\n\t\t\t\t\t<\/div>\n\t\t<\/div>\n\t\t\t\t\t<\/div>\n\t\t<\/section>\n\t\t\t\t<section data-particle_enable=\"false\" data-particle-mobile-disabled=\"false\" class=\"elementor-section elementor-top-section elementor-element elementor-element-61f6240 elementor-section-boxed elementor-section-height-default elementor-section-height-default\" data-id=\"61f6240\" data-element_type=\"section\" data-e-type=\"section\" data-settings=\"{&quot;jet_parallax_layout_list&quot;:[{&quot;jet_parallax_layout_image&quot;:{&quot;url&quot;:&quot;&quot;,&quot;id&quot;:&quot;&quot;,&quot;size&quot;:&quot;&quot;},&quot;_id&quot;:&quot;48606f2&quot;,&quot;jet_parallax_layout_speed&quot;:{&quot;unit&quot;:&quot;%&quot;,&quot;size&quot;:&quot;50&quot;,&quot;sizes&quot;:[]},&quot;jet_parallax_layout_image_tablet&quot;:{&quot;url&quot;:&quot;&quot;,&quot;id&quot;:&quot;&quot;,&quot;size&quot;:&quot;&quot;},&quot;jet_parallax_layout_image_mobile&quot;:{&quot;url&quot;:&quot;&quot;,&quot;id&quot;:&quot;&quot;,&quot;size&quot;:&quot;&quot;},&quot;jet_parallax_layout_type&quot;:&quot;scroll&quot;,&quot;jet_parallax_layout_direction&quot;:&quot;1&quot;,&quot;jet_parallax_layout_fx_direction&quot;:null,&quot;jet_parallax_layout_z_index&quot;:&quot;&quot;,&quot;jet_parallax_layout_bg_x&quot;:50,&quot;jet_parallax_layout_bg_x_tablet&quot;:&quot;&quot;,&quot;jet_parallax_layout_bg_x_mobile&quot;:&quot;&quot;,&quot;jet_parallax_layout_bg_y&quot;:50,&quot;jet_parallax_layout_bg_y_tablet&quot;:&quot;&quot;,&quot;jet_parallax_layout_bg_y_mobile&quot;:&quot;&quot;,&quot;jet_parallax_layout_bg_size&quot;:&quot;auto&quot;,&quot;jet_parallax_layout_bg_size_tablet&quot;:&quot;&quot;,&quot;jet_parallax_layout_bg_size_mobile&quot;:&quot;&quot;,&quot;jet_parallax_layout_animation_prop&quot;:&quot;transform&quot;,&quot;jet_parallax_layout_on&quot;:[&quot;desktop&quot;,&quot;tablet&quot;]}]}\">\n\t\t\t\t\t\t<div class=\"elementor-container elementor-column-gap-default\">\n\t\t\t\t\t<div class=\"elementor-column elementor-col-100 elementor-top-column elementor-element elementor-element-2a9e8c0\" data-id=\"2a9e8c0\" data-element_type=\"column\" data-e-type=\"column\">\n\t\t\t<div class=\"elementor-widget-wrap elementor-element-populated\">\n\t\t\t\t\t\t<div class=\"elementor-element elementor-element-ffc3073 elementor-widget elementor-widget-image\" data-id=\"ffc3073\" data-element_type=\"widget\" data-e-type=\"widget\" data-widget_type=\"image.default\">\n\t\t\t\t<div class=\"elementor-widget-container\">\n\t\t\t\t\t\t\t\t\t\t\t\t\t\t\t<img decoding=\"async\" width=\"1200\" height=\"800\" src=\"https:\/\/falsterbobirdshow.com\/wp-content\/uploads\/sites\/42\/2019\/02\/FBS-2018-1200.jpg\" class=\"attachment-max_1920 size-max_1920 wp-image-1023\" alt=\"\" srcset=\"https:\/\/falsterbobirdshow.com\/wp-content\/uploads\/sites\/42\/2019\/02\/FBS-2018-1200.jpg 1200w, https:\/\/falsterbobirdshow.com\/wp-content\/uploads\/sites\/42\/2019\/02\/FBS-2018-1200-300x200.jpg 300w, https:\/\/falsterbobirdshow.com\/wp-content\/uploads\/sites\/42\/2019\/02\/FBS-2018-1200-768x512.jpg 768w, https:\/\/falsterbobirdshow.com\/wp-content\/uploads\/sites\/42\/2019\/02\/FBS-2018-1200-1024x683.jpg 1024w, https:\/\/falsterbobirdshow.com\/wp-content\/uploads\/sites\/42\/2019\/02\/FBS-2018-1200-645x430.jpg 645w\" sizes=\"(max-width: 1200px) 100vw, 1200px\" \/>\t\t\t\t\t\t\t\t\t\t\t\t\t\t\t<\/div>\n\t\t\t\t<\/div>\n\t\t\t\t\t<\/div>\n\t\t<\/div>\n\t\t\t\t\t<\/div>\n\t\t<\/section>\n\t\t\t\t<\/div>\n\t\t","protected":false},"excerpt":{"rendered":"<p>Vi s\u00f6ker volont\u00e4rer! Brinner du f\u00f6r natur?Tycker du om att l\u00e4ra ut?Vill du tr\u00e4ffa andra med naturintresse? -D\u00e5 kan du vara den vi s\u00f6ker. Vi s\u00f6ker volont\u00e4rer till s\u00f6dra Sveriges [&hellip;]<\/p>\n","protected":false},"author":21,"featured_media":0,"parent":0,"menu_order":3,"comment_status":"closed","ping_status":"closed","template":"elementor_header_footer","meta":{"_acf_changed":false,"inline_featured_image":false,"footnotes":""},"class_list":["post-746","page","type-page","status-publish","hentry"],"acf":[],"yoast_head":"<!-- This site is optimized with the Yoast SEO plugin v27.2 - https:\/\/yoast.com\/product\/yoast-seo-wordpress\/ -->\n<title>Volont\u00e4r - Falsterbo Bird Show<\/title>\n<meta name=\"robots\" content=\"index, follow, max-snippet:-1, max-image-preview:large, max-video-preview:-1\" \/>\n<link rel=\"canonical\" href=\"https:\/\/falsterbobirdshow.com\/en\/volontar\/\" \/>\n<meta property=\"og:locale\" content=\"en_GB\" \/>\n<meta property=\"og:type\" content=\"article\" \/>\n<meta property=\"og:title\" content=\"Volont\u00e4r - Falsterbo Bird Show\" \/>\n<meta property=\"og:description\" content=\"Vi s\u00f6ker volont\u00e4rer! Brinner du f\u00f6r natur?Tycker du om att l\u00e4ra ut?Vill du tr\u00e4ffa andra med naturintresse? -D\u00e5 kan du vara den vi s\u00f6ker. Vi s\u00f6ker volont\u00e4rer till s\u00f6dra Sveriges [&hellip;]\" \/>\n<meta property=\"og:url\" content=\"https:\/\/falsterbobirdshow.com\/en\/volontar\/\" \/>\n<meta property=\"og:site_name\" content=\"Falsterbo Bird Show\" \/>\n<meta property=\"article:modified_time\" content=\"2026-01-20T08:43:50+00:00\" \/>\n<meta property=\"og:image\" content=\"https:\/\/falsterbobirdshow.com\/wp-content\/uploads\/sites\/42\/2019\/02\/FBS-2018-1200.jpg\" \/>\n<meta name=\"twitter:card\" content=\"summary_large_image\" \/>\n<meta name=\"twitter:label1\" content=\"Est. reading time\" \/>\n\t<meta name=\"twitter:data1\" content=\"2 minutes\" \/>\n<script type=\"application\/ld+json\" class=\"yoast-schema-graph\">{\"@context\":\"https:\/\/schema.org\",\"@graph\":[{\"@type\":\"WebPage\",\"@id\":\"https:\/\/falsterbobirdshow.com\/volontar\/\",\"url\":\"https:\/\/falsterbobirdshow.com\/volontar\/\",\"name\":\"Volont\u00e4r - Falsterbo Bird Show\",\"isPartOf\":{\"@id\":\"https:\/\/falsterbobirdshow.com\/#website\"},\"primaryImageOfPage\":{\"@id\":\"https:\/\/falsterbobirdshow.com\/volontar\/#primaryimage\"},\"image\":{\"@id\":\"https:\/\/falsterbobirdshow.com\/volontar\/#primaryimage\"},\"thumbnailUrl\":\"https:\/\/falsterbobirdshow.com\/wp-content\/uploads\/sites\/42\/2019\/02\/FBS-2018-1200.jpg\",\"datePublished\":\"2019-01-03T13:48:44+00:00\",\"dateModified\":\"2026-01-20T08:43:50+00:00\",\"breadcrumb\":{\"@id\":\"https:\/\/falsterbobirdshow.com\/volontar\/#breadcrumb\"},\"inLanguage\":\"en-GB\",\"potentialAction\":[{\"@type\":\"ReadAction\",\"target\":[\"https:\/\/falsterbobirdshow.com\/volontar\/\"]}]},{\"@type\":\"ImageObject\",\"inLanguage\":\"en-GB\",\"@id\":\"https:\/\/falsterbobirdshow.com\/volontar\/#primaryimage\",\"url\":\"https:\/\/falsterbobirdshow.com\/wp-content\/uploads\/sites\/42\/2019\/02\/FBS-2018-1200.jpg\",\"contentUrl\":\"https:\/\/falsterbobirdshow.com\/wp-content\/uploads\/sites\/42\/2019\/02\/FBS-2018-1200.jpg\"},{\"@type\":\"BreadcrumbList\",\"@id\":\"https:\/\/falsterbobirdshow.com\/volontar\/#breadcrumb\",\"itemListElement\":[{\"@type\":\"ListItem\",\"position\":1,\"name\":\"Home\",\"item\":\"https:\/\/falsterbobirdshow.com\/\"},{\"@type\":\"ListItem\",\"position\":2,\"name\":\"Volont\u00e4r\"}]},{\"@type\":\"WebSite\",\"@id\":\"https:\/\/falsterbobirdshow.com\/#website\",\"url\":\"https:\/\/falsterbobirdshow.com\/\",\"name\":\"Falsterbo Bird Show\",\"description\":\"Falsterbo Bird Show 30 aug \u2013 1 Sep\",\"publisher\":{\"@id\":\"https:\/\/falsterbobirdshow.com\/#organization\"},\"potentialAction\":[{\"@type\":\"SearchAction\",\"target\":{\"@type\":\"EntryPoint\",\"urlTemplate\":\"https:\/\/falsterbobirdshow.com\/?s={search_term_string}\"},\"query-input\":{\"@type\":\"PropertyValueSpecification\",\"valueRequired\":true,\"valueName\":\"search_term_string\"}}],\"inLanguage\":\"en-GB\"},{\"@type\":\"Organization\",\"@id\":\"https:\/\/falsterbobirdshow.com\/#organization\",\"name\":\"Falsterbo Bird Show\",\"url\":\"https:\/\/falsterbobirdshow.com\/\",\"logo\":{\"@type\":\"ImageObject\",\"inLanguage\":\"en-GB\",\"@id\":\"https:\/\/falsterbobirdshow.com\/#\/schema\/logo\/image\/\",\"url\":\"https:\/\/cdn.birdlife.se\/wp-content\/uploads\/sites\/42\/2024\/02\/FBS-logo-rund-bla.png\",\"contentUrl\":\"https:\/\/cdn.birdlife.se\/wp-content\/uploads\/sites\/42\/2024\/02\/FBS-logo-rund-bla.png\",\"width\":1160,\"height\":1160,\"caption\":\"Falsterbo Bird Show\"},\"image\":{\"@id\":\"https:\/\/falsterbobirdshow.com\/#\/schema\/logo\/image\/\"}}]}<\/script>\n<!-- \/ Yoast SEO plugin. -->","yoast_head_json":{"title":"Volont\u00e4r - Falsterbo Bird Show","robots":{"index":"index","follow":"follow","max-snippet":"max-snippet:-1","max-image-preview":"max-image-preview:large","max-video-preview":"max-video-preview:-1"},"canonical":"https:\/\/falsterbobirdshow.com\/en\/volontar\/","og_locale":"en_GB","og_type":"article","og_title":"Volont\u00e4r - Falsterbo Bird Show","og_description":"Vi s\u00f6ker volont\u00e4rer! Brinner du f\u00f6r natur?Tycker du om att l\u00e4ra ut?Vill du tr\u00e4ffa andra med naturintresse? -D\u00e5 kan du vara den vi s\u00f6ker. Vi s\u00f6ker volont\u00e4rer till s\u00f6dra Sveriges [&hellip;]","og_url":"https:\/\/falsterbobirdshow.com\/en\/volontar\/","og_site_name":"Falsterbo Bird Show","article_modified_time":"2026-01-20T08:43:50+00:00","og_image":[{"url":"https:\/\/falsterbobirdshow.com\/wp-content\/uploads\/sites\/42\/2019\/02\/FBS-2018-1200.jpg","type":"","width":"","height":""}],"twitter_card":"summary_large_image","twitter_misc":{"Est. reading time":"2 minutes"},"schema":{"@context":"https:\/\/schema.org","@graph":[{"@type":"WebPage","@id":"https:\/\/falsterbobirdshow.com\/volontar\/","url":"https:\/\/falsterbobirdshow.com\/volontar\/","name":"Volont\u00e4r - Falsterbo Bird Show","isPartOf":{"@id":"https:\/\/falsterbobirdshow.com\/#website"},"primaryImageOfPage":{"@id":"https:\/\/falsterbobirdshow.com\/volontar\/#primaryimage"},"image":{"@id":"https:\/\/falsterbobirdshow.com\/volontar\/#primaryimage"},"thumbnailUrl":"https:\/\/falsterbobirdshow.com\/wp-content\/uploads\/sites\/42\/2019\/02\/FBS-2018-1200.jpg","datePublished":"2019-01-03T13:48:44+00:00","dateModified":"2026-01-20T08:43:50+00:00","breadcrumb":{"@id":"https:\/\/falsterbobirdshow.com\/volontar\/#breadcrumb"},"inLanguage":"en-GB","potentialAction":[{"@type":"ReadAction","target":["https:\/\/falsterbobirdshow.com\/volontar\/"]}]},{"@type":"ImageObject","inLanguage":"en-GB","@id":"https:\/\/falsterbobirdshow.com\/volontar\/#primaryimage","url":"https:\/\/falsterbobirdshow.com\/wp-content\/uploads\/sites\/42\/2019\/02\/FBS-2018-1200.jpg","contentUrl":"https:\/\/falsterbobirdshow.com\/wp-content\/uploads\/sites\/42\/2019\/02\/FBS-2018-1200.jpg"},{"@type":"BreadcrumbList","@id":"https:\/\/falsterbobirdshow.com\/volontar\/#breadcrumb","itemListElement":[{"@type":"ListItem","position":1,"name":"Home","item":"https:\/\/falsterbobirdshow.com\/"},{"@type":"ListItem","position":2,"name":"Volont\u00e4r"}]},{"@type":"WebSite","@id":"https:\/\/falsterbobirdshow.com\/#website","url":"https:\/\/falsterbobirdshow.com\/","name":"Falsterbo Bird Show","description":"Falsterbo Bird Show 30 aug \u2013 1 Sep","publisher":{"@id":"https:\/\/falsterbobirdshow.com\/#organization"},"potentialAction":[{"@type":"SearchAction","target":{"@type":"EntryPoint","urlTemplate":"https:\/\/falsterbobirdshow.com\/?s={search_term_string}"},"query-input":{"@type":"PropertyValueSpecification","valueRequired":true,"valueName":"search_term_string"}}],"inLanguage":"en-GB"},{"@type":"Organization","@id":"https:\/\/falsterbobirdshow.com\/#organization","name":"Falsterbo Bird Show","url":"https:\/\/falsterbobirdshow.com\/","logo":{"@type":"ImageObject","inLanguage":"en-GB","@id":"https:\/\/falsterbobirdshow.com\/#\/schema\/logo\/image\/","url":"https:\/\/cdn.birdlife.se\/wp-content\/uploads\/sites\/42\/2024\/02\/FBS-logo-rund-bla.png","contentUrl":"https:\/\/cdn.birdlife.se\/wp-content\/uploads\/sites\/42\/2024\/02\/FBS-logo-rund-bla.png","width":1160,"height":1160,"caption":"Falsterbo Bird Show"},"image":{"@id":"https:\/\/falsterbobirdshow.com\/#\/schema\/logo\/image\/"}}]}},"_links":{"self":[{"href":"https:\/\/falsterbobirdshow.com\/en\/wp-json\/wp\/v2\/pages\/746","targetHints":{"allow":["GET"]}}],"collection":[{"href":"https:\/\/falsterbobirdshow.com\/en\/wp-json\/wp\/v2\/pages"}],"about":[{"href":"https:\/\/falsterbobirdshow.com\/en\/wp-json\/wp\/v2\/types\/page"}],"author":[{"embeddable":true,"href":"https:\/\/falsterbobirdshow.com\/en\/wp-json\/wp\/v2\/users\/21"}],"replies":[{"embeddable":true,"href":"https:\/\/falsterbobirdshow.com\/en\/wp-json\/wp\/v2\/comments?post=746"}],"version-history":[{"count":102,"href":"https:\/\/falsterbobirdshow.com\/en\/wp-json\/wp\/v2\/pages\/746\/revisions"}],"predecessor-version":[{"id":8874,"href":"https:\/\/falsterbobirdshow.com\/en\/wp-json\/wp\/v2\/pages\/746\/revisions\/8874"}],"wp:attachment":[{"href":"https:\/\/falsterbobirdshow.com\/en\/wp-json\/wp\/v2\/media?parent=746"}],"curies":[{"name":"wp","href":"https:\/\/api.w.org\/{rel}","templated":true}]}}