{"id":740,"date":"2019-01-03T14:47:43","date_gmt":"2019-01-03T13:47:43","guid":{"rendered":"https:\/\/falsterbobirdshow.com\/?page_id=740"},"modified":"2024-08-13T11:17:40","modified_gmt":"2024-08-13T09:17:40","slug":"miljopolicy","status":"publish","type":"page","link":"https:\/\/falsterbobirdshow.com\/en\/falsterbo-bird-show\/miljopolicy\/","title":{"rendered":"Environmental policy"},"content":{"rendered":"\t\t<div data-elementor-type=\"wp-post\" data-elementor-id=\"740\" class=\"elementor elementor-740\" data-elementor-post-type=\"page\">\n\t\t\t\t\t\t<section data-particle_enable=\"false\" data-particle-mobile-disabled=\"false\" class=\"elementor-section elementor-top-section elementor-element elementor-element-0df7b06 elementor-section-boxed elementor-section-height-default elementor-section-height-default\" data-id=\"0df7b06\" data-element_type=\"section\" data-e-type=\"section\" data-settings=\"{&quot;jet_parallax_layout_list&quot;:[{&quot;jet_parallax_layout_image&quot;:{&quot;url&quot;:&quot;&quot;,&quot;id&quot;:&quot;&quot;,&quot;size&quot;:&quot;&quot;},&quot;_id&quot;:&quot;7fa72b4&quot;,&quot;jet_parallax_layout_speed&quot;:{&quot;unit&quot;:&quot;%&quot;,&quot;size&quot;:&quot;50&quot;,&quot;sizes&quot;:[]},&quot;jet_parallax_layout_image_tablet&quot;:{&quot;url&quot;:&quot;&quot;,&quot;id&quot;:&quot;&quot;,&quot;size&quot;:&quot;&quot;},&quot;jet_parallax_layout_image_mobile&quot;:{&quot;url&quot;:&quot;&quot;,&quot;id&quot;:&quot;&quot;,&quot;size&quot;:&quot;&quot;},&quot;jet_parallax_layout_type&quot;:&quot;scroll&quot;,&quot;jet_parallax_layout_direction&quot;:&quot;1&quot;,&quot;jet_parallax_layout_fx_direction&quot;:null,&quot;jet_parallax_layout_z_index&quot;:&quot;&quot;,&quot;jet_parallax_layout_bg_x&quot;:50,&quot;jet_parallax_layout_bg_x_tablet&quot;:&quot;&quot;,&quot;jet_parallax_layout_bg_x_mobile&quot;:&quot;&quot;,&quot;jet_parallax_layout_bg_y&quot;:50,&quot;jet_parallax_layout_bg_y_tablet&quot;:&quot;&quot;,&quot;jet_parallax_layout_bg_y_mobile&quot;:&quot;&quot;,&quot;jet_parallax_layout_bg_size&quot;:&quot;auto&quot;,&quot;jet_parallax_layout_bg_size_tablet&quot;:&quot;&quot;,&quot;jet_parallax_layout_bg_size_mobile&quot;:&quot;&quot;,&quot;jet_parallax_layout_animation_prop&quot;:&quot;transform&quot;,&quot;jet_parallax_layout_on&quot;:[&quot;desktop&quot;,&quot;tablet&quot;]}]}\">\n\t\t\t\t\t\t<div class=\"elementor-container elementor-column-gap-default\">\n\t\t\t\t\t<div class=\"elementor-column elementor-col-100 elementor-top-column elementor-element elementor-element-be43719\" data-id=\"be43719\" data-element_type=\"column\" data-e-type=\"column\">\n\t\t\t<div class=\"elementor-widget-wrap elementor-element-populated\">\n\t\t\t\t\t\t<div class=\"elementor-element elementor-element-919ab2a elementor-widget elementor-widget-text-editor\" data-id=\"919ab2a\" data-element_type=\"widget\" data-e-type=\"widget\" data-widget_type=\"text-editor.default\">\n\t\t\t\t<div class=\"elementor-widget-container\">\n\t\t\t\t\t\t\t\t\t<ul><li>Falsterbo Bird Show vill genom att utnyttja det unika flyttf\u00e5gelstr\u00e4cket \u00f6ver Falsterbon\u00e4set v\u00e4cka allm\u00e4nhetens intresse f\u00f6r biologisk m\u00e5ngfald och dess betydelse f\u00f6r m\u00e4nniskans fortlevnad.<\/li><li><p>Falsterbo Bird Show f\u00f6ljer <a href=\"https:\/\/cdn.birdlife.se\/wp-content\/uploads\/sites\/42\/2024\/08\/HALLBARA-ARRANGEMANG-CHECKLISTA-Folder-Skane-Blekinge-2024.pdf\">Studiefr\u00e4mjandets checklista<\/a> f\u00f6r h\u00e5llbara arrangemang inom djur och natur.<\/p><p>I samarbete med <a href=\"https:\/\/hsr.se\/\">H\u00e5ll Sverige Rent<\/a> har vi utvecklat ett skr\u00e4pfritt evenemang, d\u00e4r v\u00e5rt ledord \u00e4r \u201dSkr\u00e4pfritt f\u00f6r natur och f\u00e5glar\u201d.<\/p><\/li><li>Eventets eventuella \u00f6verskott skall g\u00e5 till \u00e5tg\u00e4rder f\u00f6r skydd av utrotningshotade f\u00e5gelarter<\/li><li><p>Eventets genomf\u00f6rande skall i m\u00f6jligaste m\u00e5n ske i samverkan med lokala leverant\u00f6rer.<\/p><\/li><\/ul>\t\t\t\t\t\t\t\t<\/div>\n\t\t\t\t<\/div>\n\t\t\t\t\t<\/div>\n\t\t<\/div>\n\t\t\t\t\t<\/div>\n\t\t<\/section>\n\t\t\t\t<\/div>\n\t\t","protected":false},"excerpt":{"rendered":"<p>Falsterbo Bird Show vill genom att utnyttja det unika flyttf\u00e5gelstr\u00e4cket \u00f6ver Falsterbon\u00e4set v\u00e4cka allm\u00e4nhetens intresse f\u00f6r biologisk m\u00e5ngfald och dess betydelse f\u00f6r m\u00e4nniskans fortlevnad. Falsterbo Bird Show f\u00f6ljer Studiefr\u00e4mjandets checklista [&hellip;]<\/p>\n","protected":false},"author":21,"featured_media":0,"parent":9,"menu_order":4,"comment_status":"closed","ping_status":"closed","template":"templates\/page-right.php","meta":{"_acf_changed":false,"inline_featured_image":false,"footnotes":""},"class_list":["post-740","page","type-page","status-publish","hentry"],"acf":[],"yoast_head":"<!-- This site is optimized with the Yoast SEO plugin v27.2 - https:\/\/yoast.com\/product\/yoast-seo-wordpress\/ -->\n<title>Milj\u00f6policy - Falsterbo Bird Show<\/title>\n<meta name=\"robots\" content=\"index, follow, max-snippet:-1, max-image-preview:large, max-video-preview:-1\" \/>\n<link rel=\"canonical\" href=\"https:\/\/falsterbobirdshow.com\/en\/falsterbo-bird-show\/miljopolicy\/\" \/>\n<meta property=\"og:locale\" content=\"en_GB\" \/>\n<meta property=\"og:type\" content=\"article\" \/>\n<meta property=\"og:title\" content=\"Milj\u00f6policy - Falsterbo Bird Show\" \/>\n<meta property=\"og:description\" content=\"Falsterbo Bird Show vill genom att utnyttja det unika flyttf\u00e5gelstr\u00e4cket \u00f6ver Falsterbon\u00e4set v\u00e4cka allm\u00e4nhetens intresse f\u00f6r biologisk m\u00e5ngfald och dess betydelse f\u00f6r m\u00e4nniskans fortlevnad. Falsterbo Bird Show f\u00f6ljer Studiefr\u00e4mjandets checklista [&hellip;]\" \/>\n<meta property=\"og:url\" content=\"https:\/\/falsterbobirdshow.com\/en\/falsterbo-bird-show\/miljopolicy\/\" \/>\n<meta property=\"og:site_name\" content=\"Falsterbo Bird Show\" \/>\n<meta property=\"article:modified_time\" content=\"2024-08-13T09:17:40+00:00\" \/>\n<meta name=\"twitter:card\" content=\"summary_large_image\" \/>\n<meta name=\"twitter:label1\" content=\"Est. reading time\" \/>\n\t<meta name=\"twitter:data1\" content=\"1 minute\" \/>\n<script type=\"application\/ld+json\" class=\"yoast-schema-graph\">{\"@context\":\"https:\/\/schema.org\",\"@graph\":[{\"@type\":\"WebPage\",\"@id\":\"https:\/\/falsterbobirdshow.com\/falsterbo-bird-show\/miljopolicy\/\",\"url\":\"https:\/\/falsterbobirdshow.com\/falsterbo-bird-show\/miljopolicy\/\",\"name\":\"Milj\u00f6policy - Falsterbo Bird Show\",\"isPartOf\":{\"@id\":\"https:\/\/falsterbobirdshow.com\/#website\"},\"datePublished\":\"2019-01-03T13:47:43+00:00\",\"dateModified\":\"2024-08-13T09:17:40+00:00\",\"breadcrumb\":{\"@id\":\"https:\/\/falsterbobirdshow.com\/falsterbo-bird-show\/miljopolicy\/#breadcrumb\"},\"inLanguage\":\"en-GB\",\"potentialAction\":[{\"@type\":\"ReadAction\",\"target\":[\"https:\/\/falsterbobirdshow.com\/falsterbo-bird-show\/miljopolicy\/\"]}]},{\"@type\":\"BreadcrumbList\",\"@id\":\"https:\/\/falsterbobirdshow.com\/falsterbo-bird-show\/miljopolicy\/#breadcrumb\",\"itemListElement\":[{\"@type\":\"ListItem\",\"position\":1,\"name\":\"Home\",\"item\":\"https:\/\/falsterbobirdshow.com\/\"},{\"@type\":\"ListItem\",\"position\":2,\"name\":\"Falsterbo Bird Show 5-7 sep 2025\",\"item\":\"https:\/\/falsterbobirdshow.com\/\"},{\"@type\":\"ListItem\",\"position\":3,\"name\":\"Milj\u00f6policy\"}]},{\"@type\":\"WebSite\",\"@id\":\"https:\/\/falsterbobirdshow.com\/#website\",\"url\":\"https:\/\/falsterbobirdshow.com\/\",\"name\":\"Falsterbo Bird Show\",\"description\":\"Falsterbo Bird Show 30 aug \u2013 1 Sep\",\"publisher\":{\"@id\":\"https:\/\/falsterbobirdshow.com\/#organization\"},\"potentialAction\":[{\"@type\":\"SearchAction\",\"target\":{\"@type\":\"EntryPoint\",\"urlTemplate\":\"https:\/\/falsterbobirdshow.com\/?s={search_term_string}\"},\"query-input\":{\"@type\":\"PropertyValueSpecification\",\"valueRequired\":true,\"valueName\":\"search_term_string\"}}],\"inLanguage\":\"en-GB\"},{\"@type\":\"Organization\",\"@id\":\"https:\/\/falsterbobirdshow.com\/#organization\",\"name\":\"Falsterbo Bird Show\",\"url\":\"https:\/\/falsterbobirdshow.com\/\",\"logo\":{\"@type\":\"ImageObject\",\"inLanguage\":\"en-GB\",\"@id\":\"https:\/\/falsterbobirdshow.com\/#\/schema\/logo\/image\/\",\"url\":\"https:\/\/cdn.birdlife.se\/wp-content\/uploads\/sites\/42\/2024\/02\/FBS-logo-rund-bla.png\",\"contentUrl\":\"https:\/\/cdn.birdlife.se\/wp-content\/uploads\/sites\/42\/2024\/02\/FBS-logo-rund-bla.png\",\"width\":1160,\"height\":1160,\"caption\":\"Falsterbo Bird Show\"},\"image\":{\"@id\":\"https:\/\/falsterbobirdshow.com\/#\/schema\/logo\/image\/\"}}]}<\/script>\n<!-- \/ Yoast SEO plugin. -->","yoast_head_json":{"title":"Milj\u00f6policy - Falsterbo Bird Show","robots":{"index":"index","follow":"follow","max-snippet":"max-snippet:-1","max-image-preview":"max-image-preview:large","max-video-preview":"max-video-preview:-1"},"canonical":"https:\/\/falsterbobirdshow.com\/en\/falsterbo-bird-show\/miljopolicy\/","og_locale":"en_GB","og_type":"article","og_title":"Milj\u00f6policy - Falsterbo Bird Show","og_description":"Falsterbo Bird Show vill genom att utnyttja det unika flyttf\u00e5gelstr\u00e4cket \u00f6ver Falsterbon\u00e4set v\u00e4cka allm\u00e4nhetens intresse f\u00f6r biologisk m\u00e5ngfald och dess betydelse f\u00f6r m\u00e4nniskans fortlevnad. Falsterbo Bird Show f\u00f6ljer Studiefr\u00e4mjandets checklista [&hellip;]","og_url":"https:\/\/falsterbobirdshow.com\/en\/falsterbo-bird-show\/miljopolicy\/","og_site_name":"Falsterbo Bird Show","article_modified_time":"2024-08-13T09:17:40+00:00","twitter_card":"summary_large_image","twitter_misc":{"Est. reading time":"1 minute"},"schema":{"@context":"https:\/\/schema.org","@graph":[{"@type":"WebPage","@id":"https:\/\/falsterbobirdshow.com\/falsterbo-bird-show\/miljopolicy\/","url":"https:\/\/falsterbobirdshow.com\/falsterbo-bird-show\/miljopolicy\/","name":"Milj\u00f6policy - Falsterbo Bird Show","isPartOf":{"@id":"https:\/\/falsterbobirdshow.com\/#website"},"datePublished":"2019-01-03T13:47:43+00:00","dateModified":"2024-08-13T09:17:40+00:00","breadcrumb":{"@id":"https:\/\/falsterbobirdshow.com\/falsterbo-bird-show\/miljopolicy\/#breadcrumb"},"inLanguage":"en-GB","potentialAction":[{"@type":"ReadAction","target":["https:\/\/falsterbobirdshow.com\/falsterbo-bird-show\/miljopolicy\/"]}]},{"@type":"BreadcrumbList","@id":"https:\/\/falsterbobirdshow.com\/falsterbo-bird-show\/miljopolicy\/#breadcrumb","itemListElement":[{"@type":"ListItem","position":1,"name":"Home","item":"https:\/\/falsterbobirdshow.com\/"},{"@type":"ListItem","position":2,"name":"Falsterbo Bird Show 5-7 sep 2025","item":"https:\/\/falsterbobirdshow.com\/"},{"@type":"ListItem","position":3,"name":"Milj\u00f6policy"}]},{"@type":"WebSite","@id":"https:\/\/falsterbobirdshow.com\/#website","url":"https:\/\/falsterbobirdshow.com\/","name":"Falsterbo Bird Show","description":"Falsterbo Bird Show 30 aug \u2013 1 Sep","publisher":{"@id":"https:\/\/falsterbobirdshow.com\/#organization"},"potentialAction":[{"@type":"SearchAction","target":{"@type":"EntryPoint","urlTemplate":"https:\/\/falsterbobirdshow.com\/?s={search_term_string}"},"query-input":{"@type":"PropertyValueSpecification","valueRequired":true,"valueName":"search_term_string"}}],"inLanguage":"en-GB"},{"@type":"Organization","@id":"https:\/\/falsterbobirdshow.com\/#organization","name":"Falsterbo Bird Show","url":"https:\/\/falsterbobirdshow.com\/","logo":{"@type":"ImageObject","inLanguage":"en-GB","@id":"https:\/\/falsterbobirdshow.com\/#\/schema\/logo\/image\/","url":"https:\/\/cdn.birdlife.se\/wp-content\/uploads\/sites\/42\/2024\/02\/FBS-logo-rund-bla.png","contentUrl":"https:\/\/cdn.birdlife.se\/wp-content\/uploads\/sites\/42\/2024\/02\/FBS-logo-rund-bla.png","width":1160,"height":1160,"caption":"Falsterbo Bird Show"},"image":{"@id":"https:\/\/falsterbobirdshow.com\/#\/schema\/logo\/image\/"}}]}},"_links":{"self":[{"href":"https:\/\/falsterbobirdshow.com\/en\/wp-json\/wp\/v2\/pages\/740","targetHints":{"allow":["GET"]}}],"collection":[{"href":"https:\/\/falsterbobirdshow.com\/en\/wp-json\/wp\/v2\/pages"}],"about":[{"href":"https:\/\/falsterbobirdshow.com\/en\/wp-json\/wp\/v2\/types\/page"}],"author":[{"embeddable":true,"href":"https:\/\/falsterbobirdshow.com\/en\/wp-json\/wp\/v2\/users\/21"}],"replies":[{"embeddable":true,"href":"https:\/\/falsterbobirdshow.com\/en\/wp-json\/wp\/v2\/comments?post=740"}],"version-history":[{"count":15,"href":"https:\/\/falsterbobirdshow.com\/en\/wp-json\/wp\/v2\/pages\/740\/revisions"}],"predecessor-version":[{"id":7953,"href":"https:\/\/falsterbobirdshow.com\/en\/wp-json\/wp\/v2\/pages\/740\/revisions\/7953"}],"up":[{"embeddable":true,"href":"https:\/\/falsterbobirdshow.com\/en\/wp-json\/wp\/v2\/pages\/9"}],"wp:attachment":[{"href":"https:\/\/falsterbobirdshow.com\/en\/wp-json\/wp\/v2\/media?parent=740"}],"curies":[{"name":"wp","href":"https:\/\/api.w.org\/{rel}","templated":true}]}}