{"id":738,"date":"2019-01-03T14:47:23","date_gmt":"2019-01-03T13:47:23","guid":{"rendered":"https:\/\/falsterbobirdshow.com\/?page_id=738"},"modified":"2025-08-01T07:50:42","modified_gmt":"2025-08-01T05:50:42","slug":"fagelskadning","status":"publish","type":"page","link":"https:\/\/falsterbobirdshow.com\/en\/falsterbo-bird-show\/fagelskadning\/","title":{"rendered":"Birdwatching"},"content":{"rendered":"\t\t<div data-elementor-type=\"wp-post\" data-elementor-id=\"738\" class=\"elementor elementor-738\" data-elementor-post-type=\"page\">\n\t\t\t\t\t\t<section data-particle_enable=\"false\" data-particle-mobile-disabled=\"false\" class=\"elementor-section elementor-top-section elementor-element elementor-element-f198679 elementor-section-boxed elementor-section-height-default elementor-section-height-default\" data-id=\"f198679\" data-element_type=\"section\" data-e-type=\"section\" data-settings=\"{&quot;jet_parallax_layout_list&quot;:[{&quot;jet_parallax_layout_image&quot;:{&quot;url&quot;:&quot;&quot;,&quot;id&quot;:&quot;&quot;,&quot;size&quot;:&quot;&quot;},&quot;_id&quot;:&quot;42292c5&quot;,&quot;jet_parallax_layout_speed&quot;:{&quot;unit&quot;:&quot;%&quot;,&quot;size&quot;:&quot;50&quot;,&quot;sizes&quot;:[]},&quot;jet_parallax_layout_image_tablet&quot;:{&quot;url&quot;:&quot;&quot;,&quot;id&quot;:&quot;&quot;,&quot;size&quot;:&quot;&quot;},&quot;jet_parallax_layout_image_mobile&quot;:{&quot;url&quot;:&quot;&quot;,&quot;id&quot;:&quot;&quot;,&quot;size&quot;:&quot;&quot;},&quot;jet_parallax_layout_type&quot;:&quot;scroll&quot;,&quot;jet_parallax_layout_direction&quot;:&quot;1&quot;,&quot;jet_parallax_layout_fx_direction&quot;:null,&quot;jet_parallax_layout_z_index&quot;:&quot;&quot;,&quot;jet_parallax_layout_bg_x&quot;:50,&quot;jet_parallax_layout_bg_x_tablet&quot;:&quot;&quot;,&quot;jet_parallax_layout_bg_x_mobile&quot;:&quot;&quot;,&quot;jet_parallax_layout_bg_y&quot;:50,&quot;jet_parallax_layout_bg_y_tablet&quot;:&quot;&quot;,&quot;jet_parallax_layout_bg_y_mobile&quot;:&quot;&quot;,&quot;jet_parallax_layout_bg_size&quot;:&quot;auto&quot;,&quot;jet_parallax_layout_bg_size_tablet&quot;:&quot;&quot;,&quot;jet_parallax_layout_bg_size_mobile&quot;:&quot;&quot;,&quot;jet_parallax_layout_animation_prop&quot;:&quot;transform&quot;,&quot;jet_parallax_layout_on&quot;:[&quot;desktop&quot;,&quot;tablet&quot;]}]}\">\n\t\t\t\t\t\t<div class=\"elementor-container elementor-column-gap-default\">\n\t\t\t\t\t<div class=\"elementor-column elementor-col-100 elementor-top-column elementor-element elementor-element-af28083\" data-id=\"af28083\" data-element_type=\"column\" data-e-type=\"column\">\n\t\t\t<div class=\"elementor-widget-wrap elementor-element-populated\">\n\t\t\t\t\t\t<div class=\"elementor-element elementor-element-a4657e9 elementor-widget elementor-widget-image\" data-id=\"a4657e9\" data-element_type=\"widget\" data-e-type=\"widget\" data-widget_type=\"image.default\">\n\t\t\t\t<div class=\"elementor-widget-container\">\n\t\t\t\t\t\t\t\t\t\t\t\t\t\t\t<img fetchpriority=\"high\" decoding=\"async\" width=\"1024\" height=\"641\" src=\"https:\/\/falsterbobirdshow.com\/wp-content\/uploads\/sites\/42\/2019\/02\/f\u00e5gelsk\u00e5dning-tak-1200-1024x641.jpg\" class=\"attachment-large size-large wp-image-910\" alt=\"\" srcset=\"https:\/\/falsterbobirdshow.com\/wp-content\/uploads\/sites\/42\/2019\/02\/f\u00e5gelsk\u00e5dning-tak-1200-1024x641.jpg 1024w, https:\/\/falsterbobirdshow.com\/wp-content\/uploads\/sites\/42\/2019\/02\/f\u00e5gelsk\u00e5dning-tak-1200-300x188.jpg 300w, https:\/\/falsterbobirdshow.com\/wp-content\/uploads\/sites\/42\/2019\/02\/f\u00e5gelsk\u00e5dning-tak-1200-768x481.jpg 768w, https:\/\/falsterbobirdshow.com\/wp-content\/uploads\/sites\/42\/2019\/02\/f\u00e5gelsk\u00e5dning-tak-1200.jpg 1200w\" sizes=\"(max-width: 1024px) 100vw, 1024px\" \/>\t\t\t\t\t\t\t\t\t\t\t\t\t\t\t<\/div>\n\t\t\t\t<\/div>\n\t\t\t\t\t<\/div>\n\t\t<\/div>\n\t\t\t\t\t<\/div>\n\t\t<\/section>\n\t\t\t\t<section data-particle_enable=\"false\" data-particle-mobile-disabled=\"false\" class=\"elementor-section elementor-top-section elementor-element elementor-element-8052e4f elementor-section-boxed elementor-section-height-default elementor-section-height-default\" data-id=\"8052e4f\" data-element_type=\"section\" data-e-type=\"section\" data-settings=\"{&quot;jet_parallax_layout_list&quot;:[{&quot;jet_parallax_layout_image&quot;:{&quot;url&quot;:&quot;&quot;,&quot;id&quot;:&quot;&quot;,&quot;size&quot;:&quot;&quot;},&quot;_id&quot;:&quot;0b8d78e&quot;,&quot;jet_parallax_layout_speed&quot;:{&quot;unit&quot;:&quot;%&quot;,&quot;size&quot;:&quot;50&quot;,&quot;sizes&quot;:[]},&quot;jet_parallax_layout_image_tablet&quot;:{&quot;url&quot;:&quot;&quot;,&quot;id&quot;:&quot;&quot;,&quot;size&quot;:&quot;&quot;},&quot;jet_parallax_layout_image_mobile&quot;:{&quot;url&quot;:&quot;&quot;,&quot;id&quot;:&quot;&quot;,&quot;size&quot;:&quot;&quot;},&quot;jet_parallax_layout_type&quot;:&quot;scroll&quot;,&quot;jet_parallax_layout_direction&quot;:&quot;1&quot;,&quot;jet_parallax_layout_fx_direction&quot;:null,&quot;jet_parallax_layout_z_index&quot;:&quot;&quot;,&quot;jet_parallax_layout_bg_x&quot;:50,&quot;jet_parallax_layout_bg_x_tablet&quot;:&quot;&quot;,&quot;jet_parallax_layout_bg_x_mobile&quot;:&quot;&quot;,&quot;jet_parallax_layout_bg_y&quot;:50,&quot;jet_parallax_layout_bg_y_tablet&quot;:&quot;&quot;,&quot;jet_parallax_layout_bg_y_mobile&quot;:&quot;&quot;,&quot;jet_parallax_layout_bg_size&quot;:&quot;auto&quot;,&quot;jet_parallax_layout_bg_size_tablet&quot;:&quot;&quot;,&quot;jet_parallax_layout_bg_size_mobile&quot;:&quot;&quot;,&quot;jet_parallax_layout_animation_prop&quot;:&quot;transform&quot;,&quot;jet_parallax_layout_on&quot;:[&quot;desktop&quot;,&quot;tablet&quot;]}]}\">\n\t\t\t\t\t\t<div class=\"elementor-container elementor-column-gap-default\">\n\t\t\t\t\t<div class=\"elementor-column elementor-col-100 elementor-top-column elementor-element elementor-element-81e0e41\" data-id=\"81e0e41\" data-element_type=\"column\" data-e-type=\"column\">\n\t\t\t<div class=\"elementor-widget-wrap elementor-element-populated\">\n\t\t\t\t\t\t<div class=\"elementor-element elementor-element-0e064d0 elementor-widget elementor-widget-text-editor\" data-id=\"0e064d0\" data-element_type=\"widget\" data-e-type=\"widget\" data-widget_type=\"text-editor.default\">\n\t\t\t\t<div class=\"elementor-widget-container\">\n\t\t\t\t\t\t\t\t\t<p class=\"paragraph_style\"><span class=\"regulartext\">F\u00e5gelsk\u00e5dningen \u00e4r p\u00e5 frammarsch. I Sverige v\u00e4xer intresset f\u00f6r f\u00e5glar, och p\u00e5 senare \u00e5r har f\u00e5gelsk\u00e5dning varit den fritidssyssla utomhus som vuxit snabbast i USA. S\u00e5 vi \u00e4r inte ensamma om att gilla f\u00e5glar.\u00a0<\/span><\/p><p>\u00a0<\/p><p>Idag \u00e4r drygt 25 000 svenskar med i ornitologiska f\u00f6reningar \u2013 p\u00e5 nationell eller regional niv\u00e5 eller i en lokal f\u00e5gelklubb. Och antalet medlemmar v\u00e4xer som sagt.\u00a0<\/p><p>\u00a0<\/p><p class=\"paragraph_style_1\"><span class=\"regulartext\">F\u00e5gelsk\u00e5dning kan vara s\u00e5 mycket. F\u00f6r m\u00e5nga kan n\u00e4rstudier av rovf\u00e5glar \u00f6ver Falsterbon\u00e4set vara den optimala naturupplevelsen. Andra beger sig till avl\u00e4gsna \u00f6ar i sk\u00e4rg\u00e5rden f\u00f6r att s\u00f6ka felflugna sibiriska s\u00e4llsyntheter i buskagen. N\u00e5gra kompletterar turistandet under semestern till sydliga breddgrader med n\u00e5gra dagars tittande p\u00e5 f\u00e4rgglada, exotiska f\u00e5glar. M\u00e5nga n\u00f6jer sig med att gl\u00e4djas \u00e5t livet runt f\u00e5gelbordet under vintern eller vid holken p\u00e5 sommaren.<\/span><\/p><p>\u00a0<\/p><p class=\"paragraph_style_1\"><span class=\"regulartext\">F\u00e5gelsk\u00e5dning handlar helt enkelt om att titta p\u00e5 f\u00e5glar, fascineras och njuta av dessa fantastiska, bevingade varelser. I f\u00f6rl\u00e4ngningen handlar det ocks\u00e5 om att genom ett f\u00f6rdjupat engagemang bidra till att bevara ett rikt f\u00e5gelliv och en frisk livsmilj\u00f6 f\u00f6r oss alla.<\/span><\/p>\t\t\t\t\t\t\t\t<\/div>\n\t\t\t\t<\/div>\n\t\t\t\t\t<\/div>\n\t\t<\/div>\n\t\t\t\t\t<\/div>\n\t\t<\/section>\n\t\t\t\t<\/div>\n\t\t","protected":false},"excerpt":{"rendered":"<p>F\u00e5gelsk\u00e5dningen \u00e4r p\u00e5 frammarsch. I Sverige v\u00e4xer intresset f\u00f6r f\u00e5glar, och p\u00e5 senare \u00e5r har f\u00e5gelsk\u00e5dning varit den fritidssyssla utomhus som vuxit snabbast i USA. S\u00e5 vi \u00e4r inte ensamma [&hellip;]<\/p>\n","protected":false},"author":21,"featured_media":0,"parent":9,"menu_order":3,"comment_status":"closed","ping_status":"closed","template":"elementor_canvas","meta":{"_acf_changed":false,"inline_featured_image":false,"footnotes":""},"class_list":["post-738","page","type-page","status-publish","hentry"],"acf":[],"yoast_head":"<!-- This site is optimized with the Yoast SEO plugin v27.2 - https:\/\/yoast.com\/product\/yoast-seo-wordpress\/ -->\n<title>F\u00e5gelsk\u00e5dning - Falsterbo Bird Show<\/title>\n<meta name=\"robots\" content=\"index, follow, max-snippet:-1, max-image-preview:large, max-video-preview:-1\" \/>\n<link rel=\"canonical\" href=\"https:\/\/falsterbobirdshow.com\/en\/falsterbo-bird-show\/fagelskadning\/\" \/>\n<meta property=\"og:locale\" content=\"en_GB\" \/>\n<meta property=\"og:type\" content=\"article\" \/>\n<meta property=\"og:title\" content=\"F\u00e5gelsk\u00e5dning - Falsterbo Bird Show\" \/>\n<meta property=\"og:description\" content=\"F\u00e5gelsk\u00e5dningen \u00e4r p\u00e5 frammarsch. I Sverige v\u00e4xer intresset f\u00f6r f\u00e5glar, och p\u00e5 senare \u00e5r har f\u00e5gelsk\u00e5dning varit den fritidssyssla utomhus som vuxit snabbast i USA. S\u00e5 vi \u00e4r inte ensamma [&hellip;]\" \/>\n<meta property=\"og:url\" content=\"https:\/\/falsterbobirdshow.com\/en\/falsterbo-bird-show\/fagelskadning\/\" \/>\n<meta property=\"og:site_name\" content=\"Falsterbo Bird Show\" \/>\n<meta property=\"article:modified_time\" content=\"2025-08-01T05:50:42+00:00\" \/>\n<meta name=\"twitter:card\" content=\"summary_large_image\" \/>\n<meta name=\"twitter:label1\" content=\"Est. reading time\" \/>\n\t<meta name=\"twitter:data1\" content=\"2 minutes\" \/>\n<script type=\"application\/ld+json\" class=\"yoast-schema-graph\">{\"@context\":\"https:\/\/schema.org\",\"@graph\":[{\"@type\":\"WebPage\",\"@id\":\"https:\/\/falsterbobirdshow.com\/falsterbo-bird-show\/fagelskadning\/\",\"url\":\"https:\/\/falsterbobirdshow.com\/falsterbo-bird-show\/fagelskadning\/\",\"name\":\"F\u00e5gelsk\u00e5dning - Falsterbo Bird Show\",\"isPartOf\":{\"@id\":\"https:\/\/falsterbobirdshow.com\/#website\"},\"datePublished\":\"2019-01-03T13:47:23+00:00\",\"dateModified\":\"2025-08-01T05:50:42+00:00\",\"breadcrumb\":{\"@id\":\"https:\/\/falsterbobirdshow.com\/falsterbo-bird-show\/fagelskadning\/#breadcrumb\"},\"inLanguage\":\"en-GB\",\"potentialAction\":[{\"@type\":\"ReadAction\",\"target\":[\"https:\/\/falsterbobirdshow.com\/falsterbo-bird-show\/fagelskadning\/\"]}]},{\"@type\":\"BreadcrumbList\",\"@id\":\"https:\/\/falsterbobirdshow.com\/falsterbo-bird-show\/fagelskadning\/#breadcrumb\",\"itemListElement\":[{\"@type\":\"ListItem\",\"position\":1,\"name\":\"Home\",\"item\":\"https:\/\/falsterbobirdshow.com\/\"},{\"@type\":\"ListItem\",\"position\":2,\"name\":\"Falsterbo Bird Show 5-7 sep 2025\",\"item\":\"https:\/\/falsterbobirdshow.com\/\"},{\"@type\":\"ListItem\",\"position\":3,\"name\":\"F\u00e5gelsk\u00e5dning\"}]},{\"@type\":\"WebSite\",\"@id\":\"https:\/\/falsterbobirdshow.com\/#website\",\"url\":\"https:\/\/falsterbobirdshow.com\/\",\"name\":\"Falsterbo Bird Show\",\"description\":\"Falsterbo Bird Show 30 aug \u2013 1 Sep\",\"publisher\":{\"@id\":\"https:\/\/falsterbobirdshow.com\/#organization\"},\"potentialAction\":[{\"@type\":\"SearchAction\",\"target\":{\"@type\":\"EntryPoint\",\"urlTemplate\":\"https:\/\/falsterbobirdshow.com\/?s={search_term_string}\"},\"query-input\":{\"@type\":\"PropertyValueSpecification\",\"valueRequired\":true,\"valueName\":\"search_term_string\"}}],\"inLanguage\":\"en-GB\"},{\"@type\":\"Organization\",\"@id\":\"https:\/\/falsterbobirdshow.com\/#organization\",\"name\":\"Falsterbo Bird Show\",\"url\":\"https:\/\/falsterbobirdshow.com\/\",\"logo\":{\"@type\":\"ImageObject\",\"inLanguage\":\"en-GB\",\"@id\":\"https:\/\/falsterbobirdshow.com\/#\/schema\/logo\/image\/\",\"url\":\"https:\/\/cdn.birdlife.se\/wp-content\/uploads\/sites\/42\/2024\/02\/FBS-logo-rund-bla.png\",\"contentUrl\":\"https:\/\/cdn.birdlife.se\/wp-content\/uploads\/sites\/42\/2024\/02\/FBS-logo-rund-bla.png\",\"width\":1160,\"height\":1160,\"caption\":\"Falsterbo Bird Show\"},\"image\":{\"@id\":\"https:\/\/falsterbobirdshow.com\/#\/schema\/logo\/image\/\"}}]}<\/script>\n<!-- \/ Yoast SEO plugin. -->","yoast_head_json":{"title":"F\u00e5gelsk\u00e5dning - Falsterbo Bird Show","robots":{"index":"index","follow":"follow","max-snippet":"max-snippet:-1","max-image-preview":"max-image-preview:large","max-video-preview":"max-video-preview:-1"},"canonical":"https:\/\/falsterbobirdshow.com\/en\/falsterbo-bird-show\/fagelskadning\/","og_locale":"en_GB","og_type":"article","og_title":"F\u00e5gelsk\u00e5dning - Falsterbo Bird Show","og_description":"F\u00e5gelsk\u00e5dningen \u00e4r p\u00e5 frammarsch. I Sverige v\u00e4xer intresset f\u00f6r f\u00e5glar, och p\u00e5 senare \u00e5r har f\u00e5gelsk\u00e5dning varit den fritidssyssla utomhus som vuxit snabbast i USA. S\u00e5 vi \u00e4r inte ensamma [&hellip;]","og_url":"https:\/\/falsterbobirdshow.com\/en\/falsterbo-bird-show\/fagelskadning\/","og_site_name":"Falsterbo Bird Show","article_modified_time":"2025-08-01T05:50:42+00:00","twitter_card":"summary_large_image","twitter_misc":{"Est. reading time":"2 minutes"},"schema":{"@context":"https:\/\/schema.org","@graph":[{"@type":"WebPage","@id":"https:\/\/falsterbobirdshow.com\/falsterbo-bird-show\/fagelskadning\/","url":"https:\/\/falsterbobirdshow.com\/falsterbo-bird-show\/fagelskadning\/","name":"F\u00e5gelsk\u00e5dning - Falsterbo Bird Show","isPartOf":{"@id":"https:\/\/falsterbobirdshow.com\/#website"},"datePublished":"2019-01-03T13:47:23+00:00","dateModified":"2025-08-01T05:50:42+00:00","breadcrumb":{"@id":"https:\/\/falsterbobirdshow.com\/falsterbo-bird-show\/fagelskadning\/#breadcrumb"},"inLanguage":"en-GB","potentialAction":[{"@type":"ReadAction","target":["https:\/\/falsterbobirdshow.com\/falsterbo-bird-show\/fagelskadning\/"]}]},{"@type":"BreadcrumbList","@id":"https:\/\/falsterbobirdshow.com\/falsterbo-bird-show\/fagelskadning\/#breadcrumb","itemListElement":[{"@type":"ListItem","position":1,"name":"Home","item":"https:\/\/falsterbobirdshow.com\/"},{"@type":"ListItem","position":2,"name":"Falsterbo Bird Show 5-7 sep 2025","item":"https:\/\/falsterbobirdshow.com\/"},{"@type":"ListItem","position":3,"name":"F\u00e5gelsk\u00e5dning"}]},{"@type":"WebSite","@id":"https:\/\/falsterbobirdshow.com\/#website","url":"https:\/\/falsterbobirdshow.com\/","name":"Falsterbo Bird Show","description":"Falsterbo Bird Show 30 aug \u2013 1 Sep","publisher":{"@id":"https:\/\/falsterbobirdshow.com\/#organization"},"potentialAction":[{"@type":"SearchAction","target":{"@type":"EntryPoint","urlTemplate":"https:\/\/falsterbobirdshow.com\/?s={search_term_string}"},"query-input":{"@type":"PropertyValueSpecification","valueRequired":true,"valueName":"search_term_string"}}],"inLanguage":"en-GB"},{"@type":"Organization","@id":"https:\/\/falsterbobirdshow.com\/#organization","name":"Falsterbo Bird Show","url":"https:\/\/falsterbobirdshow.com\/","logo":{"@type":"ImageObject","inLanguage":"en-GB","@id":"https:\/\/falsterbobirdshow.com\/#\/schema\/logo\/image\/","url":"https:\/\/cdn.birdlife.se\/wp-content\/uploads\/sites\/42\/2024\/02\/FBS-logo-rund-bla.png","contentUrl":"https:\/\/cdn.birdlife.se\/wp-content\/uploads\/sites\/42\/2024\/02\/FBS-logo-rund-bla.png","width":1160,"height":1160,"caption":"Falsterbo Bird Show"},"image":{"@id":"https:\/\/falsterbobirdshow.com\/#\/schema\/logo\/image\/"}}]}},"_links":{"self":[{"href":"https:\/\/falsterbobirdshow.com\/en\/wp-json\/wp\/v2\/pages\/738","targetHints":{"allow":["GET"]}}],"collection":[{"href":"https:\/\/falsterbobirdshow.com\/en\/wp-json\/wp\/v2\/pages"}],"about":[{"href":"https:\/\/falsterbobirdshow.com\/en\/wp-json\/wp\/v2\/types\/page"}],"author":[{"embeddable":true,"href":"https:\/\/falsterbobirdshow.com\/en\/wp-json\/wp\/v2\/users\/21"}],"replies":[{"embeddable":true,"href":"https:\/\/falsterbobirdshow.com\/en\/wp-json\/wp\/v2\/comments?post=738"}],"version-history":[{"count":8,"href":"https:\/\/falsterbobirdshow.com\/en\/wp-json\/wp\/v2\/pages\/738\/revisions"}],"predecessor-version":[{"id":8705,"href":"https:\/\/falsterbobirdshow.com\/en\/wp-json\/wp\/v2\/pages\/738\/revisions\/8705"}],"up":[{"embeddable":true,"href":"https:\/\/falsterbobirdshow.com\/en\/wp-json\/wp\/v2\/pages\/9"}],"wp:attachment":[{"href":"https:\/\/falsterbobirdshow.com\/en\/wp-json\/wp\/v2\/media?parent=738"}],"curies":[{"name":"wp","href":"https:\/\/api.w.org\/{rel}","templated":true}]}}