{"id":3544,"date":"2022-08-31T14:24:59","date_gmt":"2022-08-31T12:24:59","guid":{"rendered":"https:\/\/falsterbobirdshow.com\/?page_id=3544"},"modified":"2025-01-10T07:25:52","modified_gmt":"2025-01-10T06:25:52","slug":"omradeskarta-falsterbo-bird-show","status":"publish","type":"page","link":"https:\/\/falsterbobirdshow.com\/en\/for-besokare\/program\/omradeskarta-falsterbo-bird-show\/","title":{"rendered":"Omr\u00e5deskarta Falsterbo Bird Show"},"content":{"rendered":"<div data-elementor-type=\"wp-page\" data-elementor-id=\"3544\" class=\"elementor elementor-3544\" data-elementor-post-type=\"page\">\n\t\t\t\t\t\t<section data-particle_enable=\"false\" data-particle-mobile-disabled=\"false\" class=\"elementor-section elementor-top-section elementor-element elementor-element-3b8c9da elementor-section-boxed elementor-section-height-default elementor-section-height-default\" data-id=\"3b8c9da\" data-element_type=\"section\" data-e-type=\"section\" data-settings=\"{&quot;jet_parallax_layout_list&quot;:[]}\">\n\t\t\t\t\t\t<div class=\"elementor-container elementor-column-gap-default\">\n\t\t\t\t\t<div class=\"elementor-column elementor-col-100 elementor-top-column elementor-element elementor-element-e902fa0\" data-id=\"e902fa0\" data-element_type=\"column\" data-e-type=\"column\">\n\t\t\t<div class=\"elementor-widget-wrap elementor-element-populated\">\n\t\t\t\t\t\t<div class=\"elementor-element elementor-element-c1dc62a elementor-widget elementor-widget-text-editor\" data-id=\"c1dc62a\" data-element_type=\"widget\" data-e-type=\"widget\" data-widget_type=\"text-editor.default\">\n\t\t\t\t<div class=\"elementor-widget-container\">\n\t\t\t\t\t\t\t\t\t<p>Ladda ner karta med utst\u00e4llarnamn h\u00e4r<\/p>\t\t\t\t\t\t\t\t<\/div>\n\t\t\t\t<\/div>\n\t\t\t\t\t<\/div>\n\t\t<\/div>\n\t\t\t\t\t<\/div>\n\t\t<\/section>\n\t\t\t\t<\/div>","protected":false},"excerpt":{"rendered":"<p>Ladda ner karta med utst\u00e4llarnamn h\u00e4r<\/p>","protected":false},"author":3,"featured_media":0,"parent":744,"menu_order":50,"comment_status":"closed","ping_status":"closed","template":"templates\/page-right.php","meta":{"_acf_changed":false,"inline_featured_image":false,"footnotes":""},"class_list":["post-3544","page","type-page","status-publish","hentry"],"acf":[],"yoast_head":"<!-- This site is optimized with the Yoast SEO plugin v27.4 - https:\/\/yoast.com\/product\/yoast-seo-wordpress\/ -->\n<title>Omr\u00e5deskarta Falsterbo Bird Show - Falsterbo Bird Show<\/title>\n<meta name=\"robots\" content=\"index, follow, max-snippet:-1, max-image-preview:large, max-video-preview:-1\" \/>\n<link rel=\"canonical\" href=\"https:\/\/falsterbobirdshow.com\/en\/for-besokare\/program\/omradeskarta-falsterbo-bird-show\/\" \/>\n<meta property=\"og:locale\" content=\"en_GB\" \/>\n<meta property=\"og:type\" content=\"article\" \/>\n<meta property=\"og:title\" content=\"Omr\u00e5deskarta Falsterbo Bird Show - Falsterbo Bird Show\" \/>\n<meta property=\"og:description\" content=\"Ladda ner karta med utst\u00e4llarnamn h\u00e4r\" \/>\n<meta property=\"og:url\" content=\"https:\/\/falsterbobirdshow.com\/en\/for-besokare\/program\/omradeskarta-falsterbo-bird-show\/\" \/>\n<meta property=\"og:site_name\" content=\"Falsterbo Bird Show\" \/>\n<meta property=\"article:modified_time\" content=\"2025-01-10T06:25:52+00:00\" \/>\n<meta name=\"twitter:card\" content=\"summary_large_image\" \/>\n<meta name=\"twitter:label1\" content=\"Est. reading time\" \/>\n\t<meta name=\"twitter:data1\" content=\"1 minute\" \/>\n<script type=\"application\/ld+json\" class=\"yoast-schema-graph\">{\"@context\":\"https:\\\/\\\/schema.org\",\"@graph\":[{\"@type\":\"WebPage\",\"@id\":\"https:\\\/\\\/falsterbobirdshow.com\\\/for-besokare\\\/program\\\/omradeskarta-falsterbo-bird-show\\\/\",\"url\":\"https:\\\/\\\/falsterbobirdshow.com\\\/for-besokare\\\/program\\\/omradeskarta-falsterbo-bird-show\\\/\",\"name\":\"Omr\u00e5deskarta Falsterbo Bird Show - Falsterbo Bird Show\",\"isPartOf\":{\"@id\":\"https:\\\/\\\/falsterbobirdshow.com\\\/#website\"},\"datePublished\":\"2022-08-31T12:24:59+00:00\",\"dateModified\":\"2025-01-10T06:25:52+00:00\",\"breadcrumb\":{\"@id\":\"https:\\\/\\\/falsterbobirdshow.com\\\/for-besokare\\\/program\\\/omradeskarta-falsterbo-bird-show\\\/#breadcrumb\"},\"inLanguage\":\"en-GB\",\"potentialAction\":[{\"@type\":\"ReadAction\",\"target\":[\"https:\\\/\\\/falsterbobirdshow.com\\\/for-besokare\\\/program\\\/omradeskarta-falsterbo-bird-show\\\/\"]}]},{\"@type\":\"BreadcrumbList\",\"@id\":\"https:\\\/\\\/falsterbobirdshow.com\\\/for-besokare\\\/program\\\/omradeskarta-falsterbo-bird-show\\\/#breadcrumb\",\"itemListElement\":[{\"@type\":\"ListItem\",\"position\":1,\"name\":\"Home\",\"item\":\"https:\\\/\\\/falsterbobirdshow.com\\\/\"},{\"@type\":\"ListItem\",\"position\":2,\"name\":\"F\u00f6r bes\u00f6kare\",\"item\":\"https:\\\/\\\/falsterbobirdshow.com\\\/for-besokare\\\/\"},{\"@type\":\"ListItem\",\"position\":3,\"name\":\"Program f\u00f6r Falsterbo Bird Show\",\"item\":\"https:\\\/\\\/falsterbobirdshow.com\\\/for-besokare\\\/program\\\/\"},{\"@type\":\"ListItem\",\"position\":4,\"name\":\"Omr\u00e5deskarta Falsterbo Bird Show\"}]},{\"@type\":\"WebSite\",\"@id\":\"https:\\\/\\\/falsterbobirdshow.com\\\/#website\",\"url\":\"https:\\\/\\\/falsterbobirdshow.com\\\/\",\"name\":\"Falsterbo Bird Show\",\"description\":\"Falsterbo Bird Show 30 aug \u2013 1 Sep\",\"publisher\":{\"@id\":\"https:\\\/\\\/falsterbobirdshow.com\\\/#organization\"},\"potentialAction\":[{\"@type\":\"SearchAction\",\"target\":{\"@type\":\"EntryPoint\",\"urlTemplate\":\"https:\\\/\\\/falsterbobirdshow.com\\\/?s={search_term_string}\"},\"query-input\":{\"@type\":\"PropertyValueSpecification\",\"valueRequired\":true,\"valueName\":\"search_term_string\"}}],\"inLanguage\":\"en-GB\"},{\"@type\":\"Organization\",\"@id\":\"https:\\\/\\\/falsterbobirdshow.com\\\/#organization\",\"name\":\"Falsterbo Bird Show\",\"url\":\"https:\\\/\\\/falsterbobirdshow.com\\\/\",\"logo\":{\"@type\":\"ImageObject\",\"inLanguage\":\"en-GB\",\"@id\":\"https:\\\/\\\/falsterbobirdshow.com\\\/#\\\/schema\\\/logo\\\/image\\\/\",\"url\":\"https:\\\/\\\/cdn.birdlife.se\\\/wp-content\\\/uploads\\\/sites\\\/42\\\/2024\\\/02\\\/FBS-logo-rund-bla.png\",\"contentUrl\":\"https:\\\/\\\/cdn.birdlife.se\\\/wp-content\\\/uploads\\\/sites\\\/42\\\/2024\\\/02\\\/FBS-logo-rund-bla.png\",\"width\":1160,\"height\":1160,\"caption\":\"Falsterbo Bird Show\"},\"image\":{\"@id\":\"https:\\\/\\\/falsterbobirdshow.com\\\/#\\\/schema\\\/logo\\\/image\\\/\"}}]}<\/script>\n<!-- \/ Yoast SEO plugin. -->","yoast_head_json":{"title":"Omr\u00e5deskarta Falsterbo Bird Show - Falsterbo Bird Show","robots":{"index":"index","follow":"follow","max-snippet":"max-snippet:-1","max-image-preview":"max-image-preview:large","max-video-preview":"max-video-preview:-1"},"canonical":"https:\/\/falsterbobirdshow.com\/en\/for-besokare\/program\/omradeskarta-falsterbo-bird-show\/","og_locale":"en_GB","og_type":"article","og_title":"Omr\u00e5deskarta Falsterbo Bird Show - Falsterbo Bird Show","og_description":"Ladda ner karta med utst\u00e4llarnamn h\u00e4r","og_url":"https:\/\/falsterbobirdshow.com\/en\/for-besokare\/program\/omradeskarta-falsterbo-bird-show\/","og_site_name":"Falsterbo Bird Show","article_modified_time":"2025-01-10T06:25:52+00:00","twitter_card":"summary_large_image","twitter_misc":{"Est. reading time":"1 minute"},"schema":{"@context":"https:\/\/schema.org","@graph":[{"@type":"WebPage","@id":"https:\/\/falsterbobirdshow.com\/for-besokare\/program\/omradeskarta-falsterbo-bird-show\/","url":"https:\/\/falsterbobirdshow.com\/for-besokare\/program\/omradeskarta-falsterbo-bird-show\/","name":"Omr\u00e5deskarta Falsterbo Bird Show - Falsterbo Bird Show","isPartOf":{"@id":"https:\/\/falsterbobirdshow.com\/#website"},"datePublished":"2022-08-31T12:24:59+00:00","dateModified":"2025-01-10T06:25:52+00:00","breadcrumb":{"@id":"https:\/\/falsterbobirdshow.com\/for-besokare\/program\/omradeskarta-falsterbo-bird-show\/#breadcrumb"},"inLanguage":"en-GB","potentialAction":[{"@type":"ReadAction","target":["https:\/\/falsterbobirdshow.com\/for-besokare\/program\/omradeskarta-falsterbo-bird-show\/"]}]},{"@type":"BreadcrumbList","@id":"https:\/\/falsterbobirdshow.com\/for-besokare\/program\/omradeskarta-falsterbo-bird-show\/#breadcrumb","itemListElement":[{"@type":"ListItem","position":1,"name":"Home","item":"https:\/\/falsterbobirdshow.com\/"},{"@type":"ListItem","position":2,"name":"F\u00f6r bes\u00f6kare","item":"https:\/\/falsterbobirdshow.com\/for-besokare\/"},{"@type":"ListItem","position":3,"name":"Program f\u00f6r Falsterbo Bird Show","item":"https:\/\/falsterbobirdshow.com\/for-besokare\/program\/"},{"@type":"ListItem","position":4,"name":"Omr\u00e5deskarta Falsterbo Bird Show"}]},{"@type":"WebSite","@id":"https:\/\/falsterbobirdshow.com\/#website","url":"https:\/\/falsterbobirdshow.com\/","name":"Falsterbo Bird Show","description":"Falsterbo Bird Show 30 aug \u2013 1 Sep","publisher":{"@id":"https:\/\/falsterbobirdshow.com\/#organization"},"potentialAction":[{"@type":"SearchAction","target":{"@type":"EntryPoint","urlTemplate":"https:\/\/falsterbobirdshow.com\/?s={search_term_string}"},"query-input":{"@type":"PropertyValueSpecification","valueRequired":true,"valueName":"search_term_string"}}],"inLanguage":"en-GB"},{"@type":"Organization","@id":"https:\/\/falsterbobirdshow.com\/#organization","name":"Falsterbo Bird Show","url":"https:\/\/falsterbobirdshow.com\/","logo":{"@type":"ImageObject","inLanguage":"en-GB","@id":"https:\/\/falsterbobirdshow.com\/#\/schema\/logo\/image\/","url":"https:\/\/cdn.birdlife.se\/wp-content\/uploads\/sites\/42\/2024\/02\/FBS-logo-rund-bla.png","contentUrl":"https:\/\/cdn.birdlife.se\/wp-content\/uploads\/sites\/42\/2024\/02\/FBS-logo-rund-bla.png","width":1160,"height":1160,"caption":"Falsterbo Bird Show"},"image":{"@id":"https:\/\/falsterbobirdshow.com\/#\/schema\/logo\/image\/"}}]}},"_links":{"self":[{"href":"https:\/\/falsterbobirdshow.com\/en\/wp-json\/wp\/v2\/pages\/3544","targetHints":{"allow":["GET"]}}],"collection":[{"href":"https:\/\/falsterbobirdshow.com\/en\/wp-json\/wp\/v2\/pages"}],"about":[{"href":"https:\/\/falsterbobirdshow.com\/en\/wp-json\/wp\/v2\/types\/page"}],"author":[{"embeddable":true,"href":"https:\/\/falsterbobirdshow.com\/en\/wp-json\/wp\/v2\/users\/3"}],"replies":[{"embeddable":true,"href":"https:\/\/falsterbobirdshow.com\/en\/wp-json\/wp\/v2\/comments?post=3544"}],"version-history":[{"count":42,"href":"https:\/\/falsterbobirdshow.com\/en\/wp-json\/wp\/v2\/pages\/3544\/revisions"}],"predecessor-version":[{"id":8241,"href":"https:\/\/falsterbobirdshow.com\/en\/wp-json\/wp\/v2\/pages\/3544\/revisions\/8241"}],"up":[{"embeddable":true,"href":"https:\/\/falsterbobirdshow.com\/en\/wp-json\/wp\/v2\/pages\/744"}],"wp:attachment":[{"href":"https:\/\/falsterbobirdshow.com\/en\/wp-json\/wp\/v2\/media?parent=3544"}],"curies":[{"name":"wp","href":"https:\/\/api.w.org\/{rel}","templated":true}]}}