{"id":2579,"date":"2022-07-21T10:05:27","date_gmt":"2022-07-21T08:05:27","guid":{"rendered":"https:\/\/falsterbobirdshow.com\/?page_id=2579"},"modified":"2025-12-26T07:45:55","modified_gmt":"2025-12-26T06:45:55","slug":"pa-scenen","status":"publish","type":"page","link":"https:\/\/falsterbobirdshow.com\/en\/for-besokare\/program\/pa-scenen\/","title":{"rendered":"On stage"},"content":{"rendered":"<div data-elementor-type=\"wp-page\" data-elementor-id=\"2579\" class=\"elementor elementor-2579\" data-elementor-post-type=\"page\">\n\t\t\t\t\t\t<section data-particle_enable=\"false\" data-particle-mobile-disabled=\"false\" class=\"elementor-section elementor-top-section elementor-element elementor-element-ecef6bc elementor-section-boxed elementor-section-height-default elementor-section-height-default\" data-id=\"ecef6bc\" data-element_type=\"section\" data-e-type=\"section\" data-settings=\"{&quot;jet_parallax_layout_list&quot;:[]}\">\n\t\t\t\t\t\t<div class=\"elementor-container elementor-column-gap-default\">\n\t\t\t\t\t<div class=\"elementor-column elementor-col-50 elementor-top-column elementor-element elementor-element-761fac3\" data-id=\"761fac3\" data-element_type=\"column\" data-e-type=\"column\">\n\t\t\t<div class=\"elementor-widget-wrap elementor-element-populated\">\n\t\t\t\t\t\t<div class=\"elementor-element elementor-element-10c5cf1 elementor-widget elementor-widget-image\" data-id=\"10c5cf1\" data-element_type=\"widget\" data-e-type=\"widget\" data-widget_type=\"image.default\">\n\t\t\t\t<div class=\"elementor-widget-container\">\n\t\t\t\t\t\t\t\t\t\t\t\t\t\t\t<img fetchpriority=\"high\" decoding=\"async\" width=\"1024\" height=\"680\" src=\"https:\/\/cdn.birdlife.se\/wp-content\/uploads\/sites\/42\/2023\/07\/Stage-1024x680.jpg\" class=\"attachment-large size-large wp-image-5229\" alt=\"\" srcset=\"https:\/\/cdn.birdlife.se\/wp-content\/uploads\/sites\/42\/2023\/07\/Stage-1024x680.jpg 1024w, https:\/\/cdn.birdlife.se\/wp-content\/uploads\/sites\/42\/2023\/07\/Stage-e1689671023905-300x199.jpg 300w, https:\/\/cdn.birdlife.se\/wp-content\/uploads\/sites\/42\/2023\/07\/Stage-e1689671023905-768x510.jpg 768w, https:\/\/cdn.birdlife.se\/wp-content\/uploads\/sites\/42\/2023\/07\/Stage-e1689671023905-18x12.jpg 18w, https:\/\/cdn.birdlife.se\/wp-content\/uploads\/sites\/42\/2023\/07\/Stage-e1689671023905.jpg 900w\" sizes=\"(max-width: 1024px) 100vw, 1024px\" \/>\t\t\t\t\t\t\t\t\t\t\t\t\t\t\t<\/div>\n\t\t\t\t<\/div>\n\t\t\t\t<div class=\"elementor-element elementor-element-899bf32 elementor-widget elementor-widget-text-editor\" data-id=\"899bf32\" data-element_type=\"widget\" data-e-type=\"widget\" data-widget_type=\"text-editor.default\">\n\t\t\t\t<div class=\"elementor-widget-container\">\n\t\t\t\t\t\t\t\t\t<p>Image credit to: <a href=\"https:\/\/supremelasertag.com\/\">Laser Tag Birthday Party<\/a><\/p>\t\t\t\t\t\t\t\t<\/div>\n\t\t\t\t<\/div>\n\t\t\t\t\t<\/div>\n\t\t<\/div>\n\t\t\t\t<div class=\"elementor-column elementor-col-50 elementor-top-column elementor-element elementor-element-5369ce6\" data-id=\"5369ce6\" data-element_type=\"column\" data-e-type=\"column\">\n\t\t\t<div class=\"elementor-widget-wrap elementor-element-populated\">\n\t\t\t\t\t\t<div class=\"elementor-element elementor-element-9658ada elementor-widget elementor-widget-text-editor\" data-id=\"9658ada\" data-element_type=\"widget\" data-e-type=\"widget\" data-widget_type=\"text-editor.default\">\n\t\t\t\t<div class=\"elementor-widget-container\">\n\t\t\t\t\t\t\t\t\t<p>P\u00e5 scenen bjuds det p\u00e5 aktiviteter av olika karakt\u00e4r.\u00a0<\/p>\t\t\t\t\t\t\t\t<\/div>\n\t\t\t\t<\/div>\n\t\t\t\t\t<\/div>\n\t\t<\/div>\n\t\t\t\t\t<\/div>\n\t\t<\/section>\n\t\t\t\t<section data-particle_enable=\"false\" data-particle-mobile-disabled=\"false\" class=\"elementor-section elementor-top-section elementor-element elementor-element-438500b elementor-section-boxed elementor-section-height-default elementor-section-height-default\" data-id=\"438500b\" data-element_type=\"section\" data-e-type=\"section\" data-settings=\"{&quot;jet_parallax_layout_list&quot;:[]}\">\n\t\t\t\t\t\t<div class=\"elementor-container elementor-column-gap-default\">\n\t\t\t\t\t<div class=\"elementor-column elementor-col-100 elementor-top-column elementor-element elementor-element-f0932e1\" data-id=\"f0932e1\" data-element_type=\"column\" data-e-type=\"column\">\n\t\t\t<div class=\"elementor-widget-wrap elementor-element-populated\">\n\t\t\t\t\t\t<div class=\"elementor-element elementor-element-6645f74 elementor-widget-divider--view-line elementor-widget elementor-widget-divider\" data-id=\"6645f74\" data-element_type=\"widget\" data-e-type=\"widget\" data-widget_type=\"divider.default\">\n\t\t\t\t<div class=\"elementor-widget-container\">\n\t\t\t\t\t\t\t<div class=\"elementor-divider\">\n\t\t\t<span class=\"elementor-divider-separator\">\n\t\t\t\t\t\t<\/span>\n\t\t<\/div>\n\t\t\t\t\t\t<\/div>\n\t\t\t\t<\/div>\n\t\t\t\t\t<\/div>\n\t\t<\/div>\n\t\t\t\t\t<\/div>\n\t\t<\/section>\n\t\t\t\t<section data-particle_enable=\"false\" data-particle-mobile-disabled=\"false\" class=\"elementor-section elementor-top-section elementor-element elementor-element-c8ae43e elementor-section-boxed elementor-section-height-default elementor-section-height-default\" data-id=\"c8ae43e\" data-element_type=\"section\" data-e-type=\"section\" data-settings=\"{&quot;jet_parallax_layout_list&quot;:[]}\">\n\t\t\t\t\t\t<div class=\"elementor-container elementor-column-gap-default\">\n\t\t\t\t\t<div class=\"elementor-column elementor-col-100 elementor-top-column elementor-element elementor-element-ac1d6d2\" data-id=\"ac1d6d2\" data-element_type=\"column\" data-e-type=\"column\">\n\t\t\t<div class=\"elementor-widget-wrap elementor-element-populated\">\n\t\t\t\t\t\t<div class=\"elementor-element elementor-element-83d5269 elementor-widget elementor-widget-heading\" data-id=\"83d5269\" data-element_type=\"widget\" data-e-type=\"widget\" data-widget_type=\"heading.default\">\n\t\t\t\t<div class=\"elementor-widget-container\">\n\t\t\t\t\t<h2 class=\"elementor-heading-title elementor-size-default\">Friday 30\/8<\/h2>\t\t\t\t<\/div>\n\t\t\t\t<\/div>\n\t\t\t\t<div class=\"elementor-element elementor-element-57b52c6 elementor-widget elementor-widget-jet-posts\" data-id=\"57b52c6\" data-element_type=\"widget\" data-e-type=\"widget\" data-settings=\"{&quot;columns_mobile&quot;:&quot;1&quot;,&quot;columns&quot;:3,&quot;slides_to_scroll&quot;:&quot;1&quot;}\" data-widget_type=\"jet-posts.default\">\n\t\t\t\t<div class=\"elementor-widget-container\">\n\t\t\t\t\t<div class=\"elementor-jet-posts jet-elements\"><div class=\"jet-posts col-row\"><\/div>\n<\/div>\t\t\t\t<\/div>\n\t\t\t\t<\/div>\n\t\t\t\t\t<\/div>\n\t\t<\/div>\n\t\t\t\t\t<\/div>\n\t\t<\/section>\n\t\t\t\t<section data-particle_enable=\"false\" data-particle-mobile-disabled=\"false\" class=\"elementor-section elementor-top-section elementor-element elementor-element-878c884 elementor-section-boxed elementor-section-height-default elementor-section-height-default\" data-id=\"878c884\" data-element_type=\"section\" data-e-type=\"section\" data-settings=\"{&quot;jet_parallax_layout_list&quot;:[]}\">\n\t\t\t\t\t\t<div class=\"elementor-container elementor-column-gap-default\">\n\t\t\t\t\t<div class=\"elementor-column elementor-col-100 elementor-top-column elementor-element elementor-element-5c885a9\" data-id=\"5c885a9\" data-element_type=\"column\" data-e-type=\"column\">\n\t\t\t<div class=\"elementor-widget-wrap elementor-element-populated\">\n\t\t\t\t\t\t<div class=\"elementor-element elementor-element-7c9c674 elementor-widget-divider--view-line elementor-widget elementor-widget-divider\" data-id=\"7c9c674\" data-element_type=\"widget\" data-e-type=\"widget\" data-widget_type=\"divider.default\">\n\t\t\t\t<div class=\"elementor-widget-container\">\n\t\t\t\t\t\t\t<div class=\"elementor-divider\">\n\t\t\t<span class=\"elementor-divider-separator\">\n\t\t\t\t\t\t<\/span>\n\t\t<\/div>\n\t\t\t\t\t\t<\/div>\n\t\t\t\t<\/div>\n\t\t\t\t\t<\/div>\n\t\t<\/div>\n\t\t\t\t\t<\/div>\n\t\t<\/section>\n\t\t\t\t<section data-particle_enable=\"false\" data-particle-mobile-disabled=\"false\" class=\"elementor-section elementor-top-section elementor-element elementor-element-86665fe elementor-section-boxed elementor-section-height-default elementor-section-height-default\" data-id=\"86665fe\" data-element_type=\"section\" data-e-type=\"section\" data-settings=\"{&quot;jet_parallax_layout_list&quot;:[]}\">\n\t\t\t\t\t\t<div class=\"elementor-container elementor-column-gap-default\">\n\t\t\t\t\t<div class=\"elementor-column elementor-col-100 elementor-top-column elementor-element elementor-element-98d7310\" data-id=\"98d7310\" data-element_type=\"column\" data-e-type=\"column\">\n\t\t\t<div class=\"elementor-widget-wrap elementor-element-populated\">\n\t\t\t\t\t\t<div class=\"elementor-element elementor-element-cc4a93a elementor-widget elementor-widget-heading\" data-id=\"cc4a93a\" data-element_type=\"widget\" data-e-type=\"widget\" data-widget_type=\"heading.default\">\n\t\t\t\t<div class=\"elementor-widget-container\">\n\t\t\t\t\t<h2 class=\"elementor-heading-title elementor-size-default\">Saturday 31\/8<\/h2>\t\t\t\t<\/div>\n\t\t\t\t<\/div>\n\t\t\t\t<div class=\"elementor-element elementor-element-670faa6 elementor-widget elementor-widget-jet-posts\" data-id=\"670faa6\" data-element_type=\"widget\" data-e-type=\"widget\" data-settings=\"{&quot;columns_mobile&quot;:&quot;1&quot;,&quot;columns&quot;:3,&quot;slides_to_scroll&quot;:&quot;1&quot;}\" data-widget_type=\"jet-posts.default\">\n\t\t\t\t<div class=\"elementor-widget-container\">\n\t\t\t\t\t<div class=\"elementor-jet-posts jet-elements\"><div class=\"jet-posts col-row\"><\/div>\n<\/div>\t\t\t\t<\/div>\n\t\t\t\t<\/div>\n\t\t\t\t\t<\/div>\n\t\t<\/div>\n\t\t\t\t\t<\/div>\n\t\t<\/section>\n\t\t\t\t<section data-particle_enable=\"false\" data-particle-mobile-disabled=\"false\" class=\"elementor-section elementor-top-section elementor-element elementor-element-c2b93e5 elementor-section-boxed elementor-section-height-default elementor-section-height-default\" data-id=\"c2b93e5\" data-element_type=\"section\" data-e-type=\"section\" data-settings=\"{&quot;jet_parallax_layout_list&quot;:[]}\">\n\t\t\t\t\t\t<div class=\"elementor-container elementor-column-gap-default\">\n\t\t\t\t\t<div class=\"elementor-column elementor-col-100 elementor-top-column elementor-element elementor-element-1a9b7b0\" data-id=\"1a9b7b0\" data-element_type=\"column\" data-e-type=\"column\">\n\t\t\t<div class=\"elementor-widget-wrap elementor-element-populated\">\n\t\t\t\t\t\t<div class=\"elementor-element elementor-element-0d66dba elementor-widget-divider--view-line elementor-widget elementor-widget-divider\" data-id=\"0d66dba\" data-element_type=\"widget\" data-e-type=\"widget\" data-widget_type=\"divider.default\">\n\t\t\t\t<div class=\"elementor-widget-container\">\n\t\t\t\t\t\t\t<div class=\"elementor-divider\">\n\t\t\t<span class=\"elementor-divider-separator\">\n\t\t\t\t\t\t<\/span>\n\t\t<\/div>\n\t\t\t\t\t\t<\/div>\n\t\t\t\t<\/div>\n\t\t\t\t\t<\/div>\n\t\t<\/div>\n\t\t\t\t\t<\/div>\n\t\t<\/section>\n\t\t\t\t<section data-particle_enable=\"false\" data-particle-mobile-disabled=\"false\" class=\"elementor-section elementor-top-section elementor-element elementor-element-d21f143 elementor-section-boxed elementor-section-height-default elementor-section-height-default\" data-id=\"d21f143\" data-element_type=\"section\" data-e-type=\"section\" data-settings=\"{&quot;jet_parallax_layout_list&quot;:[]}\">\n\t\t\t\t\t\t<div class=\"elementor-container elementor-column-gap-default\">\n\t\t\t\t\t<div class=\"elementor-column elementor-col-100 elementor-top-column elementor-element elementor-element-9c38e82\" data-id=\"9c38e82\" data-element_type=\"column\" data-e-type=\"column\">\n\t\t\t<div class=\"elementor-widget-wrap elementor-element-populated\">\n\t\t\t\t\t\t<div class=\"elementor-element elementor-element-dde5372 elementor-widget elementor-widget-heading\" data-id=\"dde5372\" data-element_type=\"widget\" data-e-type=\"widget\" data-widget_type=\"heading.default\">\n\t\t\t\t<div class=\"elementor-widget-container\">\n\t\t\t\t\t<h2 class=\"elementor-heading-title elementor-size-default\">Sunday 1\/9<\/h2>\t\t\t\t<\/div>\n\t\t\t\t<\/div>\n\t\t\t\t<div class=\"elementor-element elementor-element-0f33c29 elementor-widget elementor-widget-jet-posts\" data-id=\"0f33c29\" data-element_type=\"widget\" data-e-type=\"widget\" data-settings=\"{&quot;columns_mobile&quot;:&quot;1&quot;,&quot;columns&quot;:3,&quot;slides_to_scroll&quot;:&quot;1&quot;}\" data-widget_type=\"jet-posts.default\">\n\t\t\t\t<div class=\"elementor-widget-container\">\n\t\t\t\t\t<div class=\"elementor-jet-posts jet-elements\"><div class=\"jet-posts col-row\"><\/div>\n<\/div>\t\t\t\t<\/div>\n\t\t\t\t<\/div>\n\t\t\t\t\t<\/div>\n\t\t<\/div>\n\t\t\t\t\t<\/div>\n\t\t<\/section>\n\t\t\t\t<\/div>","protected":false},"excerpt":{"rendered":"<p>Image credit to: Laser Tag Birthday Party P\u00e5 scenen bjuds det p\u00e5 aktiviteter av olika karakt\u00e4r.\u00a0 Fredag 30\/8 L\u00f6rdag 31\/8 S\u00f6ndag 1\/9<\/p>","protected":false},"author":3,"featured_media":0,"parent":744,"menu_order":0,"comment_status":"closed","ping_status":"closed","template":"templates\/page-right.php","meta":{"_acf_changed":false,"inline_featured_image":false,"footnotes":""},"class_list":["post-2579","page","type-page","status-publish","hentry"],"acf":[],"yoast_head":"<!-- This site is optimized with the Yoast SEO plugin v27.4 - https:\/\/yoast.com\/product\/yoast-seo-wordpress\/ -->\n<title>P\u00e5 scenen - Falsterbo Bird Show<\/title>\n<meta name=\"robots\" content=\"index, follow, max-snippet:-1, max-image-preview:large, max-video-preview:-1\" \/>\n<link rel=\"canonical\" href=\"https:\/\/falsterbobirdshow.com\/en\/for-besokare\/program\/pa-scenen\/\" \/>\n<meta property=\"og:locale\" content=\"en_GB\" \/>\n<meta property=\"og:type\" content=\"article\" \/>\n<meta property=\"og:title\" content=\"P\u00e5 scenen - Falsterbo Bird Show\" \/>\n<meta property=\"og:description\" content=\"Image credit to: Laser Tag Birthday Party P\u00e5 scenen bjuds det p\u00e5 aktiviteter av olika karakt\u00e4r.\u00a0 Fredag 30\/8 L\u00f6rdag 31\/8 S\u00f6ndag 1\/9\" \/>\n<meta property=\"og:url\" content=\"https:\/\/falsterbobirdshow.com\/en\/for-besokare\/program\/pa-scenen\/\" \/>\n<meta property=\"og:site_name\" content=\"Falsterbo Bird Show\" \/>\n<meta property=\"article:modified_time\" content=\"2025-12-26T06:45:55+00:00\" \/>\n<meta property=\"og:image\" content=\"https:\/\/falsterbobirdshow.com\/wp-content\/uploads\/sites\/42\/2023\/07\/Stage-1024x680.jpg\" \/>\n<meta name=\"twitter:card\" content=\"summary_large_image\" \/>\n<meta name=\"twitter:label1\" content=\"Est. reading time\" \/>\n\t<meta name=\"twitter:data1\" content=\"1 minute\" \/>\n<script type=\"application\/ld+json\" class=\"yoast-schema-graph\">{\"@context\":\"https:\\\/\\\/schema.org\",\"@graph\":[{\"@type\":\"WebPage\",\"@id\":\"https:\\\/\\\/falsterbobirdshow.com\\\/for-besokare\\\/program\\\/pa-scenen\\\/\",\"url\":\"https:\\\/\\\/falsterbobirdshow.com\\\/for-besokare\\\/program\\\/pa-scenen\\\/\",\"name\":\"P\u00e5 scenen - Falsterbo Bird Show\",\"isPartOf\":{\"@id\":\"https:\\\/\\\/falsterbobirdshow.com\\\/#website\"},\"primaryImageOfPage\":{\"@id\":\"https:\\\/\\\/falsterbobirdshow.com\\\/for-besokare\\\/program\\\/pa-scenen\\\/#primaryimage\"},\"image\":{\"@id\":\"https:\\\/\\\/falsterbobirdshow.com\\\/for-besokare\\\/program\\\/pa-scenen\\\/#primaryimage\"},\"thumbnailUrl\":\"https:\\\/\\\/falsterbobirdshow.com\\\/wp-content\\\/uploads\\\/sites\\\/42\\\/2023\\\/07\\\/Stage-1024x680.jpg\",\"datePublished\":\"2022-07-21T08:05:27+00:00\",\"dateModified\":\"2025-12-26T06:45:55+00:00\",\"breadcrumb\":{\"@id\":\"https:\\\/\\\/falsterbobirdshow.com\\\/for-besokare\\\/program\\\/pa-scenen\\\/#breadcrumb\"},\"inLanguage\":\"en-GB\",\"potentialAction\":[{\"@type\":\"ReadAction\",\"target\":[\"https:\\\/\\\/falsterbobirdshow.com\\\/for-besokare\\\/program\\\/pa-scenen\\\/\"]}]},{\"@type\":\"ImageObject\",\"inLanguage\":\"en-GB\",\"@id\":\"https:\\\/\\\/falsterbobirdshow.com\\\/for-besokare\\\/program\\\/pa-scenen\\\/#primaryimage\",\"url\":\"https:\\\/\\\/falsterbobirdshow.com\\\/wp-content\\\/uploads\\\/sites\\\/42\\\/2023\\\/07\\\/Stage-1024x680.jpg\",\"contentUrl\":\"https:\\\/\\\/falsterbobirdshow.com\\\/wp-content\\\/uploads\\\/sites\\\/42\\\/2023\\\/07\\\/Stage-1024x680.jpg\"},{\"@type\":\"BreadcrumbList\",\"@id\":\"https:\\\/\\\/falsterbobirdshow.com\\\/for-besokare\\\/program\\\/pa-scenen\\\/#breadcrumb\",\"itemListElement\":[{\"@type\":\"ListItem\",\"position\":1,\"name\":\"Home\",\"item\":\"https:\\\/\\\/falsterbobirdshow.com\\\/\"},{\"@type\":\"ListItem\",\"position\":2,\"name\":\"F\u00f6r bes\u00f6kare\",\"item\":\"https:\\\/\\\/falsterbobirdshow.com\\\/for-besokare\\\/\"},{\"@type\":\"ListItem\",\"position\":3,\"name\":\"Program f\u00f6r Falsterbo Bird Show\",\"item\":\"https:\\\/\\\/falsterbobirdshow.com\\\/for-besokare\\\/program\\\/\"},{\"@type\":\"ListItem\",\"position\":4,\"name\":\"P\u00e5 scenen\"}]},{\"@type\":\"WebSite\",\"@id\":\"https:\\\/\\\/falsterbobirdshow.com\\\/#website\",\"url\":\"https:\\\/\\\/falsterbobirdshow.com\\\/\",\"name\":\"Falsterbo Bird Show\",\"description\":\"Falsterbo Bird Show 30 aug \u2013 1 Sep\",\"publisher\":{\"@id\":\"https:\\\/\\\/falsterbobirdshow.com\\\/#organization\"},\"potentialAction\":[{\"@type\":\"SearchAction\",\"target\":{\"@type\":\"EntryPoint\",\"urlTemplate\":\"https:\\\/\\\/falsterbobirdshow.com\\\/?s={search_term_string}\"},\"query-input\":{\"@type\":\"PropertyValueSpecification\",\"valueRequired\":true,\"valueName\":\"search_term_string\"}}],\"inLanguage\":\"en-GB\"},{\"@type\":\"Organization\",\"@id\":\"https:\\\/\\\/falsterbobirdshow.com\\\/#organization\",\"name\":\"Falsterbo Bird Show\",\"url\":\"https:\\\/\\\/falsterbobirdshow.com\\\/\",\"logo\":{\"@type\":\"ImageObject\",\"inLanguage\":\"en-GB\",\"@id\":\"https:\\\/\\\/falsterbobirdshow.com\\\/#\\\/schema\\\/logo\\\/image\\\/\",\"url\":\"https:\\\/\\\/cdn.birdlife.se\\\/wp-content\\\/uploads\\\/sites\\\/42\\\/2024\\\/02\\\/FBS-logo-rund-bla.png\",\"contentUrl\":\"https:\\\/\\\/cdn.birdlife.se\\\/wp-content\\\/uploads\\\/sites\\\/42\\\/2024\\\/02\\\/FBS-logo-rund-bla.png\",\"width\":1160,\"height\":1160,\"caption\":\"Falsterbo Bird Show\"},\"image\":{\"@id\":\"https:\\\/\\\/falsterbobirdshow.com\\\/#\\\/schema\\\/logo\\\/image\\\/\"}}]}<\/script>\n<!-- \/ Yoast SEO plugin. -->","yoast_head_json":{"title":"P\u00e5 scenen - Falsterbo Bird Show","robots":{"index":"index","follow":"follow","max-snippet":"max-snippet:-1","max-image-preview":"max-image-preview:large","max-video-preview":"max-video-preview:-1"},"canonical":"https:\/\/falsterbobirdshow.com\/en\/for-besokare\/program\/pa-scenen\/","og_locale":"en_GB","og_type":"article","og_title":"P\u00e5 scenen - Falsterbo Bird Show","og_description":"Image credit to: Laser Tag Birthday Party P\u00e5 scenen bjuds det p\u00e5 aktiviteter av olika karakt\u00e4r.\u00a0 Fredag 30\/8 L\u00f6rdag 31\/8 S\u00f6ndag 1\/9","og_url":"https:\/\/falsterbobirdshow.com\/en\/for-besokare\/program\/pa-scenen\/","og_site_name":"Falsterbo Bird Show","article_modified_time":"2025-12-26T06:45:55+00:00","og_image":[{"url":"https:\/\/falsterbobirdshow.com\/wp-content\/uploads\/sites\/42\/2023\/07\/Stage-1024x680.jpg","type":"","width":"","height":""}],"twitter_card":"summary_large_image","twitter_misc":{"Est. reading time":"1 minute"},"schema":{"@context":"https:\/\/schema.org","@graph":[{"@type":"WebPage","@id":"https:\/\/falsterbobirdshow.com\/for-besokare\/program\/pa-scenen\/","url":"https:\/\/falsterbobirdshow.com\/for-besokare\/program\/pa-scenen\/","name":"P\u00e5 scenen - Falsterbo Bird Show","isPartOf":{"@id":"https:\/\/falsterbobirdshow.com\/#website"},"primaryImageOfPage":{"@id":"https:\/\/falsterbobirdshow.com\/for-besokare\/program\/pa-scenen\/#primaryimage"},"image":{"@id":"https:\/\/falsterbobirdshow.com\/for-besokare\/program\/pa-scenen\/#primaryimage"},"thumbnailUrl":"https:\/\/falsterbobirdshow.com\/wp-content\/uploads\/sites\/42\/2023\/07\/Stage-1024x680.jpg","datePublished":"2022-07-21T08:05:27+00:00","dateModified":"2025-12-26T06:45:55+00:00","breadcrumb":{"@id":"https:\/\/falsterbobirdshow.com\/for-besokare\/program\/pa-scenen\/#breadcrumb"},"inLanguage":"en-GB","potentialAction":[{"@type":"ReadAction","target":["https:\/\/falsterbobirdshow.com\/for-besokare\/program\/pa-scenen\/"]}]},{"@type":"ImageObject","inLanguage":"en-GB","@id":"https:\/\/falsterbobirdshow.com\/for-besokare\/program\/pa-scenen\/#primaryimage","url":"https:\/\/falsterbobirdshow.com\/wp-content\/uploads\/sites\/42\/2023\/07\/Stage-1024x680.jpg","contentUrl":"https:\/\/falsterbobirdshow.com\/wp-content\/uploads\/sites\/42\/2023\/07\/Stage-1024x680.jpg"},{"@type":"BreadcrumbList","@id":"https:\/\/falsterbobirdshow.com\/for-besokare\/program\/pa-scenen\/#breadcrumb","itemListElement":[{"@type":"ListItem","position":1,"name":"Home","item":"https:\/\/falsterbobirdshow.com\/"},{"@type":"ListItem","position":2,"name":"F\u00f6r bes\u00f6kare","item":"https:\/\/falsterbobirdshow.com\/for-besokare\/"},{"@type":"ListItem","position":3,"name":"Program f\u00f6r Falsterbo Bird Show","item":"https:\/\/falsterbobirdshow.com\/for-besokare\/program\/"},{"@type":"ListItem","position":4,"name":"P\u00e5 scenen"}]},{"@type":"WebSite","@id":"https:\/\/falsterbobirdshow.com\/#website","url":"https:\/\/falsterbobirdshow.com\/","name":"Falsterbo Bird Show","description":"Falsterbo Bird Show 30 aug \u2013 1 Sep","publisher":{"@id":"https:\/\/falsterbobirdshow.com\/#organization"},"potentialAction":[{"@type":"SearchAction","target":{"@type":"EntryPoint","urlTemplate":"https:\/\/falsterbobirdshow.com\/?s={search_term_string}"},"query-input":{"@type":"PropertyValueSpecification","valueRequired":true,"valueName":"search_term_string"}}],"inLanguage":"en-GB"},{"@type":"Organization","@id":"https:\/\/falsterbobirdshow.com\/#organization","name":"Falsterbo Bird Show","url":"https:\/\/falsterbobirdshow.com\/","logo":{"@type":"ImageObject","inLanguage":"en-GB","@id":"https:\/\/falsterbobirdshow.com\/#\/schema\/logo\/image\/","url":"https:\/\/cdn.birdlife.se\/wp-content\/uploads\/sites\/42\/2024\/02\/FBS-logo-rund-bla.png","contentUrl":"https:\/\/cdn.birdlife.se\/wp-content\/uploads\/sites\/42\/2024\/02\/FBS-logo-rund-bla.png","width":1160,"height":1160,"caption":"Falsterbo Bird Show"},"image":{"@id":"https:\/\/falsterbobirdshow.com\/#\/schema\/logo\/image\/"}}]}},"_links":{"self":[{"href":"https:\/\/falsterbobirdshow.com\/en\/wp-json\/wp\/v2\/pages\/2579","targetHints":{"allow":["GET"]}}],"collection":[{"href":"https:\/\/falsterbobirdshow.com\/en\/wp-json\/wp\/v2\/pages"}],"about":[{"href":"https:\/\/falsterbobirdshow.com\/en\/wp-json\/wp\/v2\/types\/page"}],"author":[{"embeddable":true,"href":"https:\/\/falsterbobirdshow.com\/en\/wp-json\/wp\/v2\/users\/3"}],"replies":[{"embeddable":true,"href":"https:\/\/falsterbobirdshow.com\/en\/wp-json\/wp\/v2\/comments?post=2579"}],"version-history":[{"count":49,"href":"https:\/\/falsterbobirdshow.com\/en\/wp-json\/wp\/v2\/pages\/2579\/revisions"}],"predecessor-version":[{"id":8867,"href":"https:\/\/falsterbobirdshow.com\/en\/wp-json\/wp\/v2\/pages\/2579\/revisions\/8867"}],"up":[{"embeddable":true,"href":"https:\/\/falsterbobirdshow.com\/en\/wp-json\/wp\/v2\/pages\/744"}],"wp:attachment":[{"href":"https:\/\/falsterbobirdshow.com\/en\/wp-json\/wp\/v2\/media?parent=2579"}],"curies":[{"name":"wp","href":"https:\/\/api.w.org\/{rel}","templated":true}]}}