{"id":2577,"date":"2022-07-21T10:05:01","date_gmt":"2022-07-21T08:05:01","guid":{"rendered":"https:\/\/falsterbobirdshow.com\/?page_id=2577"},"modified":"2024-07-12T08:17:35","modified_gmt":"2024-07-12T06:17:35","slug":"exkursioner","status":"publish","type":"page","link":"https:\/\/falsterbobirdshow.com\/en\/for-besokare\/program\/exkursioner\/","title":{"rendered":"Excursions"},"content":{"rendered":"<div data-elementor-type=\"wp-page\" data-elementor-id=\"2577\" class=\"elementor elementor-2577\" data-elementor-post-type=\"page\">\n\t\t\t\t\t\t<section data-particle_enable=\"false\" data-particle-mobile-disabled=\"false\" class=\"elementor-section elementor-top-section elementor-element elementor-element-7b39d14 elementor-section-boxed elementor-section-height-default elementor-section-height-default\" data-id=\"7b39d14\" data-element_type=\"section\" data-e-type=\"section\" data-settings=\"{&quot;jet_parallax_layout_list&quot;:[]}\">\n\t\t\t\t\t\t<div class=\"elementor-container elementor-column-gap-default\">\n\t\t\t\t\t<div class=\"elementor-column elementor-col-50 elementor-top-column elementor-element elementor-element-092eb9b\" data-id=\"092eb9b\" data-element_type=\"column\" data-e-type=\"column\">\n\t\t\t<div class=\"elementor-widget-wrap elementor-element-populated\">\n\t\t\t\t\t\t<div class=\"elementor-element elementor-element-2c4e40b elementor-widget elementor-widget-image\" data-id=\"2c4e40b\" data-element_type=\"widget\" data-e-type=\"widget\" data-widget_type=\"image.default\">\n\t\t\t\t<div class=\"elementor-widget-container\">\n\t\t\t\t\t\t\t\t\t\t\t\t\t\t\t<img fetchpriority=\"high\" decoding=\"async\" width=\"531\" height=\"354\" src=\"https:\/\/falsterbobirdshow.com\/wp-content\/uploads\/sites\/42\/2019\/01\/10157_4ce5a997.jpg\" class=\"attachment-large size-large wp-image-812\" alt=\"\" srcset=\"https:\/\/falsterbobirdshow.com\/wp-content\/uploads\/sites\/42\/2019\/01\/10157_4ce5a997.jpg 531w, https:\/\/falsterbobirdshow.com\/wp-content\/uploads\/sites\/42\/2019\/01\/10157_4ce5a997-300x200.jpg 300w\" sizes=\"(max-width: 531px) 100vw, 531px\" \/>\t\t\t\t\t\t\t\t\t\t\t\t\t\t\t<\/div>\n\t\t\t\t<\/div>\n\t\t\t\t\t<\/div>\n\t\t<\/div>\n\t\t\t\t<div class=\"elementor-column elementor-col-50 elementor-top-column elementor-element elementor-element-2c19aa1\" data-id=\"2c19aa1\" data-element_type=\"column\" data-e-type=\"column\">\n\t\t\t<div class=\"elementor-widget-wrap elementor-element-populated\">\n\t\t\t\t\t\t<div class=\"elementor-element elementor-element-43b7ac8 elementor-widget elementor-widget-text-editor\" data-id=\"43b7ac8\" data-element_type=\"widget\" data-e-type=\"widget\" data-widget_type=\"text-editor.default\">\n\t\t\t\t<div class=\"elementor-widget-container\">\n\t\t\t\t\t\t\t\t\t<h3>Allm\u00e4nt om exkursionsprogrammet<\/h3><p>Alla exkursioner som sker under m\u00e4ssans \u00f6ppettider annonseras och presenteras innan start av konferencier.<br \/>Samlingsplats f\u00f6r de flesta exkursioner \u00e4r vid\u00a0 grinden\/\u00f6verg\u00e5ngen mellan m\u00e4ssan och Skan\u00f6rs ljung &#8211; om det inte st\u00e5r n\u00e5got annat i texten.\u00a0<\/p><p>De flesta exkursioner varar ca 55 min &#8211; om det inte st\u00e5r n\u00e5got annat i texten.<\/p>\t\t\t\t\t\t\t\t<\/div>\n\t\t\t\t<\/div>\n\t\t\t\t\t<\/div>\n\t\t<\/div>\n\t\t\t\t\t<\/div>\n\t\t<\/section>\n\t\t\t\t<section data-particle_enable=\"false\" data-particle-mobile-disabled=\"false\" class=\"elementor-section elementor-top-section elementor-element elementor-element-8428d7d elementor-section-boxed elementor-section-height-default elementor-section-height-default\" data-id=\"8428d7d\" data-element_type=\"section\" data-e-type=\"section\" data-settings=\"{&quot;jet_parallax_layout_list&quot;:[]}\">\n\t\t\t\t\t\t<div class=\"elementor-container elementor-column-gap-default\">\n\t\t\t\t\t<div class=\"elementor-column elementor-col-100 elementor-top-column elementor-element elementor-element-2d78d98\" data-id=\"2d78d98\" data-element_type=\"column\" data-e-type=\"column\">\n\t\t\t<div class=\"elementor-widget-wrap elementor-element-populated\">\n\t\t\t\t\t\t<div class=\"elementor-element elementor-element-d2f39fb elementor-widget-divider--view-line elementor-widget elementor-widget-divider\" data-id=\"d2f39fb\" data-element_type=\"widget\" data-e-type=\"widget\" data-widget_type=\"divider.default\">\n\t\t\t\t<div class=\"elementor-widget-container\">\n\t\t\t\t\t\t\t<div class=\"elementor-divider\">\n\t\t\t<span class=\"elementor-divider-separator\">\n\t\t\t\t\t\t<\/span>\n\t\t<\/div>\n\t\t\t\t\t\t<\/div>\n\t\t\t\t<\/div>\n\t\t\t\t\t<\/div>\n\t\t<\/div>\n\t\t\t\t\t<\/div>\n\t\t<\/section>\n\t\t\t\t<section data-particle_enable=\"false\" data-particle-mobile-disabled=\"false\" class=\"elementor-section elementor-top-section elementor-element elementor-element-299dc48 elementor-section-boxed elementor-section-height-default elementor-section-height-default\" data-id=\"299dc48\" data-element_type=\"section\" data-e-type=\"section\" data-settings=\"{&quot;jet_parallax_layout_list&quot;:[]}\">\n\t\t\t\t\t\t<div class=\"elementor-container elementor-column-gap-default\">\n\t\t\t\t\t<div class=\"elementor-column elementor-col-100 elementor-top-column elementor-element elementor-element-532f6aa\" data-id=\"532f6aa\" data-element_type=\"column\" data-e-type=\"column\">\n\t\t\t<div class=\"elementor-widget-wrap elementor-element-populated\">\n\t\t\t\t\t\t<div class=\"elementor-element elementor-element-bd19108 elementor-widget elementor-widget-heading\" data-id=\"bd19108\" data-element_type=\"widget\" data-e-type=\"widget\" data-widget_type=\"heading.default\">\n\t\t\t\t<div class=\"elementor-widget-container\">\n\t\t\t\t\t<h2 class=\"elementor-heading-title elementor-size-default\">Friday 30\/8<\/h2>\t\t\t\t<\/div>\n\t\t\t\t<\/div>\n\t\t\t\t<div class=\"elementor-element elementor-element-fa8e5b0 elementor-widget__width-initial elementor-widget elementor-widget-jet-posts\" data-id=\"fa8e5b0\" data-element_type=\"widget\" data-e-type=\"widget\" data-settings=\"{&quot;columns_mobile&quot;:&quot;1&quot;,&quot;columns&quot;:&quot;3&quot;,&quot;slides_to_scroll&quot;:&quot;1&quot;}\" data-widget_type=\"jet-posts.default\">\n\t\t\t\t<div class=\"elementor-widget-container\">\n\t\t\t\t\t<div class=\"elementor-jet-posts jet-elements\"><div class=\"jet-posts col-row\"><\/div>\n<\/div>\t\t\t\t<\/div>\n\t\t\t\t<\/div>\n\t\t\t\t\t<\/div>\n\t\t<\/div>\n\t\t\t\t\t<\/div>\n\t\t<\/section>\n\t\t\t\t<section data-particle_enable=\"false\" data-particle-mobile-disabled=\"false\" class=\"elementor-section elementor-top-section elementor-element elementor-element-5cd5ada elementor-section-boxed elementor-section-height-default elementor-section-height-default\" data-id=\"5cd5ada\" data-element_type=\"section\" data-e-type=\"section\" data-settings=\"{&quot;jet_parallax_layout_list&quot;:[]}\">\n\t\t\t\t\t\t<div class=\"elementor-container elementor-column-gap-default\">\n\t\t\t\t\t<div class=\"elementor-column elementor-col-100 elementor-top-column elementor-element elementor-element-76db356\" data-id=\"76db356\" data-element_type=\"column\" data-e-type=\"column\">\n\t\t\t<div class=\"elementor-widget-wrap elementor-element-populated\">\n\t\t\t\t\t\t<div class=\"elementor-element elementor-element-7e4b406 elementor-widget elementor-widget-heading\" data-id=\"7e4b406\" data-element_type=\"widget\" data-e-type=\"widget\" data-widget_type=\"heading.default\">\n\t\t\t\t<div class=\"elementor-widget-container\">\n\t\t\t\t\t<h2 class=\"elementor-heading-title elementor-size-default\">Saturday 31\/8<\/h2>\t\t\t\t<\/div>\n\t\t\t\t<\/div>\n\t\t\t\t<div class=\"elementor-element elementor-element-30f7e23 elementor-widget__width-initial elementor-widget elementor-widget-jet-posts\" data-id=\"30f7e23\" data-element_type=\"widget\" data-e-type=\"widget\" data-settings=\"{&quot;columns_mobile&quot;:&quot;1&quot;,&quot;columns&quot;:&quot;3&quot;,&quot;slides_to_scroll&quot;:&quot;1&quot;}\" data-widget_type=\"jet-posts.default\">\n\t\t\t\t<div class=\"elementor-widget-container\">\n\t\t\t\t\t<div class=\"elementor-jet-posts jet-elements\"><div class=\"jet-posts col-row\"><\/div>\n<\/div>\t\t\t\t<\/div>\n\t\t\t\t<\/div>\n\t\t\t\t<div class=\"elementor-element elementor-element-d68e190 elementor-widget__width-initial elementor-widget elementor-widget-jet-posts\" data-id=\"d68e190\" data-element_type=\"widget\" data-e-type=\"widget\" data-settings=\"{&quot;columns_mobile&quot;:&quot;1&quot;,&quot;columns&quot;:&quot;3&quot;,&quot;slides_to_scroll&quot;:&quot;1&quot;}\" data-widget_type=\"jet-posts.default\">\n\t\t\t\t<div class=\"elementor-widget-container\">\n\t\t\t\t\t<div class=\"elementor-jet-posts jet-elements\"><div class=\"jet-posts col-row\"><\/div>\n<\/div>\t\t\t\t<\/div>\n\t\t\t\t<\/div>\n\t\t\t\t\t<\/div>\n\t\t<\/div>\n\t\t\t\t\t<\/div>\n\t\t<\/section>\n\t\t\t\t<section data-particle_enable=\"false\" data-particle-mobile-disabled=\"false\" class=\"elementor-section elementor-top-section elementor-element elementor-element-49ae3b6 elementor-section-boxed elementor-section-height-default elementor-section-height-default\" data-id=\"49ae3b6\" data-element_type=\"section\" data-e-type=\"section\" data-settings=\"{&quot;jet_parallax_layout_list&quot;:[]}\">\n\t\t\t\t\t\t<div class=\"elementor-container elementor-column-gap-default\">\n\t\t\t\t\t<div class=\"elementor-column elementor-col-100 elementor-top-column elementor-element elementor-element-85ce20c\" data-id=\"85ce20c\" data-element_type=\"column\" data-e-type=\"column\">\n\t\t\t<div class=\"elementor-widget-wrap elementor-element-populated\">\n\t\t\t\t\t\t<div class=\"elementor-element elementor-element-44c4b63 elementor-widget elementor-widget-heading\" data-id=\"44c4b63\" data-element_type=\"widget\" data-e-type=\"widget\" data-widget_type=\"heading.default\">\n\t\t\t\t<div class=\"elementor-widget-container\">\n\t\t\t\t\t<h2 class=\"elementor-heading-title elementor-size-default\">Sunday 1\/9\n<\/h2>\t\t\t\t<\/div>\n\t\t\t\t<\/div>\n\t\t\t\t<div class=\"elementor-element elementor-element-da8d5e2 elementor-widget__width-initial elementor-widget elementor-widget-jet-posts\" data-id=\"da8d5e2\" data-element_type=\"widget\" data-e-type=\"widget\" data-settings=\"{&quot;columns_mobile&quot;:&quot;1&quot;,&quot;columns&quot;:&quot;3&quot;,&quot;slides_to_scroll&quot;:&quot;1&quot;}\" data-widget_type=\"jet-posts.default\">\n\t\t\t\t<div class=\"elementor-widget-container\">\n\t\t\t\t\t<div class=\"elementor-jet-posts jet-elements\"><div class=\"jet-posts col-row\"><\/div>\n<\/div>\t\t\t\t<\/div>\n\t\t\t\t<\/div>\n\t\t\t\t<div class=\"elementor-element elementor-element-6eadbcb elementor-widget__width-initial elementor-widget elementor-widget-jet-posts\" data-id=\"6eadbcb\" data-element_type=\"widget\" data-e-type=\"widget\" data-settings=\"{&quot;columns_mobile&quot;:&quot;1&quot;,&quot;columns&quot;:&quot;3&quot;,&quot;slides_to_scroll&quot;:&quot;1&quot;}\" data-widget_type=\"jet-posts.default\">\n\t\t\t\t<div class=\"elementor-widget-container\">\n\t\t\t\t\t<div class=\"elementor-jet-posts jet-elements\"><div class=\"jet-posts col-row\"><\/div>\n<\/div>\t\t\t\t<\/div>\n\t\t\t\t<\/div>\n\t\t\t\t\t<\/div>\n\t\t<\/div>\n\t\t\t\t\t<\/div>\n\t\t<\/section>\n\t\t\t\t<\/div>","protected":false},"excerpt":{"rendered":"<p>Allm\u00e4nt om exkursionsprogrammet Alla exkursioner som sker under m\u00e4ssans \u00f6ppettider annonseras och presenteras innan start av konferencier.Samlingsplats f\u00f6r de flesta exkursioner \u00e4r vid\u00a0 grinden\/\u00f6verg\u00e5ngen mellan m\u00e4ssan och Skan\u00f6rs ljung &#8211; [&hellip;]<\/p>\n","protected":false},"author":3,"featured_media":0,"parent":744,"menu_order":0,"comment_status":"closed","ping_status":"closed","template":"templates\/page-right.php","meta":{"_acf_changed":false,"inline_featured_image":false,"footnotes":""},"class_list":["post-2577","page","type-page","status-publish","hentry"],"acf":[],"yoast_head":"<!-- This site is optimized with the Yoast SEO plugin v27.4 - https:\/\/yoast.com\/product\/yoast-seo-wordpress\/ -->\n<title>Exkursioner - Falsterbo Bird Show<\/title>\n<meta name=\"robots\" content=\"index, follow, max-snippet:-1, max-image-preview:large, max-video-preview:-1\" \/>\n<link rel=\"canonical\" href=\"https:\/\/falsterbobirdshow.com\/en\/for-besokare\/program\/exkursioner\/\" \/>\n<meta property=\"og:locale\" content=\"en_GB\" \/>\n<meta property=\"og:type\" content=\"article\" \/>\n<meta property=\"og:title\" content=\"Exkursioner - Falsterbo Bird Show\" \/>\n<meta property=\"og:description\" content=\"Allm\u00e4nt om exkursionsprogrammet Alla exkursioner som sker under m\u00e4ssans \u00f6ppettider annonseras och presenteras innan start av konferencier.Samlingsplats f\u00f6r de flesta exkursioner \u00e4r vid\u00a0 grinden\/\u00f6verg\u00e5ngen mellan m\u00e4ssan och Skan\u00f6rs ljung &#8211; [&hellip;]\" \/>\n<meta property=\"og:url\" content=\"https:\/\/falsterbobirdshow.com\/en\/for-besokare\/program\/exkursioner\/\" \/>\n<meta property=\"og:site_name\" content=\"Falsterbo Bird Show\" \/>\n<meta property=\"article:modified_time\" content=\"2024-07-12T06:17:35+00:00\" \/>\n<meta property=\"og:image\" content=\"https:\/\/falsterbobirdshow.com\/wp-content\/uploads\/sites\/42\/2019\/01\/10157_4ce5a997.jpg\" \/>\n<meta name=\"twitter:card\" content=\"summary_large_image\" \/>\n<meta name=\"twitter:label1\" content=\"Est. reading time\" \/>\n\t<meta name=\"twitter:data1\" content=\"9 minutes\" \/>\n<script type=\"application\/ld+json\" class=\"yoast-schema-graph\">{\"@context\":\"https:\\\/\\\/schema.org\",\"@graph\":[{\"@type\":\"WebPage\",\"@id\":\"https:\\\/\\\/falsterbobirdshow.com\\\/for-besokare\\\/program\\\/exkursioner\\\/\",\"url\":\"https:\\\/\\\/falsterbobirdshow.com\\\/for-besokare\\\/program\\\/exkursioner\\\/\",\"name\":\"Exkursioner - Falsterbo Bird Show\",\"isPartOf\":{\"@id\":\"https:\\\/\\\/falsterbobirdshow.com\\\/#website\"},\"primaryImageOfPage\":{\"@id\":\"https:\\\/\\\/falsterbobirdshow.com\\\/for-besokare\\\/program\\\/exkursioner\\\/#primaryimage\"},\"image\":{\"@id\":\"https:\\\/\\\/falsterbobirdshow.com\\\/for-besokare\\\/program\\\/exkursioner\\\/#primaryimage\"},\"thumbnailUrl\":\"https:\\\/\\\/falsterbobirdshow.com\\\/wp-content\\\/uploads\\\/sites\\\/42\\\/2019\\\/01\\\/10157_4ce5a997.jpg\",\"datePublished\":\"2022-07-21T08:05:01+00:00\",\"dateModified\":\"2024-07-12T06:17:35+00:00\",\"breadcrumb\":{\"@id\":\"https:\\\/\\\/falsterbobirdshow.com\\\/for-besokare\\\/program\\\/exkursioner\\\/#breadcrumb\"},\"inLanguage\":\"en-GB\",\"potentialAction\":[{\"@type\":\"ReadAction\",\"target\":[\"https:\\\/\\\/falsterbobirdshow.com\\\/for-besokare\\\/program\\\/exkursioner\\\/\"]}]},{\"@type\":\"ImageObject\",\"inLanguage\":\"en-GB\",\"@id\":\"https:\\\/\\\/falsterbobirdshow.com\\\/for-besokare\\\/program\\\/exkursioner\\\/#primaryimage\",\"url\":\"https:\\\/\\\/falsterbobirdshow.com\\\/wp-content\\\/uploads\\\/sites\\\/42\\\/2019\\\/01\\\/10157_4ce5a997.jpg\",\"contentUrl\":\"https:\\\/\\\/falsterbobirdshow.com\\\/wp-content\\\/uploads\\\/sites\\\/42\\\/2019\\\/01\\\/10157_4ce5a997.jpg\"},{\"@type\":\"BreadcrumbList\",\"@id\":\"https:\\\/\\\/falsterbobirdshow.com\\\/for-besokare\\\/program\\\/exkursioner\\\/#breadcrumb\",\"itemListElement\":[{\"@type\":\"ListItem\",\"position\":1,\"name\":\"Home\",\"item\":\"https:\\\/\\\/falsterbobirdshow.com\\\/\"},{\"@type\":\"ListItem\",\"position\":2,\"name\":\"F\u00f6r bes\u00f6kare\",\"item\":\"https:\\\/\\\/falsterbobirdshow.com\\\/for-besokare\\\/\"},{\"@type\":\"ListItem\",\"position\":3,\"name\":\"Program f\u00f6r Falsterbo Bird Show\",\"item\":\"https:\\\/\\\/falsterbobirdshow.com\\\/for-besokare\\\/program\\\/\"},{\"@type\":\"ListItem\",\"position\":4,\"name\":\"Exkursioner\"}]},{\"@type\":\"WebSite\",\"@id\":\"https:\\\/\\\/falsterbobirdshow.com\\\/#website\",\"url\":\"https:\\\/\\\/falsterbobirdshow.com\\\/\",\"name\":\"Falsterbo Bird Show\",\"description\":\"Falsterbo Bird Show 30 aug \u2013 1 Sep\",\"publisher\":{\"@id\":\"https:\\\/\\\/falsterbobirdshow.com\\\/#organization\"},\"potentialAction\":[{\"@type\":\"SearchAction\",\"target\":{\"@type\":\"EntryPoint\",\"urlTemplate\":\"https:\\\/\\\/falsterbobirdshow.com\\\/?s={search_term_string}\"},\"query-input\":{\"@type\":\"PropertyValueSpecification\",\"valueRequired\":true,\"valueName\":\"search_term_string\"}}],\"inLanguage\":\"en-GB\"},{\"@type\":\"Organization\",\"@id\":\"https:\\\/\\\/falsterbobirdshow.com\\\/#organization\",\"name\":\"Falsterbo Bird Show\",\"url\":\"https:\\\/\\\/falsterbobirdshow.com\\\/\",\"logo\":{\"@type\":\"ImageObject\",\"inLanguage\":\"en-GB\",\"@id\":\"https:\\\/\\\/falsterbobirdshow.com\\\/#\\\/schema\\\/logo\\\/image\\\/\",\"url\":\"https:\\\/\\\/cdn.birdlife.se\\\/wp-content\\\/uploads\\\/sites\\\/42\\\/2024\\\/02\\\/FBS-logo-rund-bla.png\",\"contentUrl\":\"https:\\\/\\\/cdn.birdlife.se\\\/wp-content\\\/uploads\\\/sites\\\/42\\\/2024\\\/02\\\/FBS-logo-rund-bla.png\",\"width\":1160,\"height\":1160,\"caption\":\"Falsterbo Bird Show\"},\"image\":{\"@id\":\"https:\\\/\\\/falsterbobirdshow.com\\\/#\\\/schema\\\/logo\\\/image\\\/\"}}]}<\/script>\n<!-- \/ Yoast SEO plugin. -->","yoast_head_json":{"title":"Exkursioner - Falsterbo Bird Show","robots":{"index":"index","follow":"follow","max-snippet":"max-snippet:-1","max-image-preview":"max-image-preview:large","max-video-preview":"max-video-preview:-1"},"canonical":"https:\/\/falsterbobirdshow.com\/en\/for-besokare\/program\/exkursioner\/","og_locale":"en_GB","og_type":"article","og_title":"Exkursioner - Falsterbo Bird Show","og_description":"Allm\u00e4nt om exkursionsprogrammet Alla exkursioner som sker under m\u00e4ssans \u00f6ppettider annonseras och presenteras innan start av konferencier.Samlingsplats f\u00f6r de flesta exkursioner \u00e4r vid\u00a0 grinden\/\u00f6verg\u00e5ngen mellan m\u00e4ssan och Skan\u00f6rs ljung &#8211; [&hellip;]","og_url":"https:\/\/falsterbobirdshow.com\/en\/for-besokare\/program\/exkursioner\/","og_site_name":"Falsterbo Bird Show","article_modified_time":"2024-07-12T06:17:35+00:00","og_image":[{"url":"https:\/\/falsterbobirdshow.com\/wp-content\/uploads\/sites\/42\/2019\/01\/10157_4ce5a997.jpg","type":"","width":"","height":""}],"twitter_card":"summary_large_image","twitter_misc":{"Est. reading time":"9 minutes"},"schema":{"@context":"https:\/\/schema.org","@graph":[{"@type":"WebPage","@id":"https:\/\/falsterbobirdshow.com\/for-besokare\/program\/exkursioner\/","url":"https:\/\/falsterbobirdshow.com\/for-besokare\/program\/exkursioner\/","name":"Exkursioner - Falsterbo Bird Show","isPartOf":{"@id":"https:\/\/falsterbobirdshow.com\/#website"},"primaryImageOfPage":{"@id":"https:\/\/falsterbobirdshow.com\/for-besokare\/program\/exkursioner\/#primaryimage"},"image":{"@id":"https:\/\/falsterbobirdshow.com\/for-besokare\/program\/exkursioner\/#primaryimage"},"thumbnailUrl":"https:\/\/falsterbobirdshow.com\/wp-content\/uploads\/sites\/42\/2019\/01\/10157_4ce5a997.jpg","datePublished":"2022-07-21T08:05:01+00:00","dateModified":"2024-07-12T06:17:35+00:00","breadcrumb":{"@id":"https:\/\/falsterbobirdshow.com\/for-besokare\/program\/exkursioner\/#breadcrumb"},"inLanguage":"en-GB","potentialAction":[{"@type":"ReadAction","target":["https:\/\/falsterbobirdshow.com\/for-besokare\/program\/exkursioner\/"]}]},{"@type":"ImageObject","inLanguage":"en-GB","@id":"https:\/\/falsterbobirdshow.com\/for-besokare\/program\/exkursioner\/#primaryimage","url":"https:\/\/falsterbobirdshow.com\/wp-content\/uploads\/sites\/42\/2019\/01\/10157_4ce5a997.jpg","contentUrl":"https:\/\/falsterbobirdshow.com\/wp-content\/uploads\/sites\/42\/2019\/01\/10157_4ce5a997.jpg"},{"@type":"BreadcrumbList","@id":"https:\/\/falsterbobirdshow.com\/for-besokare\/program\/exkursioner\/#breadcrumb","itemListElement":[{"@type":"ListItem","position":1,"name":"Home","item":"https:\/\/falsterbobirdshow.com\/"},{"@type":"ListItem","position":2,"name":"F\u00f6r bes\u00f6kare","item":"https:\/\/falsterbobirdshow.com\/for-besokare\/"},{"@type":"ListItem","position":3,"name":"Program f\u00f6r Falsterbo Bird Show","item":"https:\/\/falsterbobirdshow.com\/for-besokare\/program\/"},{"@type":"ListItem","position":4,"name":"Exkursioner"}]},{"@type":"WebSite","@id":"https:\/\/falsterbobirdshow.com\/#website","url":"https:\/\/falsterbobirdshow.com\/","name":"Falsterbo Bird Show","description":"Falsterbo Bird Show 30 aug \u2013 1 Sep","publisher":{"@id":"https:\/\/falsterbobirdshow.com\/#organization"},"potentialAction":[{"@type":"SearchAction","target":{"@type":"EntryPoint","urlTemplate":"https:\/\/falsterbobirdshow.com\/?s={search_term_string}"},"query-input":{"@type":"PropertyValueSpecification","valueRequired":true,"valueName":"search_term_string"}}],"inLanguage":"en-GB"},{"@type":"Organization","@id":"https:\/\/falsterbobirdshow.com\/#organization","name":"Falsterbo Bird Show","url":"https:\/\/falsterbobirdshow.com\/","logo":{"@type":"ImageObject","inLanguage":"en-GB","@id":"https:\/\/falsterbobirdshow.com\/#\/schema\/logo\/image\/","url":"https:\/\/cdn.birdlife.se\/wp-content\/uploads\/sites\/42\/2024\/02\/FBS-logo-rund-bla.png","contentUrl":"https:\/\/cdn.birdlife.se\/wp-content\/uploads\/sites\/42\/2024\/02\/FBS-logo-rund-bla.png","width":1160,"height":1160,"caption":"Falsterbo Bird Show"},"image":{"@id":"https:\/\/falsterbobirdshow.com\/#\/schema\/logo\/image\/"}}]}},"_links":{"self":[{"href":"https:\/\/falsterbobirdshow.com\/en\/wp-json\/wp\/v2\/pages\/2577","targetHints":{"allow":["GET"]}}],"collection":[{"href":"https:\/\/falsterbobirdshow.com\/en\/wp-json\/wp\/v2\/pages"}],"about":[{"href":"https:\/\/falsterbobirdshow.com\/en\/wp-json\/wp\/v2\/types\/page"}],"author":[{"embeddable":true,"href":"https:\/\/falsterbobirdshow.com\/en\/wp-json\/wp\/v2\/users\/3"}],"replies":[{"embeddable":true,"href":"https:\/\/falsterbobirdshow.com\/en\/wp-json\/wp\/v2\/comments?post=2577"}],"version-history":[{"count":59,"href":"https:\/\/falsterbobirdshow.com\/en\/wp-json\/wp\/v2\/pages\/2577\/revisions"}],"predecessor-version":[{"id":7346,"href":"https:\/\/falsterbobirdshow.com\/en\/wp-json\/wp\/v2\/pages\/2577\/revisions\/7346"}],"up":[{"embeddable":true,"href":"https:\/\/falsterbobirdshow.com\/en\/wp-json\/wp\/v2\/pages\/744"}],"wp:attachment":[{"href":"https:\/\/falsterbobirdshow.com\/en\/wp-json\/wp\/v2\/media?parent=2577"}],"curies":[{"name":"wp","href":"https:\/\/api.w.org\/{rel}","templated":true}]}}