{"id":2575,"date":"2022-07-21T10:04:30","date_gmt":"2022-07-21T08:04:30","guid":{"rendered":"https:\/\/falsterbobirdshow.com\/?page_id=2575"},"modified":"2024-07-11T11:57:03","modified_gmt":"2024-07-11T09:57:03","slug":"barnaktiviteter","status":"publish","type":"page","link":"https:\/\/falsterbobirdshow.com\/en\/for-besokare\/program\/barnaktiviteter\/","title":{"rendered":"Activities for children"},"content":{"rendered":"<div data-elementor-type=\"wp-page\" data-elementor-id=\"2575\" class=\"elementor elementor-2575\" data-elementor-post-type=\"page\">\n\t\t\t\t\t\t<section data-particle_enable=\"false\" data-particle-mobile-disabled=\"false\" class=\"elementor-section elementor-top-section elementor-element elementor-element-ab35eda elementor-section-boxed elementor-section-height-default elementor-section-height-default\" data-id=\"ab35eda\" data-element_type=\"section\" data-e-type=\"section\" data-settings=\"{&quot;jet_parallax_layout_list&quot;:[]}\">\n\t\t\t\t\t\t<div class=\"elementor-container elementor-column-gap-default\">\n\t\t\t\t\t<div class=\"elementor-column elementor-col-50 elementor-top-column elementor-element elementor-element-92bc229\" data-id=\"92bc229\" data-element_type=\"column\" data-e-type=\"column\">\n\t\t\t<div class=\"elementor-widget-wrap elementor-element-populated\">\n\t\t\t\t\t\t<div class=\"elementor-element elementor-element-9fe4934 elementor-widget elementor-widget-image\" data-id=\"9fe4934\" data-element_type=\"widget\" data-e-type=\"widget\" data-widget_type=\"image.default\">\n\t\t\t\t<div class=\"elementor-widget-container\">\n\t\t\t\t\t\t\t\t\t\t\t\t\t\t\t<img fetchpriority=\"high\" decoding=\"async\" width=\"766\" height=\"1024\" src=\"https:\/\/cdn.birdlife.se\/wp-content\/uploads\/sites\/42\/2021\/08\/Barnhand-766x1024.jpg\" class=\"attachment-large size-large wp-image-1962\" alt=\"\" srcset=\"https:\/\/cdn.birdlife.se\/wp-content\/uploads\/sites\/42\/2021\/08\/Barnhand-766x1024.jpg 766w, https:\/\/cdn.birdlife.se\/wp-content\/uploads\/sites\/42\/2021\/08\/Barnhand-225x300.jpg 225w, https:\/\/cdn.birdlife.se\/wp-content\/uploads\/sites\/42\/2021\/08\/Barnhand-768x1026.jpg 768w, https:\/\/cdn.birdlife.se\/wp-content\/uploads\/sites\/42\/2021\/08\/Barnhand-300x400.jpg 300w, https:\/\/cdn.birdlife.se\/wp-content\/uploads\/sites\/42\/2021\/08\/Barnhand-rotated.jpg 958w\" sizes=\"(max-width: 766px) 100vw, 766px\" \/>\t\t\t\t\t\t\t\t\t\t\t\t\t\t\t<\/div>\n\t\t\t\t<\/div>\n\t\t\t\t\t<\/div>\n\t\t<\/div>\n\t\t\t\t<div class=\"elementor-column elementor-col-50 elementor-top-column elementor-element elementor-element-ed1f71c\" data-id=\"ed1f71c\" data-element_type=\"column\" data-e-type=\"column\">\n\t\t\t<div class=\"elementor-widget-wrap elementor-element-populated\">\n\t\t\t\t\t\t<div class=\"elementor-element elementor-element-d1e1014 elementor-widget elementor-widget-text-editor\" data-id=\"d1e1014\" data-element_type=\"widget\" data-e-type=\"widget\" data-widget_type=\"text-editor.default\">\n\t\t\t\t<div class=\"elementor-widget-container\">\n\t\t\t\t\t\t\t\t\t<p>Massor av aktiviteter f\u00f6r barn!<\/p><p>I \u00e5r med fokus p\u00e5 f\u00e5glarnas, insekternas och de andra djurens tr\u00e4dg\u00e5rd<\/p><p>\u00a0<\/p><p>Barnt\u00e4ltet \u00e4r \u00f6ppet under hela m\u00e4ssan. D\u00e4rinne kan du:<\/p><ul><li>Bygga ett insektshotell<\/li><li>S\u00e5 fr\u00f6n f\u00f6r insekternas skull<\/li><li>Pr\u00f6va handkikare och tubkikare<\/li><li>M\u00e5la ett vykort och skicka det till en v\u00e4n som vill mata f\u00e5glar<\/li><li>L\u00e4ra dig mer om hur man bygger holkar och matar f\u00e5glar<\/li><li>G\u00f6ra naturuppdrag<\/li><li>Uppt\u00e4cka sp\u00e4nnande g\u00f6mda djur i den vilda tr\u00e4dg\u00e5rden i t\u00e4ltet<\/li><li>G\u00e5 tipspromenad<\/li><\/ul>\t\t\t\t\t\t\t\t<\/div>\n\t\t\t\t<\/div>\n\t\t\t\t\t<\/div>\n\t\t<\/div>\n\t\t\t\t\t<\/div>\n\t\t<\/section>\n\t\t\t\t<section data-particle_enable=\"false\" data-particle-mobile-disabled=\"false\" class=\"elementor-section elementor-top-section elementor-element elementor-element-fedf618 elementor-section-boxed elementor-section-height-default elementor-section-height-default\" data-id=\"fedf618\" data-element_type=\"section\" data-e-type=\"section\" data-settings=\"{&quot;jet_parallax_layout_list&quot;:[]}\">\n\t\t\t\t\t\t<div class=\"elementor-container elementor-column-gap-default\">\n\t\t\t\t\t<div class=\"elementor-column elementor-col-100 elementor-top-column elementor-element elementor-element-b83a12f\" data-id=\"b83a12f\" data-element_type=\"column\" data-e-type=\"column\">\n\t\t\t<div class=\"elementor-widget-wrap elementor-element-populated\">\n\t\t\t\t\t\t<div class=\"elementor-element elementor-element-091a308 elementor-widget-divider--view-line elementor-widget elementor-widget-divider\" data-id=\"091a308\" data-element_type=\"widget\" data-e-type=\"widget\" data-widget_type=\"divider.default\">\n\t\t\t\t<div class=\"elementor-widget-container\">\n\t\t\t\t\t\t\t<div class=\"elementor-divider\">\n\t\t\t<span class=\"elementor-divider-separator\">\n\t\t\t\t\t\t<\/span>\n\t\t<\/div>\n\t\t\t\t\t\t<\/div>\n\t\t\t\t<\/div>\n\t\t\t\t\t<\/div>\n\t\t<\/div>\n\t\t\t\t\t<\/div>\n\t\t<\/section>\n\t\t\t\t<section data-particle_enable=\"false\" data-particle-mobile-disabled=\"false\" class=\"elementor-section elementor-top-section elementor-element elementor-element-27a2d55 elementor-section-boxed elementor-section-height-default elementor-section-height-default\" data-id=\"27a2d55\" data-element_type=\"section\" data-e-type=\"section\" data-settings=\"{&quot;jet_parallax_layout_list&quot;:[]}\">\n\t\t\t\t\t\t<div class=\"elementor-container elementor-column-gap-default\">\n\t\t\t\t\t<div class=\"elementor-column elementor-col-100 elementor-top-column elementor-element elementor-element-04b6e10\" data-id=\"04b6e10\" data-element_type=\"column\" data-e-type=\"column\">\n\t\t\t<div class=\"elementor-widget-wrap elementor-element-populated\">\n\t\t\t\t\t\t<div class=\"elementor-element elementor-element-7ab9eeb elementor-widget elementor-widget-jet-posts\" data-id=\"7ab9eeb\" data-element_type=\"widget\" data-e-type=\"widget\" data-settings=\"{&quot;columns&quot;:&quot;1&quot;}\" data-widget_type=\"jet-posts.default\">\n\t\t\t\t<div class=\"elementor-widget-container\">\n\t\t\t\t\t<div class=\"elementor-jet-posts jet-elements\"><div class=\"jet-posts col-row\"><\/div>\n<\/div>\t\t\t\t<\/div>\n\t\t\t\t<\/div>\n\t\t\t\t\t<\/div>\n\t\t<\/div>\n\t\t\t\t\t<\/div>\n\t\t<\/section>\n\t\t\t\t<section data-particle_enable=\"false\" data-particle-mobile-disabled=\"false\" class=\"elementor-section elementor-top-section elementor-element elementor-element-8e76c9c elementor-section-boxed elementor-section-height-default elementor-section-height-default\" data-id=\"8e76c9c\" data-element_type=\"section\" data-e-type=\"section\" data-settings=\"{&quot;jet_parallax_layout_list&quot;:[]}\">\n\t\t\t\t\t\t<div class=\"elementor-container elementor-column-gap-default\">\n\t\t\t\t\t<div class=\"elementor-column elementor-col-100 elementor-top-column elementor-element elementor-element-8058e06\" data-id=\"8058e06\" data-element_type=\"column\" data-e-type=\"column\">\n\t\t\t<div class=\"elementor-widget-wrap elementor-element-populated\">\n\t\t\t\t\t\t<div class=\"elementor-element elementor-element-0e8f3f0 elementor-widget elementor-widget-jet-posts\" data-id=\"0e8f3f0\" data-element_type=\"widget\" data-e-type=\"widget\" data-settings=\"{&quot;columns&quot;:&quot;1&quot;}\" data-widget_type=\"jet-posts.default\">\n\t\t\t\t<div class=\"elementor-widget-container\">\n\t\t\t\t\t<div class=\"elementor-jet-posts jet-elements\"><div class=\"jet-posts col-row\"><\/div>\n<\/div>\t\t\t\t<\/div>\n\t\t\t\t<\/div>\n\t\t\t\t\t<\/div>\n\t\t<\/div>\n\t\t\t\t\t<\/div>\n\t\t<\/section>\n\t\t\t\t<section data-particle_enable=\"false\" data-particle-mobile-disabled=\"false\" class=\"elementor-section elementor-top-section elementor-element elementor-element-bab850c elementor-section-boxed elementor-section-height-default elementor-section-height-default\" data-id=\"bab850c\" data-element_type=\"section\" data-e-type=\"section\" data-settings=\"{&quot;jet_parallax_layout_list&quot;:[]}\">\n\t\t\t\t\t\t<div class=\"elementor-container elementor-column-gap-default\">\n\t\t\t\t\t<div class=\"elementor-column elementor-col-100 elementor-top-column elementor-element elementor-element-ff878cc\" data-id=\"ff878cc\" data-element_type=\"column\" data-e-type=\"column\">\n\t\t\t<div class=\"elementor-widget-wrap elementor-element-populated\">\n\t\t\t\t\t\t<div class=\"elementor-element elementor-element-e1c7d93 elementor-widget elementor-widget-jet-posts\" data-id=\"e1c7d93\" data-element_type=\"widget\" data-e-type=\"widget\" data-settings=\"{&quot;columns&quot;:&quot;1&quot;}\" data-widget_type=\"jet-posts.default\">\n\t\t\t\t<div class=\"elementor-widget-container\">\n\t\t\t\t\t<div class=\"elementor-jet-posts jet-elements\"><div class=\"jet-posts col-row\"><\/div>\n<\/div>\t\t\t\t<\/div>\n\t\t\t\t<\/div>\n\t\t\t\t\t<\/div>\n\t\t<\/div>\n\t\t\t\t\t<\/div>\n\t\t<\/section>\n\t\t\t\t<\/div>","protected":false},"excerpt":{"rendered":"<p>Massor av aktiviteter f\u00f6r barn! I \u00e5r med fokus p\u00e5 f\u00e5glarnas, insekternas och de andra djurens tr\u00e4dg\u00e5rd \u00a0 Barnt\u00e4ltet \u00e4r \u00f6ppet under hela m\u00e4ssan. D\u00e4rinne kan du: Bygga ett insektshotell [&hellip;]<\/p>\n","protected":false},"author":3,"featured_media":0,"parent":744,"menu_order":0,"comment_status":"closed","ping_status":"closed","template":"templates\/page-right.php","meta":{"_acf_changed":false,"inline_featured_image":false,"footnotes":""},"class_list":["post-2575","page","type-page","status-publish","hentry"],"acf":[],"yoast_head":"<!-- This site is optimized with the Yoast SEO plugin v27.4 - https:\/\/yoast.com\/product\/yoast-seo-wordpress\/ -->\n<title>Barnaktiviteter - Falsterbo Bird Show<\/title>\n<meta name=\"robots\" content=\"index, follow, max-snippet:-1, max-image-preview:large, max-video-preview:-1\" \/>\n<link rel=\"canonical\" href=\"https:\/\/falsterbobirdshow.com\/en\/for-besokare\/program\/barnaktiviteter\/\" \/>\n<meta property=\"og:locale\" content=\"en_GB\" \/>\n<meta property=\"og:type\" content=\"article\" \/>\n<meta property=\"og:title\" content=\"Barnaktiviteter - Falsterbo Bird Show\" \/>\n<meta property=\"og:description\" content=\"Massor av aktiviteter f\u00f6r barn! I \u00e5r med fokus p\u00e5 f\u00e5glarnas, insekternas och de andra djurens tr\u00e4dg\u00e5rd \u00a0 Barnt\u00e4ltet \u00e4r \u00f6ppet under hela m\u00e4ssan. D\u00e4rinne kan du: Bygga ett insektshotell [&hellip;]\" \/>\n<meta property=\"og:url\" content=\"https:\/\/falsterbobirdshow.com\/en\/for-besokare\/program\/barnaktiviteter\/\" \/>\n<meta property=\"og:site_name\" content=\"Falsterbo Bird Show\" \/>\n<meta property=\"article:modified_time\" content=\"2024-07-11T09:57:03+00:00\" \/>\n<meta property=\"og:image\" content=\"https:\/\/falsterbobirdshow.com\/wp-content\/uploads\/sites\/42\/2021\/08\/Barnhand-766x1024.jpg\" \/>\n<meta name=\"twitter:card\" content=\"summary_large_image\" \/>\n<meta name=\"twitter:label1\" content=\"Est. reading time\" \/>\n\t<meta name=\"twitter:data1\" content=\"1 minute\" \/>\n<script type=\"application\/ld+json\" class=\"yoast-schema-graph\">{\"@context\":\"https:\\\/\\\/schema.org\",\"@graph\":[{\"@type\":\"WebPage\",\"@id\":\"https:\\\/\\\/falsterbobirdshow.com\\\/for-besokare\\\/program\\\/barnaktiviteter\\\/\",\"url\":\"https:\\\/\\\/falsterbobirdshow.com\\\/for-besokare\\\/program\\\/barnaktiviteter\\\/\",\"name\":\"Barnaktiviteter - Falsterbo Bird Show\",\"isPartOf\":{\"@id\":\"https:\\\/\\\/falsterbobirdshow.com\\\/#website\"},\"primaryImageOfPage\":{\"@id\":\"https:\\\/\\\/falsterbobirdshow.com\\\/for-besokare\\\/program\\\/barnaktiviteter\\\/#primaryimage\"},\"image\":{\"@id\":\"https:\\\/\\\/falsterbobirdshow.com\\\/for-besokare\\\/program\\\/barnaktiviteter\\\/#primaryimage\"},\"thumbnailUrl\":\"https:\\\/\\\/falsterbobirdshow.com\\\/wp-content\\\/uploads\\\/sites\\\/42\\\/2021\\\/08\\\/Barnhand-766x1024.jpg\",\"datePublished\":\"2022-07-21T08:04:30+00:00\",\"dateModified\":\"2024-07-11T09:57:03+00:00\",\"breadcrumb\":{\"@id\":\"https:\\\/\\\/falsterbobirdshow.com\\\/for-besokare\\\/program\\\/barnaktiviteter\\\/#breadcrumb\"},\"inLanguage\":\"en-GB\",\"potentialAction\":[{\"@type\":\"ReadAction\",\"target\":[\"https:\\\/\\\/falsterbobirdshow.com\\\/for-besokare\\\/program\\\/barnaktiviteter\\\/\"]}]},{\"@type\":\"ImageObject\",\"inLanguage\":\"en-GB\",\"@id\":\"https:\\\/\\\/falsterbobirdshow.com\\\/for-besokare\\\/program\\\/barnaktiviteter\\\/#primaryimage\",\"url\":\"https:\\\/\\\/falsterbobirdshow.com\\\/wp-content\\\/uploads\\\/sites\\\/42\\\/2021\\\/08\\\/Barnhand-766x1024.jpg\",\"contentUrl\":\"https:\\\/\\\/falsterbobirdshow.com\\\/wp-content\\\/uploads\\\/sites\\\/42\\\/2021\\\/08\\\/Barnhand-766x1024.jpg\"},{\"@type\":\"BreadcrumbList\",\"@id\":\"https:\\\/\\\/falsterbobirdshow.com\\\/for-besokare\\\/program\\\/barnaktiviteter\\\/#breadcrumb\",\"itemListElement\":[{\"@type\":\"ListItem\",\"position\":1,\"name\":\"Home\",\"item\":\"https:\\\/\\\/falsterbobirdshow.com\\\/\"},{\"@type\":\"ListItem\",\"position\":2,\"name\":\"F\u00f6r bes\u00f6kare\",\"item\":\"https:\\\/\\\/falsterbobirdshow.com\\\/for-besokare\\\/\"},{\"@type\":\"ListItem\",\"position\":3,\"name\":\"Program f\u00f6r Falsterbo Bird Show\",\"item\":\"https:\\\/\\\/falsterbobirdshow.com\\\/for-besokare\\\/program\\\/\"},{\"@type\":\"ListItem\",\"position\":4,\"name\":\"Barnaktiviteter\"}]},{\"@type\":\"WebSite\",\"@id\":\"https:\\\/\\\/falsterbobirdshow.com\\\/#website\",\"url\":\"https:\\\/\\\/falsterbobirdshow.com\\\/\",\"name\":\"Falsterbo Bird Show\",\"description\":\"Falsterbo Bird Show 30 aug \u2013 1 Sep\",\"publisher\":{\"@id\":\"https:\\\/\\\/falsterbobirdshow.com\\\/#organization\"},\"potentialAction\":[{\"@type\":\"SearchAction\",\"target\":{\"@type\":\"EntryPoint\",\"urlTemplate\":\"https:\\\/\\\/falsterbobirdshow.com\\\/?s={search_term_string}\"},\"query-input\":{\"@type\":\"PropertyValueSpecification\",\"valueRequired\":true,\"valueName\":\"search_term_string\"}}],\"inLanguage\":\"en-GB\"},{\"@type\":\"Organization\",\"@id\":\"https:\\\/\\\/falsterbobirdshow.com\\\/#organization\",\"name\":\"Falsterbo Bird Show\",\"url\":\"https:\\\/\\\/falsterbobirdshow.com\\\/\",\"logo\":{\"@type\":\"ImageObject\",\"inLanguage\":\"en-GB\",\"@id\":\"https:\\\/\\\/falsterbobirdshow.com\\\/#\\\/schema\\\/logo\\\/image\\\/\",\"url\":\"https:\\\/\\\/cdn.birdlife.se\\\/wp-content\\\/uploads\\\/sites\\\/42\\\/2024\\\/02\\\/FBS-logo-rund-bla.png\",\"contentUrl\":\"https:\\\/\\\/cdn.birdlife.se\\\/wp-content\\\/uploads\\\/sites\\\/42\\\/2024\\\/02\\\/FBS-logo-rund-bla.png\",\"width\":1160,\"height\":1160,\"caption\":\"Falsterbo Bird Show\"},\"image\":{\"@id\":\"https:\\\/\\\/falsterbobirdshow.com\\\/#\\\/schema\\\/logo\\\/image\\\/\"}}]}<\/script>\n<!-- \/ Yoast SEO plugin. -->","yoast_head_json":{"title":"Barnaktiviteter - Falsterbo Bird Show","robots":{"index":"index","follow":"follow","max-snippet":"max-snippet:-1","max-image-preview":"max-image-preview:large","max-video-preview":"max-video-preview:-1"},"canonical":"https:\/\/falsterbobirdshow.com\/en\/for-besokare\/program\/barnaktiviteter\/","og_locale":"en_GB","og_type":"article","og_title":"Barnaktiviteter - Falsterbo Bird Show","og_description":"Massor av aktiviteter f\u00f6r barn! I \u00e5r med fokus p\u00e5 f\u00e5glarnas, insekternas och de andra djurens tr\u00e4dg\u00e5rd \u00a0 Barnt\u00e4ltet \u00e4r \u00f6ppet under hela m\u00e4ssan. D\u00e4rinne kan du: Bygga ett insektshotell [&hellip;]","og_url":"https:\/\/falsterbobirdshow.com\/en\/for-besokare\/program\/barnaktiviteter\/","og_site_name":"Falsterbo Bird Show","article_modified_time":"2024-07-11T09:57:03+00:00","og_image":[{"url":"https:\/\/falsterbobirdshow.com\/wp-content\/uploads\/sites\/42\/2021\/08\/Barnhand-766x1024.jpg","type":"","width":"","height":""}],"twitter_card":"summary_large_image","twitter_misc":{"Est. reading time":"1 minute"},"schema":{"@context":"https:\/\/schema.org","@graph":[{"@type":"WebPage","@id":"https:\/\/falsterbobirdshow.com\/for-besokare\/program\/barnaktiviteter\/","url":"https:\/\/falsterbobirdshow.com\/for-besokare\/program\/barnaktiviteter\/","name":"Barnaktiviteter - Falsterbo Bird Show","isPartOf":{"@id":"https:\/\/falsterbobirdshow.com\/#website"},"primaryImageOfPage":{"@id":"https:\/\/falsterbobirdshow.com\/for-besokare\/program\/barnaktiviteter\/#primaryimage"},"image":{"@id":"https:\/\/falsterbobirdshow.com\/for-besokare\/program\/barnaktiviteter\/#primaryimage"},"thumbnailUrl":"https:\/\/falsterbobirdshow.com\/wp-content\/uploads\/sites\/42\/2021\/08\/Barnhand-766x1024.jpg","datePublished":"2022-07-21T08:04:30+00:00","dateModified":"2024-07-11T09:57:03+00:00","breadcrumb":{"@id":"https:\/\/falsterbobirdshow.com\/for-besokare\/program\/barnaktiviteter\/#breadcrumb"},"inLanguage":"en-GB","potentialAction":[{"@type":"ReadAction","target":["https:\/\/falsterbobirdshow.com\/for-besokare\/program\/barnaktiviteter\/"]}]},{"@type":"ImageObject","inLanguage":"en-GB","@id":"https:\/\/falsterbobirdshow.com\/for-besokare\/program\/barnaktiviteter\/#primaryimage","url":"https:\/\/falsterbobirdshow.com\/wp-content\/uploads\/sites\/42\/2021\/08\/Barnhand-766x1024.jpg","contentUrl":"https:\/\/falsterbobirdshow.com\/wp-content\/uploads\/sites\/42\/2021\/08\/Barnhand-766x1024.jpg"},{"@type":"BreadcrumbList","@id":"https:\/\/falsterbobirdshow.com\/for-besokare\/program\/barnaktiviteter\/#breadcrumb","itemListElement":[{"@type":"ListItem","position":1,"name":"Home","item":"https:\/\/falsterbobirdshow.com\/"},{"@type":"ListItem","position":2,"name":"F\u00f6r bes\u00f6kare","item":"https:\/\/falsterbobirdshow.com\/for-besokare\/"},{"@type":"ListItem","position":3,"name":"Program f\u00f6r Falsterbo Bird Show","item":"https:\/\/falsterbobirdshow.com\/for-besokare\/program\/"},{"@type":"ListItem","position":4,"name":"Barnaktiviteter"}]},{"@type":"WebSite","@id":"https:\/\/falsterbobirdshow.com\/#website","url":"https:\/\/falsterbobirdshow.com\/","name":"Falsterbo Bird Show","description":"Falsterbo Bird Show 30 aug \u2013 1 Sep","publisher":{"@id":"https:\/\/falsterbobirdshow.com\/#organization"},"potentialAction":[{"@type":"SearchAction","target":{"@type":"EntryPoint","urlTemplate":"https:\/\/falsterbobirdshow.com\/?s={search_term_string}"},"query-input":{"@type":"PropertyValueSpecification","valueRequired":true,"valueName":"search_term_string"}}],"inLanguage":"en-GB"},{"@type":"Organization","@id":"https:\/\/falsterbobirdshow.com\/#organization","name":"Falsterbo Bird Show","url":"https:\/\/falsterbobirdshow.com\/","logo":{"@type":"ImageObject","inLanguage":"en-GB","@id":"https:\/\/falsterbobirdshow.com\/#\/schema\/logo\/image\/","url":"https:\/\/cdn.birdlife.se\/wp-content\/uploads\/sites\/42\/2024\/02\/FBS-logo-rund-bla.png","contentUrl":"https:\/\/cdn.birdlife.se\/wp-content\/uploads\/sites\/42\/2024\/02\/FBS-logo-rund-bla.png","width":1160,"height":1160,"caption":"Falsterbo Bird Show"},"image":{"@id":"https:\/\/falsterbobirdshow.com\/#\/schema\/logo\/image\/"}}]}},"_links":{"self":[{"href":"https:\/\/falsterbobirdshow.com\/en\/wp-json\/wp\/v2\/pages\/2575","targetHints":{"allow":["GET"]}}],"collection":[{"href":"https:\/\/falsterbobirdshow.com\/en\/wp-json\/wp\/v2\/pages"}],"about":[{"href":"https:\/\/falsterbobirdshow.com\/en\/wp-json\/wp\/v2\/types\/page"}],"author":[{"embeddable":true,"href":"https:\/\/falsterbobirdshow.com\/en\/wp-json\/wp\/v2\/users\/3"}],"replies":[{"embeddable":true,"href":"https:\/\/falsterbobirdshow.com\/en\/wp-json\/wp\/v2\/comments?post=2575"}],"version-history":[{"count":31,"href":"https:\/\/falsterbobirdshow.com\/en\/wp-json\/wp\/v2\/pages\/2575\/revisions"}],"predecessor-version":[{"id":7206,"href":"https:\/\/falsterbobirdshow.com\/en\/wp-json\/wp\/v2\/pages\/2575\/revisions\/7206"}],"up":[{"embeddable":true,"href":"https:\/\/falsterbobirdshow.com\/en\/wp-json\/wp\/v2\/pages\/744"}],"wp:attachment":[{"href":"https:\/\/falsterbobirdshow.com\/en\/wp-json\/wp\/v2\/media?parent=2575"}],"curies":[{"name":"wp","href":"https:\/\/api.w.org\/{rel}","templated":true}]}}