{"id":1194,"date":"2019-06-16T10:32:47","date_gmt":"2019-06-16T08:32:47","guid":{"rendered":"https:\/\/falsterbobirdshow.com\/?page_id=1194"},"modified":"2024-08-01T16:02:02","modified_gmt":"2024-08-01T14:02:02","slug":"hitta-hit","status":"publish","type":"page","link":"https:\/\/falsterbobirdshow.com\/en\/for-besokare\/hitta-hit\/","title":{"rendered":"Directions"},"content":{"rendered":"\t\t<div data-elementor-type=\"wp-post\" data-elementor-id=\"1194\" class=\"elementor elementor-1194\" data-elementor-post-type=\"page\">\n\t\t\t\t\t\t<section data-particle_enable=\"false\" data-particle-mobile-disabled=\"false\" class=\"elementor-section elementor-top-section elementor-element elementor-element-6e218be elementor-section-boxed elementor-section-height-default elementor-section-height-default\" data-id=\"6e218be\" data-element_type=\"section\" data-e-type=\"section\" data-settings=\"{&quot;jet_parallax_layout_list&quot;:[{&quot;jet_parallax_layout_image&quot;:{&quot;url&quot;:&quot;&quot;,&quot;id&quot;:&quot;&quot;,&quot;size&quot;:&quot;&quot;},&quot;_id&quot;:&quot;9910f4a&quot;,&quot;jet_parallax_layout_speed&quot;:{&quot;unit&quot;:&quot;%&quot;,&quot;size&quot;:&quot;50&quot;,&quot;sizes&quot;:[]},&quot;jet_parallax_layout_image_tablet&quot;:{&quot;url&quot;:&quot;&quot;,&quot;id&quot;:&quot;&quot;,&quot;size&quot;:&quot;&quot;},&quot;jet_parallax_layout_image_mobile&quot;:{&quot;url&quot;:&quot;&quot;,&quot;id&quot;:&quot;&quot;,&quot;size&quot;:&quot;&quot;},&quot;jet_parallax_layout_type&quot;:&quot;scroll&quot;,&quot;jet_parallax_layout_direction&quot;:&quot;1&quot;,&quot;jet_parallax_layout_fx_direction&quot;:null,&quot;jet_parallax_layout_z_index&quot;:&quot;&quot;,&quot;jet_parallax_layout_bg_x&quot;:50,&quot;jet_parallax_layout_bg_x_tablet&quot;:&quot;&quot;,&quot;jet_parallax_layout_bg_x_mobile&quot;:&quot;&quot;,&quot;jet_parallax_layout_bg_y&quot;:50,&quot;jet_parallax_layout_bg_y_tablet&quot;:&quot;&quot;,&quot;jet_parallax_layout_bg_y_mobile&quot;:&quot;&quot;,&quot;jet_parallax_layout_bg_size&quot;:&quot;auto&quot;,&quot;jet_parallax_layout_bg_size_tablet&quot;:&quot;&quot;,&quot;jet_parallax_layout_bg_size_mobile&quot;:&quot;&quot;,&quot;jet_parallax_layout_animation_prop&quot;:&quot;transform&quot;,&quot;jet_parallax_layout_on&quot;:[&quot;desktop&quot;,&quot;tablet&quot;]}]}\">\n\t\t\t\t\t\t<div class=\"elementor-container elementor-column-gap-default\">\n\t\t\t\t\t<div class=\"elementor-column elementor-col-100 elementor-top-column elementor-element elementor-element-1ff139d\" data-id=\"1ff139d\" data-element_type=\"column\" data-e-type=\"column\">\n\t\t\t<div class=\"elementor-widget-wrap elementor-element-populated\">\n\t\t\t\t\t\t<div class=\"elementor-element elementor-element-b4a5c46 elementor-widget elementor-widget-google_maps\" data-id=\"b4a5c46\" data-element_type=\"widget\" data-e-type=\"widget\" data-widget_type=\"google_maps.default\">\n\t\t\t\t<div class=\"elementor-widget-container\">\n\t\t\t\t\t\t\t<div class=\"elementor-custom-embed\">\n\t\t\t<iframe loading=\"lazy\"\n\t\t\t\t\tsrc=\"https:\/\/maps.google.com\/maps?q=Skan%C3%B6rs%20ljung%2C%20Falsterbo&#038;t=m&#038;z=11&#038;output=embed&#038;iwloc=near\"\n\t\t\t\t\ttitle=\"Skan\u00f6rs ljung, Falsterbo\"\n\t\t\t\t\taria-label=\"Skan\u00f6rs ljung, Falsterbo\"\n\t\t\t><\/iframe>\n\t\t<\/div>\n\t\t\t\t\t\t<\/div>\n\t\t\t\t<\/div>\n\t\t\t\t\t<\/div>\n\t\t<\/div>\n\t\t\t\t\t<\/div>\n\t\t<\/section>\n\t\t\t\t<section data-particle_enable=\"false\" data-particle-mobile-disabled=\"false\" class=\"elementor-section elementor-top-section elementor-element elementor-element-f88b3fd elementor-section-boxed elementor-section-height-default elementor-section-height-default\" data-id=\"f88b3fd\" data-element_type=\"section\" data-e-type=\"section\" data-settings=\"{&quot;jet_parallax_layout_list&quot;:[{&quot;jet_parallax_layout_image&quot;:{&quot;url&quot;:&quot;&quot;,&quot;id&quot;:&quot;&quot;,&quot;size&quot;:&quot;&quot;},&quot;_id&quot;:&quot;8f7e07e&quot;,&quot;jet_parallax_layout_speed&quot;:{&quot;unit&quot;:&quot;%&quot;,&quot;size&quot;:&quot;50&quot;,&quot;sizes&quot;:[]},&quot;jet_parallax_layout_image_tablet&quot;:{&quot;url&quot;:&quot;&quot;,&quot;id&quot;:&quot;&quot;,&quot;size&quot;:&quot;&quot;},&quot;jet_parallax_layout_image_mobile&quot;:{&quot;url&quot;:&quot;&quot;,&quot;id&quot;:&quot;&quot;,&quot;size&quot;:&quot;&quot;},&quot;jet_parallax_layout_type&quot;:&quot;scroll&quot;,&quot;jet_parallax_layout_direction&quot;:&quot;1&quot;,&quot;jet_parallax_layout_fx_direction&quot;:null,&quot;jet_parallax_layout_z_index&quot;:&quot;&quot;,&quot;jet_parallax_layout_bg_x&quot;:50,&quot;jet_parallax_layout_bg_x_tablet&quot;:&quot;&quot;,&quot;jet_parallax_layout_bg_x_mobile&quot;:&quot;&quot;,&quot;jet_parallax_layout_bg_y&quot;:50,&quot;jet_parallax_layout_bg_y_tablet&quot;:&quot;&quot;,&quot;jet_parallax_layout_bg_y_mobile&quot;:&quot;&quot;,&quot;jet_parallax_layout_bg_size&quot;:&quot;auto&quot;,&quot;jet_parallax_layout_bg_size_tablet&quot;:&quot;&quot;,&quot;jet_parallax_layout_bg_size_mobile&quot;:&quot;&quot;,&quot;jet_parallax_layout_animation_prop&quot;:&quot;transform&quot;,&quot;jet_parallax_layout_on&quot;:[&quot;desktop&quot;,&quot;tablet&quot;]}]}\">\n\t\t\t\t\t\t<div class=\"elementor-container elementor-column-gap-default\">\n\t\t\t\t\t<div class=\"elementor-column elementor-col-100 elementor-top-column elementor-element elementor-element-33b18c8\" data-id=\"33b18c8\" data-element_type=\"column\" data-e-type=\"column\">\n\t\t\t<div class=\"elementor-widget-wrap elementor-element-populated\">\n\t\t\t\t\t\t<div class=\"elementor-element elementor-element-0dfd296 elementor-widget__width-initial elementor-widget elementor-widget-text-editor\" data-id=\"0dfd296\" data-element_type=\"widget\" data-e-type=\"widget\" data-widget_type=\"text-editor.default\">\n\t\t\t\t<div class=\"elementor-widget-container\">\n\t\t\t\t\t\t\t\t\t<h2>Ta bussen till Falsterbo Bird Show!<\/h2>\n<p><em>Falsterbokanal bro\u00f6ppningstider kl 6.00, 8.00<\/em><em>, 10.00, 12.00, 14.00, 16.00, 18.00, 20.00, 22.00.<\/em><\/p>\n<p>Res smart, ta bussen, slipp parkering och njut av utsikten!<\/p>\n<p>Linje 15 fr\u00e5n Malm\u00f6 C, 300 fr\u00e5n Malm\u00f6 Hyllie och 146 eller 181 fr\u00e5n Trelleborg tar dig till oss.<\/p>\n<p>Hoppa av vid h\u00e5llplats Skan\u00f6r Haga och promenera mot Falsterbo Camping &amp; Resort &#8211; gl\u00f6m inte att titta upp mot rovf\u00e5gelstrecket ovan.<\/p>\n<p>Eller sitt kvar p\u00e5 buss 300 f\u00f6r en rundtur runt Skan\u00f6r-Falsterbo och kliv av vid \u00e4ndh\u00e5llplatsen Falsterbo Strandbad.<\/p>\n<p><strong>&nbsp;<br>Restid med buss till Skan\u00f6r Haga:<\/strong><br>42 min fr\u00e5n Malm\u00f6 C (med bil 40 min)<br>29 min fr\u00e5n Hyllie (med bil 28 min)<br>54 min fr\u00e5n Trelleborg (linje 146 byte Vellinge \u00e4ngar till linje 15 eller 300, linje 181 byte H\u00f6llviken \u00d6stra Hal\u00f6rsv\u00e4gen till linje 15 eller 300)<\/p>\n<p><strong><br>F\u00f6r exakta avg\u00e5ngar, se Sk\u00e5netrafiken:<\/strong><br><a href=\"https:\/\/www.skanetrafiken.se\/\" target=\"_blank\" rel=\"noopener\">Reseplaneraren Sk\u00e5netrafiken<\/a><\/p>\n<p><\/p>\t\t\t\t\t\t\t\t<\/div>\n\t\t\t\t<\/div>\n\t\t\t\t\t<\/div>\n\t\t<\/div>\n\t\t\t\t\t<\/div>\n\t\t<\/section>\n\t\t\t\t<section data-particle_enable=\"false\" data-particle-mobile-disabled=\"false\" class=\"elementor-section elementor-top-section elementor-element elementor-element-c38389e elementor-section-boxed elementor-section-height-default elementor-section-height-default\" data-id=\"c38389e\" data-element_type=\"section\" data-e-type=\"section\" data-settings=\"{&quot;jet_parallax_layout_list&quot;:[{&quot;jet_parallax_layout_image&quot;:{&quot;url&quot;:&quot;&quot;,&quot;id&quot;:&quot;&quot;,&quot;size&quot;:&quot;&quot;},&quot;_id&quot;:&quot;702bab7&quot;,&quot;jet_parallax_layout_speed&quot;:{&quot;unit&quot;:&quot;%&quot;,&quot;size&quot;:&quot;50&quot;,&quot;sizes&quot;:[]},&quot;jet_parallax_layout_image_tablet&quot;:{&quot;url&quot;:&quot;&quot;,&quot;id&quot;:&quot;&quot;,&quot;size&quot;:&quot;&quot;},&quot;jet_parallax_layout_image_mobile&quot;:{&quot;url&quot;:&quot;&quot;,&quot;id&quot;:&quot;&quot;,&quot;size&quot;:&quot;&quot;},&quot;jet_parallax_layout_type&quot;:&quot;scroll&quot;,&quot;jet_parallax_layout_direction&quot;:&quot;1&quot;,&quot;jet_parallax_layout_fx_direction&quot;:null,&quot;jet_parallax_layout_z_index&quot;:&quot;&quot;,&quot;jet_parallax_layout_bg_x&quot;:50,&quot;jet_parallax_layout_bg_x_tablet&quot;:&quot;&quot;,&quot;jet_parallax_layout_bg_x_mobile&quot;:&quot;&quot;,&quot;jet_parallax_layout_bg_y&quot;:50,&quot;jet_parallax_layout_bg_y_tablet&quot;:&quot;&quot;,&quot;jet_parallax_layout_bg_y_mobile&quot;:&quot;&quot;,&quot;jet_parallax_layout_bg_size&quot;:&quot;auto&quot;,&quot;jet_parallax_layout_bg_size_tablet&quot;:&quot;&quot;,&quot;jet_parallax_layout_bg_size_mobile&quot;:&quot;&quot;,&quot;jet_parallax_layout_animation_prop&quot;:&quot;transform&quot;,&quot;jet_parallax_layout_on&quot;:[&quot;desktop&quot;,&quot;tablet&quot;]}]}\">\n\t\t\t\t\t\t<div class=\"elementor-container elementor-column-gap-default\">\n\t\t\t\t\t<div class=\"elementor-column elementor-col-100 elementor-top-column elementor-element elementor-element-5defafd\" data-id=\"5defafd\" data-element_type=\"column\" data-e-type=\"column\">\n\t\t\t<div class=\"elementor-widget-wrap elementor-element-populated\">\n\t\t\t\t\t\t<div class=\"elementor-element elementor-element-5a9d64e elementor-widget elementor-widget-text-editor\" data-id=\"5a9d64e\" data-element_type=\"widget\" data-e-type=\"widget\" data-widget_type=\"text-editor.default\">\n\t\t\t\t<div class=\"elementor-widget-container\">\n\t\t\t\t\t\t\t\t\t<p>Din slutdestination \u00e4r:<\/p><p>Skan\u00f6rs Ljung<\/p><p>Intill Falsterbo Camping &amp; Resort<\/p><p>Reutersw\u00e4rds v\u00e4g 1<\/p><p>239 42 Falsterbo<\/p>\t\t\t\t\t\t\t\t<\/div>\n\t\t\t\t<\/div>\n\t\t\t\t\t<\/div>\n\t\t<\/div>\n\t\t\t\t\t<\/div>\n\t\t<\/section>\n\t\t\t\t<\/div>\n\t\t","protected":false},"excerpt":{"rendered":"<p>Ta bussen till Falsterbo Bird Show! Falsterbokanal bro\u00f6ppningstider kl 6.00, 8.00, 10.00, 12.00, 14.00, 16.00, 18.00, 20.00, 22.00. Res smart, ta bussen, slipp parkering och njut av utsikten! Linje 15 [&hellip;]<\/p>\n","protected":false},"author":62,"featured_media":0,"parent":891,"menu_order":2,"comment_status":"closed","ping_status":"closed","template":"templates\/page-right.php","meta":{"_acf_changed":false,"inline_featured_image":false,"footnotes":""},"class_list":["post-1194","page","type-page","status-publish","hentry"],"acf":[],"yoast_head":"<!-- This site is optimized with the Yoast SEO plugin v27.2 - https:\/\/yoast.com\/product\/yoast-seo-wordpress\/ -->\n<title>Hitta hit - Falsterbo Bird Show<\/title>\n<meta name=\"robots\" content=\"index, follow, max-snippet:-1, max-image-preview:large, max-video-preview:-1\" \/>\n<link rel=\"canonical\" href=\"https:\/\/falsterbobirdshow.com\/en\/for-besokare\/hitta-hit\/\" \/>\n<meta property=\"og:locale\" content=\"en_GB\" \/>\n<meta property=\"og:type\" content=\"article\" \/>\n<meta property=\"og:title\" content=\"Hitta hit - Falsterbo Bird Show\" \/>\n<meta property=\"og:description\" content=\"Ta bussen till Falsterbo Bird Show! Falsterbokanal bro\u00f6ppningstider kl 6.00, 8.00, 10.00, 12.00, 14.00, 16.00, 18.00, 20.00, 22.00. Res smart, ta bussen, slipp parkering och njut av utsikten! Linje 15 [&hellip;]\" \/>\n<meta property=\"og:url\" content=\"https:\/\/falsterbobirdshow.com\/en\/for-besokare\/hitta-hit\/\" \/>\n<meta property=\"og:site_name\" content=\"Falsterbo Bird Show\" \/>\n<meta property=\"article:modified_time\" content=\"2024-08-01T14:02:02+00:00\" \/>\n<meta name=\"twitter:card\" content=\"summary_large_image\" \/>\n<meta name=\"twitter:label1\" content=\"Est. reading time\" \/>\n\t<meta name=\"twitter:data1\" content=\"1 minute\" \/>\n<script type=\"application\/ld+json\" class=\"yoast-schema-graph\">{\"@context\":\"https:\/\/schema.org\",\"@graph\":[{\"@type\":\"WebPage\",\"@id\":\"https:\/\/falsterbobirdshow.com\/for-besokare\/hitta-hit\/\",\"url\":\"https:\/\/falsterbobirdshow.com\/for-besokare\/hitta-hit\/\",\"name\":\"Hitta hit - Falsterbo Bird Show\",\"isPartOf\":{\"@id\":\"https:\/\/falsterbobirdshow.com\/#website\"},\"datePublished\":\"2019-06-16T08:32:47+00:00\",\"dateModified\":\"2024-08-01T14:02:02+00:00\",\"breadcrumb\":{\"@id\":\"https:\/\/falsterbobirdshow.com\/for-besokare\/hitta-hit\/#breadcrumb\"},\"inLanguage\":\"en-GB\",\"potentialAction\":[{\"@type\":\"ReadAction\",\"target\":[\"https:\/\/falsterbobirdshow.com\/for-besokare\/hitta-hit\/\"]}]},{\"@type\":\"BreadcrumbList\",\"@id\":\"https:\/\/falsterbobirdshow.com\/for-besokare\/hitta-hit\/#breadcrumb\",\"itemListElement\":[{\"@type\":\"ListItem\",\"position\":1,\"name\":\"Home\",\"item\":\"https:\/\/falsterbobirdshow.com\/\"},{\"@type\":\"ListItem\",\"position\":2,\"name\":\"F\u00f6r bes\u00f6kare\",\"item\":\"https:\/\/falsterbobirdshow.com\/for-besokare\/\"},{\"@type\":\"ListItem\",\"position\":3,\"name\":\"Hitta hit\"}]},{\"@type\":\"WebSite\",\"@id\":\"https:\/\/falsterbobirdshow.com\/#website\",\"url\":\"https:\/\/falsterbobirdshow.com\/\",\"name\":\"Falsterbo Bird Show\",\"description\":\"Falsterbo Bird Show 30 aug \u2013 1 Sep\",\"publisher\":{\"@id\":\"https:\/\/falsterbobirdshow.com\/#organization\"},\"potentialAction\":[{\"@type\":\"SearchAction\",\"target\":{\"@type\":\"EntryPoint\",\"urlTemplate\":\"https:\/\/falsterbobirdshow.com\/?s={search_term_string}\"},\"query-input\":{\"@type\":\"PropertyValueSpecification\",\"valueRequired\":true,\"valueName\":\"search_term_string\"}}],\"inLanguage\":\"en-GB\"},{\"@type\":\"Organization\",\"@id\":\"https:\/\/falsterbobirdshow.com\/#organization\",\"name\":\"Falsterbo Bird Show\",\"url\":\"https:\/\/falsterbobirdshow.com\/\",\"logo\":{\"@type\":\"ImageObject\",\"inLanguage\":\"en-GB\",\"@id\":\"https:\/\/falsterbobirdshow.com\/#\/schema\/logo\/image\/\",\"url\":\"https:\/\/cdn.birdlife.se\/wp-content\/uploads\/sites\/42\/2024\/02\/FBS-logo-rund-bla.png\",\"contentUrl\":\"https:\/\/cdn.birdlife.se\/wp-content\/uploads\/sites\/42\/2024\/02\/FBS-logo-rund-bla.png\",\"width\":1160,\"height\":1160,\"caption\":\"Falsterbo Bird Show\"},\"image\":{\"@id\":\"https:\/\/falsterbobirdshow.com\/#\/schema\/logo\/image\/\"}}]}<\/script>\n<!-- \/ Yoast SEO plugin. -->","yoast_head_json":{"title":"Hitta hit - Falsterbo Bird Show","robots":{"index":"index","follow":"follow","max-snippet":"max-snippet:-1","max-image-preview":"max-image-preview:large","max-video-preview":"max-video-preview:-1"},"canonical":"https:\/\/falsterbobirdshow.com\/en\/for-besokare\/hitta-hit\/","og_locale":"en_GB","og_type":"article","og_title":"Hitta hit - Falsterbo Bird Show","og_description":"Ta bussen till Falsterbo Bird Show! Falsterbokanal bro\u00f6ppningstider kl 6.00, 8.00, 10.00, 12.00, 14.00, 16.00, 18.00, 20.00, 22.00. Res smart, ta bussen, slipp parkering och njut av utsikten! Linje 15 [&hellip;]","og_url":"https:\/\/falsterbobirdshow.com\/en\/for-besokare\/hitta-hit\/","og_site_name":"Falsterbo Bird Show","article_modified_time":"2024-08-01T14:02:02+00:00","twitter_card":"summary_large_image","twitter_misc":{"Est. reading time":"1 minute"},"schema":{"@context":"https:\/\/schema.org","@graph":[{"@type":"WebPage","@id":"https:\/\/falsterbobirdshow.com\/for-besokare\/hitta-hit\/","url":"https:\/\/falsterbobirdshow.com\/for-besokare\/hitta-hit\/","name":"Hitta hit - Falsterbo Bird Show","isPartOf":{"@id":"https:\/\/falsterbobirdshow.com\/#website"},"datePublished":"2019-06-16T08:32:47+00:00","dateModified":"2024-08-01T14:02:02+00:00","breadcrumb":{"@id":"https:\/\/falsterbobirdshow.com\/for-besokare\/hitta-hit\/#breadcrumb"},"inLanguage":"en-GB","potentialAction":[{"@type":"ReadAction","target":["https:\/\/falsterbobirdshow.com\/for-besokare\/hitta-hit\/"]}]},{"@type":"BreadcrumbList","@id":"https:\/\/falsterbobirdshow.com\/for-besokare\/hitta-hit\/#breadcrumb","itemListElement":[{"@type":"ListItem","position":1,"name":"Home","item":"https:\/\/falsterbobirdshow.com\/"},{"@type":"ListItem","position":2,"name":"F\u00f6r bes\u00f6kare","item":"https:\/\/falsterbobirdshow.com\/for-besokare\/"},{"@type":"ListItem","position":3,"name":"Hitta hit"}]},{"@type":"WebSite","@id":"https:\/\/falsterbobirdshow.com\/#website","url":"https:\/\/falsterbobirdshow.com\/","name":"Falsterbo Bird Show","description":"Falsterbo Bird Show 30 aug \u2013 1 Sep","publisher":{"@id":"https:\/\/falsterbobirdshow.com\/#organization"},"potentialAction":[{"@type":"SearchAction","target":{"@type":"EntryPoint","urlTemplate":"https:\/\/falsterbobirdshow.com\/?s={search_term_string}"},"query-input":{"@type":"PropertyValueSpecification","valueRequired":true,"valueName":"search_term_string"}}],"inLanguage":"en-GB"},{"@type":"Organization","@id":"https:\/\/falsterbobirdshow.com\/#organization","name":"Falsterbo Bird Show","url":"https:\/\/falsterbobirdshow.com\/","logo":{"@type":"ImageObject","inLanguage":"en-GB","@id":"https:\/\/falsterbobirdshow.com\/#\/schema\/logo\/image\/","url":"https:\/\/cdn.birdlife.se\/wp-content\/uploads\/sites\/42\/2024\/02\/FBS-logo-rund-bla.png","contentUrl":"https:\/\/cdn.birdlife.se\/wp-content\/uploads\/sites\/42\/2024\/02\/FBS-logo-rund-bla.png","width":1160,"height":1160,"caption":"Falsterbo Bird Show"},"image":{"@id":"https:\/\/falsterbobirdshow.com\/#\/schema\/logo\/image\/"}}]}},"_links":{"self":[{"href":"https:\/\/falsterbobirdshow.com\/en\/wp-json\/wp\/v2\/pages\/1194","targetHints":{"allow":["GET"]}}],"collection":[{"href":"https:\/\/falsterbobirdshow.com\/en\/wp-json\/wp\/v2\/pages"}],"about":[{"href":"https:\/\/falsterbobirdshow.com\/en\/wp-json\/wp\/v2\/types\/page"}],"author":[{"embeddable":true,"href":"https:\/\/falsterbobirdshow.com\/en\/wp-json\/wp\/v2\/users\/62"}],"replies":[{"embeddable":true,"href":"https:\/\/falsterbobirdshow.com\/en\/wp-json\/wp\/v2\/comments?post=1194"}],"version-history":[{"count":63,"href":"https:\/\/falsterbobirdshow.com\/en\/wp-json\/wp\/v2\/pages\/1194\/revisions"}],"predecessor-version":[{"id":7823,"href":"https:\/\/falsterbobirdshow.com\/en\/wp-json\/wp\/v2\/pages\/1194\/revisions\/7823"}],"up":[{"embeddable":true,"href":"https:\/\/falsterbobirdshow.com\/en\/wp-json\/wp\/v2\/pages\/891"}],"wp:attachment":[{"href":"https:\/\/falsterbobirdshow.com\/en\/wp-json\/wp\/v2\/media?parent=1194"}],"curies":[{"name":"wp","href":"https:\/\/api.w.org\/{rel}","templated":true}]}}